{"id":54466,"date":"2022-02-21T14:34:32","date_gmt":"2022-02-21T13:34:32","guid":{"rendered":"https:\/\/octaedro.com\/libro\/cuando-las-palabras-no-alcanzan\/"},"modified":"2023-03-08T12:20:31","modified_gmt":"2023-03-08T11:20:31","slug":"cuando-las-palabras-no-alcanzan-2","status":"publish","type":"product","link":"https:\/\/wizardly-davinci.82-223-8-23.plesk.page\/en\/producto\/cuando-las-palabras-no-alcanzan-2\/","title":{"rendered":"Cuando las palabras no alcanzan&#8230;"},"content":{"rendered":"","protected":false},"excerpt":{"rendered":"<p>\u00bfQu\u00e9 piensan los ni\u00f1os?, \u00bfqu\u00e9 sienten?, \u00bfcu\u00e1l es su forma de ver la realidad? Ad\u00e9ntrate en su mundo m\u00e1s \u00edntimo y aprende a identificar sus emociones y sentimientos a trav\u00e9s del dibujo infantil.<\/p>\n<p>La expresi\u00f3n pl\u00e1stica es un medio a trav\u00e9s del cual los peque\u00f1os experimentan sus diferentes posibilidades art\u00edsticas, ponen en pr\u00e1ctica su creatividad, su concentraci\u00f3n y su atenci\u00f3n, y expresan sus vivencias, sentimientos, emociones, miedos\u2026, toda una actividad relajante con la cual desahogan sus frustraciones y liberan tensiones, una v\u00eda que los ayuda a entender y regular sus emociones. Un medio que nos ayuda a comprender mejor su mundo.<\/p>\n<p>La educaci\u00f3n emocional es clave para el correcto desarrollo del ni\u00f1o. Como todos, necesita saber qu\u00e9 siente, por qu\u00e9 lo siente y c\u00f3mo ha de reaccionar ante la experimentaci\u00f3n de diferentes emociones en situaciones adversas. Una regulaci\u00f3n emocional adecuada ser\u00e1 la clave del \u00e9xito personal en su vida adulta. \u00bfC\u00f3mo podemos ayudarlo? \u00a1Pinta, dibuja y colorea! Porque dibujar ya ha dejado de ser una forma de entretenerse o de perder el tiempo, \u00a1dibujar es crecer! <\/p>\n<p>En este libro descubrir\u00e1s el v\u00ednculo que se establece entre la educaci\u00f3n emocional y el dibujo infantil, a trav\u00e9s de una buena pr\u00e1ctica educativa en la que se analizan las diferentes expresiones de algunos de los dibujos realizados por ni\u00f1os de distintas edades con la colaboraci\u00f3n, apoyo y ayuda de sus padres.<\/p>\n","protected":false},"featured_media":54441,"comment_status":"open","ping_status":"closed","template":"","meta":{"_et_pb_use_builder":"","_et_pb_old_content":"","_et_gb_content_width":""},"product_cat":[11899,11858,11859,11912],"product_tag":[11892],"edicion":[12199,11865],"editoriales":[11867],"tienda":[],"autor_id":[19637,19639],"universidades_coeditoras":[],"palabras_clave":[],"listado_alfabetico":[],"acf":[],"_links":{"self":[{"href":"https:\/\/wizardly-davinci.82-223-8-23.plesk.page\/en\/wp-json\/wp\/v2\/product\/54466"}],"collection":[{"href":"https:\/\/wizardly-davinci.82-223-8-23.plesk.page\/en\/wp-json\/wp\/v2\/product"}],"about":[{"href":"https:\/\/wizardly-davinci.82-223-8-23.plesk.page\/en\/wp-json\/wp\/v2\/types\/product"}],"replies":[{"embeddable":true,"href":"https:\/\/wizardly-davinci.82-223-8-23.plesk.page\/en\/wp-json\/wp\/v2\/comments?post=54466"}],"wp:featuredmedia":[{"embeddable":true,"href":"https:\/\/wizardly-davinci.82-223-8-23.plesk.page\/en\/wp-json\/wp\/v2\/media\/54441"}],"wp:attachment":[{"href":"https:\/\/wizardly-davinci.82-223-8-23.plesk.page\/en\/wp-json\/wp\/v2\/media?parent=54466"}],"wp:term":[{"taxonomy":"product_cat","embeddable":true,"href":"https:\/\/wizardly-davinci.82-223-8-23.plesk.page\/en\/wp-json\/wp\/v2\/product_cat?post=54466"},{"taxonomy":"product_tag","embeddable":true,"href":"https:\/\/wizardly-davinci.82-223-8-23.plesk.page\/en\/wp-json\/wp\/v2\/product_tag?post=54466"},{"taxonomy":"edicion","embeddable":true,"href":"https:\/\/wizardly-davinci.82-223-8-23.plesk.page\/en\/wp-json\/wp\/v2\/edicion?post=54466"},{"taxonomy":"editoriales","embeddable":true,"href":"https:\/\/wizardly-davinci.82-223-8-23.plesk.page\/en\/wp-json\/wp\/v2\/editoriales?post=54466"},{"taxonomy":"tienda","embeddable":true,"href":"https:\/\/wizardly-davinci.82-223-8-23.plesk.page\/en\/wp-json\/wp\/v2\/tienda?post=54466"},{"taxonomy":"autor_id","embeddable":true,"href":"https:\/\/wizardly-davinci.82-223-8-23.plesk.page\/en\/wp-json\/wp\/v2\/autor_id?post=54466"},{"taxonomy":"universidades_coeditoras","embeddable":true,"href":"https:\/\/wizardly-davinci.82-223-8-23.plesk.page\/en\/wp-json\/wp\/v2\/universidades_coeditoras?post=54466"},{"taxonomy":"palabras_clave","embeddable":true,"href":"https:\/\/wizardly-davinci.82-223-8-23.plesk.page\/en\/wp-json\/wp\/v2\/palabras_clave?post=54466"},{"taxonomy":"listado_alfabetico","embeddable":true,"href":"https:\/\/wizardly-davinci.82-223-8-23.plesk.page\/en\/wp-json\/wp\/v2\/listado_alfabetico?post=54466"}],"curies":[{"name":"wp","href":"https:\/\/api.w.org\/{rel}","templated":true}]}}