{"id":54467,"date":"2020-10-26T18:57:02","date_gmt":"2020-10-26T17:57:02","guid":{"rendered":"https:\/\/octaedro.com\/libro\/papiro-anastasi-i\/"},"modified":"2023-03-08T12:20:31","modified_gmt":"2023-03-08T11:20:31","slug":"papiro-anastasi-i-2","status":"publish","type":"product","link":"https:\/\/wizardly-davinci.82-223-8-23.plesk.page\/en\/producto\/papiro-anastasi-i-2\/","title":{"rendered":"Papiro Anastasi I"},"content":{"rendered":"","protected":false},"excerpt":{"rendered":"<p>El Imperio Nuevo del Egipto antiguo ha revelado la existencia de obras de un valor incalculable, entre ellas, el <em>Papiro Anastasi I<\/em>, publicado ahora por vez primera en castellano, texto de excepcional vigencia que concentra el saber cient\u00edfico y humanista adquirido por aquella civilizaci\u00f3n.<\/p>\n<p>Este manuscrito, que asombra por lo que sugiere y oculta, invita al lector a descifrar un mundo que se torna nuestro, cercano, vital con sus ense\u00f1anzas m\u00e1s all\u00e1 de su \u00e9poca.<\/p>\n<p>Los temas investigados en este libro, inspirados por la sensibilidad e inteligencia del autor del papiro, implican a varias disciplinas que entrelazan la antropolog\u00eda, la psicolog\u00eda, la historia, la filolog\u00eda, la sociolog\u00eda, las matem\u00e1ticas, la econom\u00eda, la geograf\u00eda, la filosof\u00eda, la bot\u00e1nica, la pol\u00edtica, la pedagog\u00eda y la \u00e9tica, con una ret\u00f3rica brillante que testimonia la realidad de un entorno ilustrado donde se trazan las claves para una sociedad mejor. En ellas se intuyen otros mensajes por descubrir, de los cuales trata este volumen bajo el t\u00edtulo <em>Papiro Anastasi I. La puesta en escena de la s\u00e1tira<\/em>, elevando la imaginaci\u00f3n del lector hacia la alegr\u00eda de hacer sus propios hallazgos.<\/p>\n<p>Hay otras lecciones que acompa\u00f1an tambi\u00e9n a este escrito fundacional: cuando todo parece perdido, la iron\u00eda restablece la confianza de que siempre hay otra forma de ser y de vivir. En esta dimensi\u00f3n existencial, se contienen igualmente aqu\u00ed decisivas aportaciones, cuyo potencial, a la vez que nos maravilla, nos transforma.<\/p>\n<p>De ah\u00ed la trascendencia de este documento Patrimonio de la Humanidad y de la libertad por la cultura, la vida.<\/p>\n","protected":false},"featured_media":52630,"comment_status":"open","ping_status":"closed","template":"","meta":{"_et_pb_use_builder":"","_et_pb_old_content":"","_et_gb_content_width":""},"product_cat":[11858,11859],"product_tag":[11860],"edicion":[11865],"editoriales":[14863],"tienda":[],"autor_id":[19641],"universidades_coeditoras":[],"palabras_clave":[],"listado_alfabetico":[],"acf":[],"_links":{"self":[{"href":"https:\/\/wizardly-davinci.82-223-8-23.plesk.page\/en\/wp-json\/wp\/v2\/product\/54467"}],"collection":[{"href":"https:\/\/wizardly-davinci.82-223-8-23.plesk.page\/en\/wp-json\/wp\/v2\/product"}],"about":[{"href":"https:\/\/wizardly-davinci.82-223-8-23.plesk.page\/en\/wp-json\/wp\/v2\/types\/product"}],"replies":[{"embeddable":true,"href":"https:\/\/wizardly-davinci.82-223-8-23.plesk.page\/en\/wp-json\/wp\/v2\/comments?post=54467"}],"wp:featuredmedia":[{"embeddable":true,"href":"https:\/\/wizardly-davinci.82-223-8-23.plesk.page\/en\/wp-json\/wp\/v2\/media\/52630"}],"wp:attachment":[{"href":"https:\/\/wizardly-davinci.82-223-8-23.plesk.page\/en\/wp-json\/wp\/v2\/media?parent=54467"}],"wp:term":[{"taxonomy":"product_cat","embeddable":true,"href":"https:\/\/wizardly-davinci.82-223-8-23.plesk.page\/en\/wp-json\/wp\/v2\/product_cat?post=54467"},{"taxonomy":"product_tag","embeddable":true,"href":"https:\/\/wizardly-davinci.82-223-8-23.plesk.page\/en\/wp-json\/wp\/v2\/product_tag?post=54467"},{"taxonomy":"edicion","embeddable":true,"href":"https:\/\/wizardly-davinci.82-223-8-23.plesk.page\/en\/wp-json\/wp\/v2\/edicion?post=54467"},{"taxonomy":"editoriales","embeddable":true,"href":"https:\/\/wizardly-davinci.82-223-8-23.plesk.page\/en\/wp-json\/wp\/v2\/editoriales?post=54467"},{"taxonomy":"tienda","embeddable":true,"href":"https:\/\/wizardly-davinci.82-223-8-23.plesk.page\/en\/wp-json\/wp\/v2\/tienda?post=54467"},{"taxonomy":"autor_id","embeddable":true,"href":"https:\/\/wizardly-davinci.82-223-8-23.plesk.page\/en\/wp-json\/wp\/v2\/autor_id?post=54467"},{"taxonomy":"universidades_coeditoras","embeddable":true,"href":"https:\/\/wizardly-davinci.82-223-8-23.plesk.page\/en\/wp-json\/wp\/v2\/universidades_coeditoras?post=54467"},{"taxonomy":"palabras_clave","embeddable":true,"href":"https:\/\/wizardly-davinci.82-223-8-23.plesk.page\/en\/wp-json\/wp\/v2\/palabras_clave?post=54467"},{"taxonomy":"listado_alfabetico","embeddable":true,"href":"https:\/\/wizardly-davinci.82-223-8-23.plesk.page\/en\/wp-json\/wp\/v2\/listado_alfabetico?post=54467"}],"curies":[{"name":"wp","href":"https:\/\/api.w.org\/{rel}","templated":true}]}}