{"id":54468,"date":"2020-10-21T19:16:06","date_gmt":"2020-10-21T17:16:06","guid":{"rendered":"https:\/\/octaedro.com\/libro\/ed-la-revista-del-diari-de-leducacio-num-5\/"},"modified":"2023-03-08T12:20:31","modified_gmt":"2023-03-08T11:20:31","slug":"ed-la-revista-del-diari-de-leducacio-num-5-2","status":"publish","type":"product","link":"https:\/\/wizardly-davinci.82-223-8-23.plesk.page\/en\/producto\/ed-la-revista-del-diari-de-leducacio-num-5-2\/","title":{"rendered":"Ed \u2013 La Revista d\u2019El Diari de l\u2019Educaci\u00f3. N\u00daM. 5"},"content":{"rendered":"","protected":false},"excerpt":{"rendered":"<p><strong>Editorial: Guanyar el futur <\/strong><\/p>\n<p>Els dies d\u2019emerg\u00e8ncia sanit\u00e0ria i de confinament ja formen part de la nostra biografia. Cada un de nosaltres guarda en la seva mem\u00f2ria \u00edntima els records i les emocions d\u2019aquells dies. Dels mesos de mar\u00e7, abril, maig&#8230; de l\u2019any 2020. Sentiments de dolor per aquells que han perdut \u00e9ssers estimats a causa de la pand\u00e8mia. D\u2019incertesa, de por, per tots.<\/p>\n<p>Per la comunitat sanit\u00e0ria van ser dies de lluita a vida o mort. Pels treballadors de serveis essencials, dies de risc per atendre a la poblaci\u00f3. Per vosaltres, els docents, dies per afrontar el repte d\u2019acompanyar als alumnes, a les seves fam\u00edlies i a la vegada intentar mantenir la cadena d\u2019aprenentatges. Dies per redescobrir l\u2019extraordinari valor que t\u00e9 l\u2019escola a la hora de garantir l\u2019equitat, la just\u00edcia social, de compensar les creixents desigualtats.<\/p>\n<p>Va ser un temps carregat d\u2019emocions. Per\u00f2 tamb\u00e9 per pensar, per reflexionar. En El Diari de l\u2019Educaci\u00f3 vam acollir les vostres opinions i, com mai, vam sentir realitzada la nostra vocaci\u00f3 d\u2019\u00e0gora de la comunitat educativa. Vam escoltar moltes veus i a la vegada oferir tota la informaci\u00f3 necess\u00e0ria per afrontar junts el que ha estat un dels majors reptes col\u00b7lectius de les nostres vides.<\/p>\n<p>Necessitem pensar sobre el que ens ha passat i obrir el focus per posar en context l\u2019experi\u00e8ncia que ens ha portat el coronavirus. El context hist\u00f2ric i, a la vegada, amb projecci\u00f3 cap al futur. Amb aquesta voluntat ha nascut la cinquena revista que edita El Diari de l\u2019Educaci\u00f3 per als seus subscriptors. \u00c9s un n\u00famero especial que intenta pensar amb vosaltres, reflexionar junts, sobre factors essencials de la nostra vida. Alguns v\u00e9nen de molt lluny, en el temps o en la dist\u00e0ncia, i altres s\u00f3n molt propers. Per\u00f2 tots necessaris, al nostre entendre, per construir el futur.<\/p>\n<p>La Revista ED acull articles de trenta autors i extractes de les entrevistes que, sota l\u2019ep\u00edgraf de \u2018Reflexions de la nova era\u2019, vam publicar aquells dies tan dif\u00edcils. \u00c9s una obra coral, com El Diari de l\u2019Educaci\u00f3, que nom\u00e9s \u00e9s possible amb la vostra participaci\u00f3 i el vostre suport. Per aix\u00f2, una vegada m\u00e9s, us donem les gr\u00e0cies per ser-ne subscriptors, i ens prenem la llibertat de demanar-vos que compartiu les \u2018Paraules que fan pensar\u2019 amb les vostres companyes i companys. Creiem, modestament, que aquesta revista \u00e9s un bon motiu per sumar-se a la comunitat de subscriptors de El Diari de l\u2019Educaci\u00f3. I, aix\u00ed, fer-lo possible.<\/p>\n<p>Van ser dies molt durs que van canviar les nostres vides; que van donar el veritable valor a tot all\u00f2 que formava part de la nostra \u2018normalitat\u2019 sense ser-ne prou conscients. La sanitat, l\u2019educaci\u00f3, la ci\u00e8ncia, la solidaritat&#8230; i, entenem, tamb\u00e9 el periodisme comprom\u00e8s en el b\u00e9 com\u00fa s\u00f3n m\u00e9s necessaris que mai. Per aix\u00f2 ens reafirmem encara m\u00e9s en la vocaci\u00f3 amb la qual vam n\u00e9ixer: estar al vostre servei, perqu\u00e8 la vostra tasca de formar i acompanyar als alumnes i a les seves fam\u00edlies \u00e9s l\u2019\u00fanica possibilitat de guanyar el futur.<\/p>\n","protected":false},"featured_media":52624,"comment_status":"open","ping_status":"closed","template":"","meta":{"_et_pb_use_builder":"","_et_pb_old_content":"","_et_gb_content_width":""},"product_cat":[11858,11859],"product_tag":[11860],"edicion":[11865],"editoriales":[11931],"tienda":[],"autor_id":[],"universidades_coeditoras":[],"palabras_clave":[],"listado_alfabetico":[],"acf":[],"_links":{"self":[{"href":"https:\/\/wizardly-davinci.82-223-8-23.plesk.page\/en\/wp-json\/wp\/v2\/product\/54468"}],"collection":[{"href":"https:\/\/wizardly-davinci.82-223-8-23.plesk.page\/en\/wp-json\/wp\/v2\/product"}],"about":[{"href":"https:\/\/wizardly-davinci.82-223-8-23.plesk.page\/en\/wp-json\/wp\/v2\/types\/product"}],"replies":[{"embeddable":true,"href":"https:\/\/wizardly-davinci.82-223-8-23.plesk.page\/en\/wp-json\/wp\/v2\/comments?post=54468"}],"wp:featuredmedia":[{"embeddable":true,"href":"https:\/\/wizardly-davinci.82-223-8-23.plesk.page\/en\/wp-json\/wp\/v2\/media\/52624"}],"wp:attachment":[{"href":"https:\/\/wizardly-davinci.82-223-8-23.plesk.page\/en\/wp-json\/wp\/v2\/media?parent=54468"}],"wp:term":[{"taxonomy":"product_cat","embeddable":true,"href":"https:\/\/wizardly-davinci.82-223-8-23.plesk.page\/en\/wp-json\/wp\/v2\/product_cat?post=54468"},{"taxonomy":"product_tag","embeddable":true,"href":"https:\/\/wizardly-davinci.82-223-8-23.plesk.page\/en\/wp-json\/wp\/v2\/product_tag?post=54468"},{"taxonomy":"edicion","embeddable":true,"href":"https:\/\/wizardly-davinci.82-223-8-23.plesk.page\/en\/wp-json\/wp\/v2\/edicion?post=54468"},{"taxonomy":"editoriales","embeddable":true,"href":"https:\/\/wizardly-davinci.82-223-8-23.plesk.page\/en\/wp-json\/wp\/v2\/editoriales?post=54468"},{"taxonomy":"tienda","embeddable":true,"href":"https:\/\/wizardly-davinci.82-223-8-23.plesk.page\/en\/wp-json\/wp\/v2\/tienda?post=54468"},{"taxonomy":"autor_id","embeddable":true,"href":"https:\/\/wizardly-davinci.82-223-8-23.plesk.page\/en\/wp-json\/wp\/v2\/autor_id?post=54468"},{"taxonomy":"universidades_coeditoras","embeddable":true,"href":"https:\/\/wizardly-davinci.82-223-8-23.plesk.page\/en\/wp-json\/wp\/v2\/universidades_coeditoras?post=54468"},{"taxonomy":"palabras_clave","embeddable":true,"href":"https:\/\/wizardly-davinci.82-223-8-23.plesk.page\/en\/wp-json\/wp\/v2\/palabras_clave?post=54468"},{"taxonomy":"listado_alfabetico","embeddable":true,"href":"https:\/\/wizardly-davinci.82-223-8-23.plesk.page\/en\/wp-json\/wp\/v2\/listado_alfabetico?post=54468"}],"curies":[{"name":"wp","href":"https:\/\/api.w.org\/{rel}","templated":true}]}}