{"id":54469,"date":"2020-10-16T18:06:47","date_gmt":"2020-10-16T16:06:47","guid":{"rendered":"https:\/\/octaedro.com\/libro\/contextos-y-procesos-en-investigacion-educativa\/"},"modified":"2023-02-22T13:38:11","modified_gmt":"2023-02-22T12:38:11","slug":"contextos-y-procesos-en-investigacion-educativa-2","status":"publish","type":"product","link":"https:\/\/wizardly-davinci.82-223-8-23.plesk.page\/en\/producto\/contextos-y-procesos-en-investigacion-educativa-2\/","title":{"rendered":"Contextos y procesos en investigaci\u00f3n educativa"},"content":{"rendered":"","protected":false},"excerpt":{"rendered":"<p>En el \u00e1mbito educativo, la investigaci\u00f3n es un proceso natural promovido por el propio profesorado como m\u00e9todo para adaptar los contenidos te\u00f3ricos y pr\u00e1cticos a un conjunto de estudiantes con una singularidad particular. Desde este contexto tan particular, las universidades y las instituciones p\u00fablicas y privadas ligadas a la educaci\u00f3n tienen un papel relevante en fomentar la realizaci\u00f3n de investigaciones que promuevan un cambio real bas\u00e1ndose en datos concretos que incorporen los avances en tecnolog\u00eda y metodolog\u00edas activas a la ense\u00f1anza. La contextualizaci\u00f3n de las investigaciones es uno de los principales factores de efectividad para que las decisiones sobre la innovaci\u00f3n tengan \u00e9xito. Sin la toma de conciencia de la realidad de las situaciones y problem\u00e1ticas concretas, toda innovaci\u00f3n est\u00e1 abocada al fracaso.<\/p>\n<p>En este trabajo se recopila, en sus diferentes cap\u00edtulos, una muestra de las investigaciones m\u00e1s actuales en educaci\u00f3n en campos tan diversos como la gamificaci\u00f3n y las metodolog\u00edas activas de ense\u00f1anza, la educaci\u00f3n sexual, la neuroeducaci\u00f3n aplicada a diferentes disciplinas, la convivencia escolar, la inclusi\u00f3n educativa, la competencia digital del profesorado y del alumnado o el tratamiento de las altas capacidades intelectuales en el siglo XXI. Es una muestra representativa y actual de las l\u00edneas de investigaci\u00f3n que se est\u00e1n siguiendo en educaci\u00f3n tanto, en el \u00e1mbito nacional como internacional, promovidas por investigadores de diversos pa\u00edses y con un tratamiento interdisciplinar de las tem\u00e1ticas.<\/p>\n","protected":false},"featured_media":52621,"comment_status":"open","ping_status":"closed","template":"","meta":{"_et_pb_use_builder":"","_et_pb_old_content":"","_et_gb_content_width":""},"product_cat":[11899,11913],"product_tag":[11890],"edicion":[12178],"editoriales":[11867],"tienda":[],"autor_id":[14420,15055,15071,15054],"universidades_coeditoras":[14901],"palabras_clave":[],"listado_alfabetico":[],"acf":[],"_links":{"self":[{"href":"https:\/\/wizardly-davinci.82-223-8-23.plesk.page\/en\/wp-json\/wp\/v2\/product\/54469"}],"collection":[{"href":"https:\/\/wizardly-davinci.82-223-8-23.plesk.page\/en\/wp-json\/wp\/v2\/product"}],"about":[{"href":"https:\/\/wizardly-davinci.82-223-8-23.plesk.page\/en\/wp-json\/wp\/v2\/types\/product"}],"replies":[{"embeddable":true,"href":"https:\/\/wizardly-davinci.82-223-8-23.plesk.page\/en\/wp-json\/wp\/v2\/comments?post=54469"}],"wp:featuredmedia":[{"embeddable":true,"href":"https:\/\/wizardly-davinci.82-223-8-23.plesk.page\/en\/wp-json\/wp\/v2\/media\/52621"}],"wp:attachment":[{"href":"https:\/\/wizardly-davinci.82-223-8-23.plesk.page\/en\/wp-json\/wp\/v2\/media?parent=54469"}],"wp:term":[{"taxonomy":"product_cat","embeddable":true,"href":"https:\/\/wizardly-davinci.82-223-8-23.plesk.page\/en\/wp-json\/wp\/v2\/product_cat?post=54469"},{"taxonomy":"product_tag","embeddable":true,"href":"https:\/\/wizardly-davinci.82-223-8-23.plesk.page\/en\/wp-json\/wp\/v2\/product_tag?post=54469"},{"taxonomy":"edicion","embeddable":true,"href":"https:\/\/wizardly-davinci.82-223-8-23.plesk.page\/en\/wp-json\/wp\/v2\/edicion?post=54469"},{"taxonomy":"editoriales","embeddable":true,"href":"https:\/\/wizardly-davinci.82-223-8-23.plesk.page\/en\/wp-json\/wp\/v2\/editoriales?post=54469"},{"taxonomy":"tienda","embeddable":true,"href":"https:\/\/wizardly-davinci.82-223-8-23.plesk.page\/en\/wp-json\/wp\/v2\/tienda?post=54469"},{"taxonomy":"autor_id","embeddable":true,"href":"https:\/\/wizardly-davinci.82-223-8-23.plesk.page\/en\/wp-json\/wp\/v2\/autor_id?post=54469"},{"taxonomy":"universidades_coeditoras","embeddable":true,"href":"https:\/\/wizardly-davinci.82-223-8-23.plesk.page\/en\/wp-json\/wp\/v2\/universidades_coeditoras?post=54469"},{"taxonomy":"palabras_clave","embeddable":true,"href":"https:\/\/wizardly-davinci.82-223-8-23.plesk.page\/en\/wp-json\/wp\/v2\/palabras_clave?post=54469"},{"taxonomy":"listado_alfabetico","embeddable":true,"href":"https:\/\/wizardly-davinci.82-223-8-23.plesk.page\/en\/wp-json\/wp\/v2\/listado_alfabetico?post=54469"}],"curies":[{"name":"wp","href":"https:\/\/api.w.org\/{rel}","templated":true}]}}