{"id":54470,"date":"2020-10-13T19:58:41","date_gmt":"2020-10-13T17:58:41","guid":{"rendered":"https:\/\/octaedro.com\/libro\/de-lalfa-a-lomega-de-lautisme\/"},"modified":"2023-03-08T12:20:31","modified_gmt":"2023-03-08T11:20:31","slug":"de-lalfa-a-lomega-de-lautisme-2","status":"publish","type":"product","link":"https:\/\/wizardly-davinci.82-223-8-23.plesk.page\/en\/producto\/de-lalfa-a-lomega-de-lautisme-2\/","title":{"rendered":"De l\u2019alfa a l\u2019omega de l\u2019autisme"},"content":{"rendered":"","protected":false},"excerpt":{"rendered":"<p>La majoria dels llibres o articles que parlen d\u2019autisme des del punt de vista psicoanal\u00edtic van adre\u00e7ats a persones que s\u00f3n bones coneixedores del tema i estan escrits per autors que han fet importants aportacions al camp, gr\u00e0cies a la seva llarga experi\u00e8ncia amb pacients que pateixen autisme. Per aix\u00f2, sempre he trobat a faltar una obra que an\u00e9s dirigida a persones que desitgessin con\u00e8ixer les diverses contribucions que sobre aquesta q\u00fcesti\u00f3 han anat fent els autors psicoanal\u00edtics m\u00e9s reconeguts. I aix\u00f2 \u00e9s el que pret\u00e9n aquest llibre, desplegar un recull hist\u00f2ric des de Kanner fins a l\u2019actualitat.<\/p>\n<p>Aix\u00ed mateix, em semblava \u00fatil mostrar una forma de treballar amb aquests pacients en psicoter\u00e0pia psicoanal\u00edtica a trav\u00e9s de sessions psicoterap\u00e8utiques. Els casos escollits mostren diferents graus d\u2019afectaci\u00f3 i de nivell intel\u00b7lectual, la qual cosa permet veure un ventall divers de persones amb trastorns de l\u2019espectre aut\u00edstic; en tot cas, tots ells reuneixen, en major o menor mesura, algunes de les caracter\u00edstiques pr\u00f2pies dels estats aut\u00edstics.<\/p>\n<p>L\u2019obra pot resultar d\u2019inter\u00e8s tant per als psicoterapeutes que inicien el seu treball amb pacients afectats per trastorns de l\u2019espectre aut\u00edstic com per a professionals que volen aprofundir en l\u2019estudi hist\u00f2ric al voltant de l\u2019autisme, aix\u00ed com en formes de dur a terme la psicoter\u00e0pia psicoanal\u00edtica amb pacients que presenten nivells d\u2019afectaci\u00f3 desiguals.<\/p>\n","protected":false},"featured_media":52613,"comment_status":"open","ping_status":"closed","template":"","meta":{"_et_pb_use_builder":"","_et_pb_old_content":"","_et_gb_content_width":""},"product_cat":[11858,11859,11918,11924],"product_tag":[11860],"edicion":[11865],"editoriales":[11867],"tienda":[],"autor_id":[19643],"universidades_coeditoras":[],"palabras_clave":[],"listado_alfabetico":[],"acf":[],"_links":{"self":[{"href":"https:\/\/wizardly-davinci.82-223-8-23.plesk.page\/en\/wp-json\/wp\/v2\/product\/54470"}],"collection":[{"href":"https:\/\/wizardly-davinci.82-223-8-23.plesk.page\/en\/wp-json\/wp\/v2\/product"}],"about":[{"href":"https:\/\/wizardly-davinci.82-223-8-23.plesk.page\/en\/wp-json\/wp\/v2\/types\/product"}],"replies":[{"embeddable":true,"href":"https:\/\/wizardly-davinci.82-223-8-23.plesk.page\/en\/wp-json\/wp\/v2\/comments?post=54470"}],"wp:featuredmedia":[{"embeddable":true,"href":"https:\/\/wizardly-davinci.82-223-8-23.plesk.page\/en\/wp-json\/wp\/v2\/media\/52613"}],"wp:attachment":[{"href":"https:\/\/wizardly-davinci.82-223-8-23.plesk.page\/en\/wp-json\/wp\/v2\/media?parent=54470"}],"wp:term":[{"taxonomy":"product_cat","embeddable":true,"href":"https:\/\/wizardly-davinci.82-223-8-23.plesk.page\/en\/wp-json\/wp\/v2\/product_cat?post=54470"},{"taxonomy":"product_tag","embeddable":true,"href":"https:\/\/wizardly-davinci.82-223-8-23.plesk.page\/en\/wp-json\/wp\/v2\/product_tag?post=54470"},{"taxonomy":"edicion","embeddable":true,"href":"https:\/\/wizardly-davinci.82-223-8-23.plesk.page\/en\/wp-json\/wp\/v2\/edicion?post=54470"},{"taxonomy":"editoriales","embeddable":true,"href":"https:\/\/wizardly-davinci.82-223-8-23.plesk.page\/en\/wp-json\/wp\/v2\/editoriales?post=54470"},{"taxonomy":"tienda","embeddable":true,"href":"https:\/\/wizardly-davinci.82-223-8-23.plesk.page\/en\/wp-json\/wp\/v2\/tienda?post=54470"},{"taxonomy":"autor_id","embeddable":true,"href":"https:\/\/wizardly-davinci.82-223-8-23.plesk.page\/en\/wp-json\/wp\/v2\/autor_id?post=54470"},{"taxonomy":"universidades_coeditoras","embeddable":true,"href":"https:\/\/wizardly-davinci.82-223-8-23.plesk.page\/en\/wp-json\/wp\/v2\/universidades_coeditoras?post=54470"},{"taxonomy":"palabras_clave","embeddable":true,"href":"https:\/\/wizardly-davinci.82-223-8-23.plesk.page\/en\/wp-json\/wp\/v2\/palabras_clave?post=54470"},{"taxonomy":"listado_alfabetico","embeddable":true,"href":"https:\/\/wizardly-davinci.82-223-8-23.plesk.page\/en\/wp-json\/wp\/v2\/listado_alfabetico?post=54470"}],"curies":[{"name":"wp","href":"https:\/\/api.w.org\/{rel}","templated":true}]}}