{"id":54475,"date":"2020-09-28T14:05:44","date_gmt":"2020-09-28T12:05:44","guid":{"rendered":"https:\/\/octaedro.com\/libro\/innovacion-e-inclusion-educativa-en-la-era-del-big-bata\/"},"modified":"2023-02-22T13:38:11","modified_gmt":"2023-02-22T12:38:11","slug":"innovacion-e-inclusion-educativa-en-la-era-del-big-bata-2","status":"publish","type":"product","link":"https:\/\/wizardly-davinci.82-223-8-23.plesk.page\/en\/producto\/innovacion-e-inclusion-educativa-en-la-era-del-big-bata-2\/","title":{"rendered":"Innovacio\u0301n e inclusio\u0301n educativa en la era del big bata"},"content":{"rendered":"","protected":false},"excerpt":{"rendered":"<p>En un mundo inestable y en permanente cambio social, especialmente en unos momentos donde la Covid-19 est\u00e1 influyendo de manera decisiva en los procesos de dise\u00f1o e implementaci\u00f3n de nuevos modelos y pr\u00e1cticas educativas, resulta imprescindible concebir y comprender la n\u00edtida vinculaci\u00f3n entre innovaci\u00f3n e inclusiva educativa en la era digital y del <em>big data<\/em>.<\/p>\n<p>En las instituciones educativas se genera una cantidad ingente de informaci\u00f3n acad\u00e9mica y tambi\u00e9n h\u00edbrida, fruto del car\u00e1cter multifac\u00e9tico e interdisciplinar de las acciones pedag\u00f3gicas, de tal forma que es necesario compilar, ordenar, clasificar y realizar anal\u00edticas de aprendizaje que mejoren la calidad de los procesos formativos en los centros escolares. En este sentido, no se puede obviar que todas las tareas deben estar impregnadas de fuertes convicciones, fundamentos y evidencias cient\u00edficas acerca de las mejores y mayores oportunidades de aprendizaje para todo el alumnado, impulsando y revitalizando la innovaci\u00f3n educativa en la b\u00fasqueda continua de una educaci\u00f3n inclusiva y de calidad para todos.<\/p>\n<p>Este libro supone un primer acercamiento pedag\u00f3gico reflexivo y cr\u00edtico en torno a las potencialidades de distintos ejes tem\u00e1ticos, que se relacionan de forma sin\u00e9rgica para favorecer la equidad en los centros educativos, la evaluaci\u00f3n de calidad de todos los par\u00e1metros organizativos y curriculares, y la apuesta por nuevos m\u00e9todos y caminos de ense\u00f1anza donde lo virtual y lo tecnol\u00f3gico comienza a tener un papel predominante.<\/p>\n<p>La digitalizaci\u00f3n, la gamificaci\u00f3n y los nuevos m\u00e9todos educativos h\u00edbridos ser\u00e1n<\/p>\n<p>herramientas eficaces si promueven el aprendizaje cooperativo, el pensamiento cr\u00edtico y democr\u00e1tico, y la construcci\u00f3n educativa inclusiva en todos los niveles y etapas.<\/p>\n","protected":false},"featured_media":52582,"comment_status":"open","ping_status":"closed","template":"","meta":{"_et_pb_use_builder":"","_et_pb_old_content":"","_et_gb_content_width":""},"product_cat":[11899,11913],"product_tag":[11890],"edicion":[12178],"editoriales":[11867],"tienda":[],"autor_id":[12492,19340],"universidades_coeditoras":[12338],"palabras_clave":[],"listado_alfabetico":[],"acf":[],"_links":{"self":[{"href":"https:\/\/wizardly-davinci.82-223-8-23.plesk.page\/en\/wp-json\/wp\/v2\/product\/54475"}],"collection":[{"href":"https:\/\/wizardly-davinci.82-223-8-23.plesk.page\/en\/wp-json\/wp\/v2\/product"}],"about":[{"href":"https:\/\/wizardly-davinci.82-223-8-23.plesk.page\/en\/wp-json\/wp\/v2\/types\/product"}],"replies":[{"embeddable":true,"href":"https:\/\/wizardly-davinci.82-223-8-23.plesk.page\/en\/wp-json\/wp\/v2\/comments?post=54475"}],"wp:featuredmedia":[{"embeddable":true,"href":"https:\/\/wizardly-davinci.82-223-8-23.plesk.page\/en\/wp-json\/wp\/v2\/media\/52582"}],"wp:attachment":[{"href":"https:\/\/wizardly-davinci.82-223-8-23.plesk.page\/en\/wp-json\/wp\/v2\/media?parent=54475"}],"wp:term":[{"taxonomy":"product_cat","embeddable":true,"href":"https:\/\/wizardly-davinci.82-223-8-23.plesk.page\/en\/wp-json\/wp\/v2\/product_cat?post=54475"},{"taxonomy":"product_tag","embeddable":true,"href":"https:\/\/wizardly-davinci.82-223-8-23.plesk.page\/en\/wp-json\/wp\/v2\/product_tag?post=54475"},{"taxonomy":"edicion","embeddable":true,"href":"https:\/\/wizardly-davinci.82-223-8-23.plesk.page\/en\/wp-json\/wp\/v2\/edicion?post=54475"},{"taxonomy":"editoriales","embeddable":true,"href":"https:\/\/wizardly-davinci.82-223-8-23.plesk.page\/en\/wp-json\/wp\/v2\/editoriales?post=54475"},{"taxonomy":"tienda","embeddable":true,"href":"https:\/\/wizardly-davinci.82-223-8-23.plesk.page\/en\/wp-json\/wp\/v2\/tienda?post=54475"},{"taxonomy":"autor_id","embeddable":true,"href":"https:\/\/wizardly-davinci.82-223-8-23.plesk.page\/en\/wp-json\/wp\/v2\/autor_id?post=54475"},{"taxonomy":"universidades_coeditoras","embeddable":true,"href":"https:\/\/wizardly-davinci.82-223-8-23.plesk.page\/en\/wp-json\/wp\/v2\/universidades_coeditoras?post=54475"},{"taxonomy":"palabras_clave","embeddable":true,"href":"https:\/\/wizardly-davinci.82-223-8-23.plesk.page\/en\/wp-json\/wp\/v2\/palabras_clave?post=54475"},{"taxonomy":"listado_alfabetico","embeddable":true,"href":"https:\/\/wizardly-davinci.82-223-8-23.plesk.page\/en\/wp-json\/wp\/v2\/listado_alfabetico?post=54475"}],"curies":[{"name":"wp","href":"https:\/\/api.w.org\/{rel}","templated":true}]}}