{"id":54476,"date":"2020-09-10T18:42:43","date_gmt":"2020-09-10T16:42:43","guid":{"rendered":"https:\/\/octaedro.com\/libro\/metodologias-emergentes-para-la-innovacion-en-la-practica-docente\/"},"modified":"2023-02-22T13:38:11","modified_gmt":"2023-02-22T12:38:11","slug":"metodologias-emergentes-para-la-innovacion-en-la-practica-docente-2","status":"publish","type":"product","link":"https:\/\/wizardly-davinci.82-223-8-23.plesk.page\/en\/producto\/metodologias-emergentes-para-la-innovacion-en-la-practica-docente-2\/","title":{"rendered":"Metodolog\u00edas emergentes para la innovacio\u0301n en la pra\u0301ctica docente"},"content":{"rendered":"","protected":false},"excerpt":{"rendered":"<p>Este libro presenta distintas metodolog\u00edas emergentes que suponen una herramienta \u00fatil para la pr\u00e1ctica docente en distintos niveles educativos. En el contenido de los distintos cap\u00edtulos se ofrecen distintas visiones y metodolog\u00edas innovadoras para afrontar el reto que representa la actuaci\u00f3n docente hoy d\u00eda.<\/p>\n<p>Las metodolog\u00edas descritas resultan innovadoras tanto para el proceso de ense\u00f1anza y aprendizaje como para la evaluaci\u00f3n. Adem\u00e1s, se ofrecen diferentes metodolog\u00edas en niveles y herramientas concretos de cara a su implementaci\u00f3n en el aula, a fin de que el lector pueda seleccionar y adaptar las m\u00e1s apropiadas para su contexto espec\u00edfico. Todo ello se hace partiendo de una perspectiva te\u00f3rica y enfoc\u00e1ndola hacia la pr\u00e1ctica, de modo que esta obra constituye un instrumento capaz de permitir la difusi\u00f3n de metodolog\u00edas y herramientas de diversa \u00edndole para para su uso por parte de profesores en entornos reales con sus propias idiosincrasias.<\/p>\n<p>A las metodolog\u00edas m\u00e1s cl\u00e1sicas, que se hallan en pleno proceso de retroinnovaci\u00f3n, se les suman otras herramientas, modelos o m\u00e9todos que se ponen en pr\u00e1ctica en diversos centros educativos, con el consiguiente \u00e9xito en la aplicaci\u00f3n de cada uno de ellos. As\u00ed, este libro no es solo una revisi\u00f3n acerca de las distintas herramientas, sino que presenta una puesta en pr\u00e1ctica contrastada de m\u00e9todos que ilustran los caminos por los que actualmente discurre la educaci\u00f3n.<\/p>\n<p>Sirva, pues, esta obra como un manual donde consultar los antecedentes, los enclaves te\u00f3ricos y el estudio pormenorizado de determinadas metodolog\u00edas para la innovaci\u00f3n en la pr\u00e1ctica docente. Y, por supuesto, sirva tambi\u00e9n como base cient\u00edfica para el estudio e investigaci\u00f3n en los diversos campos que dichas herramientas ofrecen para superar los desaf\u00edos de la educaci\u00f3n actual.<\/p>\n","protected":false},"featured_media":52555,"comment_status":"open","ping_status":"closed","template":"","meta":{"_et_pb_use_builder":"","_et_pb_old_content":"","_et_gb_content_width":""},"product_cat":[11899,11913],"product_tag":[11890],"edicion":[12178],"editoriales":[11867],"tienda":[],"autor_id":[19449,19448,19450,19648],"universidades_coeditoras":[14901],"palabras_clave":[],"listado_alfabetico":[],"acf":[],"_links":{"self":[{"href":"https:\/\/wizardly-davinci.82-223-8-23.plesk.page\/en\/wp-json\/wp\/v2\/product\/54476"}],"collection":[{"href":"https:\/\/wizardly-davinci.82-223-8-23.plesk.page\/en\/wp-json\/wp\/v2\/product"}],"about":[{"href":"https:\/\/wizardly-davinci.82-223-8-23.plesk.page\/en\/wp-json\/wp\/v2\/types\/product"}],"replies":[{"embeddable":true,"href":"https:\/\/wizardly-davinci.82-223-8-23.plesk.page\/en\/wp-json\/wp\/v2\/comments?post=54476"}],"wp:featuredmedia":[{"embeddable":true,"href":"https:\/\/wizardly-davinci.82-223-8-23.plesk.page\/en\/wp-json\/wp\/v2\/media\/52555"}],"wp:attachment":[{"href":"https:\/\/wizardly-davinci.82-223-8-23.plesk.page\/en\/wp-json\/wp\/v2\/media?parent=54476"}],"wp:term":[{"taxonomy":"product_cat","embeddable":true,"href":"https:\/\/wizardly-davinci.82-223-8-23.plesk.page\/en\/wp-json\/wp\/v2\/product_cat?post=54476"},{"taxonomy":"product_tag","embeddable":true,"href":"https:\/\/wizardly-davinci.82-223-8-23.plesk.page\/en\/wp-json\/wp\/v2\/product_tag?post=54476"},{"taxonomy":"edicion","embeddable":true,"href":"https:\/\/wizardly-davinci.82-223-8-23.plesk.page\/en\/wp-json\/wp\/v2\/edicion?post=54476"},{"taxonomy":"editoriales","embeddable":true,"href":"https:\/\/wizardly-davinci.82-223-8-23.plesk.page\/en\/wp-json\/wp\/v2\/editoriales?post=54476"},{"taxonomy":"tienda","embeddable":true,"href":"https:\/\/wizardly-davinci.82-223-8-23.plesk.page\/en\/wp-json\/wp\/v2\/tienda?post=54476"},{"taxonomy":"autor_id","embeddable":true,"href":"https:\/\/wizardly-davinci.82-223-8-23.plesk.page\/en\/wp-json\/wp\/v2\/autor_id?post=54476"},{"taxonomy":"universidades_coeditoras","embeddable":true,"href":"https:\/\/wizardly-davinci.82-223-8-23.plesk.page\/en\/wp-json\/wp\/v2\/universidades_coeditoras?post=54476"},{"taxonomy":"palabras_clave","embeddable":true,"href":"https:\/\/wizardly-davinci.82-223-8-23.plesk.page\/en\/wp-json\/wp\/v2\/palabras_clave?post=54476"},{"taxonomy":"listado_alfabetico","embeddable":true,"href":"https:\/\/wizardly-davinci.82-223-8-23.plesk.page\/en\/wp-json\/wp\/v2\/listado_alfabetico?post=54476"}],"curies":[{"name":"wp","href":"https:\/\/api.w.org\/{rel}","templated":true}]}}