{"id":54565,"date":"2019-10-24T13:12:08","date_gmt":"2019-10-24T11:12:08","guid":{"rendered":"https:\/\/octaedro.com\/libro\/el-agora-de-la-neuroeducacion\/"},"modified":"2023-02-22T13:38:11","modified_gmt":"2023-02-22T12:38:11","slug":"el-agora-de-la-neuroeducacion-2","status":"publish","type":"product","link":"https:\/\/wizardly-davinci.82-223-8-23.plesk.page\/en\/producto\/el-agora-de-la-neuroeducacion-2\/","title":{"rendered":"El \u00e1gora de la neuroeducaci\u00f3n"},"content":{"rendered":"<p><i><span style=\"font-weight: 400;\">El \u00e1gora de la neuroeducaci\u00f3n La neuroeducaci\u00f3n explicada y aplicada<\/span><\/i><span style=\"font-weight: 400;\"> surge del di\u00e1logo entre profesionales de diferentes \u00e1mbitos y experiencias con vocaci\u00f3n de crear un espacio de encuentro y reflexi\u00f3n con el reto \u00faltimo de ampliar las miradas sobre la educaci\u00f3n y contribuir a la mejora educativa.<\/span><\/p>\n<p><span style=\"font-weight: 400;\">Los expertos dialogan y comparten, a trav\u00e9s de trabajos, investigaciones y experiencias pr\u00e1cticas, conocimiento y reflexiones acerca de la neurociencia y c\u00f3mo esta est\u00e1 emergiendo en el \u00e1mbito educativo; las cuales pueden ser de especial relevancia e inter\u00e9s para docentes, familias y agentes educativos en general.<\/span><\/p>\n<p><span style=\"font-weight: 400;\">Un libro que recoge y entrelaza de manera transversal la literatura, los estudios y las experiencias a trav\u00e9s de las voces de profesionales y de los expertos vinculados al campo de la neuroeducaci\u00f3n. Al mismo tiempo que abre la puerta y dirige la mirada al II Congreso Internacional de Neuroeducaci\u00f3n, que se celebrar\u00e1 en Barcelona, donde se navega por un cerebro lleno de inc\u00f3gnitas y se sumerge en las funciones ejecutivas para observar c\u00f3mo interact\u00faan y construyen nuestro relato.<\/span><\/p>\n","protected":false},"excerpt":{"rendered":"<p><i><span style=\"font-weight: 400;\">El \u00e1gora de la neuroeducaci\u00f3n La neuroeducaci\u00f3n explicada y aplicada<\/span><\/i><span style=\"font-weight: 400;\"> surge del di\u00e1logo entre profesionales de diferentes \u00e1mbitos y experiencias con vocaci\u00f3n de crear un espacio de encuentro y reflexi\u00f3n con el reto \u00faltimo de ampliar las miradas sobre la educaci\u00f3n y contribuir a la mejora educativa.<\/span><\/p>\n<p><span style=\"font-weight: 400;\">Los expertos dialogan y comparten, a trav\u00e9s de trabajos, investigaciones y experiencias pr\u00e1cticas, conocimiento y reflexiones acerca de la neurociencia y c\u00f3mo esta est\u00e1 emergiendo en el \u00e1mbito educativo; las cuales pueden ser de especial relevancia e inter\u00e9s para docentes, familias y agentes educativos en general.<\/span><\/p>\n<p><span style=\"font-weight: 400;\">Un libro que recoge y entrelaza de manera transversal la literatura, los estudios y las experiencias a trav\u00e9s de las voces de profesionales y de los expertos vinculados al campo de la neuroeducaci\u00f3n. Al mismo tiempo que abre la puerta y dirige la mirada al II Congreso Internacional de Neuroeducaci\u00f3n, que se celebrar\u00e1 en Barcelona, donde se navega por un cerebro lleno de inc\u00f3gnitas y se sumerge en las funciones ejecutivas para observar c\u00f3mo interact\u00faan y construyen nuestro relato.<\/span><\/p>\n","protected":false},"featured_media":51980,"comment_status":"open","ping_status":"closed","template":"","meta":{"_et_pb_use_builder":"","_et_pb_old_content":"","_et_gb_content_width":""},"product_cat":[11858,11929,11913,11859,11900,11924],"product_tag":[],"edicion":[12178,11865],"editoriales":[11867,12224],"tienda":[],"autor_id":[19660,19659],"universidades_coeditoras":[],"palabras_clave":[],"listado_alfabetico":[],"acf":[],"_links":{"self":[{"href":"https:\/\/wizardly-davinci.82-223-8-23.plesk.page\/en\/wp-json\/wp\/v2\/product\/54565"}],"collection":[{"href":"https:\/\/wizardly-davinci.82-223-8-23.plesk.page\/en\/wp-json\/wp\/v2\/product"}],"about":[{"href":"https:\/\/wizardly-davinci.82-223-8-23.plesk.page\/en\/wp-json\/wp\/v2\/types\/product"}],"replies":[{"embeddable":true,"href":"https:\/\/wizardly-davinci.82-223-8-23.plesk.page\/en\/wp-json\/wp\/v2\/comments?post=54565"}],"wp:featuredmedia":[{"embeddable":true,"href":"https:\/\/wizardly-davinci.82-223-8-23.plesk.page\/en\/wp-json\/wp\/v2\/media\/51980"}],"wp:attachment":[{"href":"https:\/\/wizardly-davinci.82-223-8-23.plesk.page\/en\/wp-json\/wp\/v2\/media?parent=54565"}],"wp:term":[{"taxonomy":"product_cat","embeddable":true,"href":"https:\/\/wizardly-davinci.82-223-8-23.plesk.page\/en\/wp-json\/wp\/v2\/product_cat?post=54565"},{"taxonomy":"product_tag","embeddable":true,"href":"https:\/\/wizardly-davinci.82-223-8-23.plesk.page\/en\/wp-json\/wp\/v2\/product_tag?post=54565"},{"taxonomy":"edicion","embeddable":true,"href":"https:\/\/wizardly-davinci.82-223-8-23.plesk.page\/en\/wp-json\/wp\/v2\/edicion?post=54565"},{"taxonomy":"editoriales","embeddable":true,"href":"https:\/\/wizardly-davinci.82-223-8-23.plesk.page\/en\/wp-json\/wp\/v2\/editoriales?post=54565"},{"taxonomy":"tienda","embeddable":true,"href":"https:\/\/wizardly-davinci.82-223-8-23.plesk.page\/en\/wp-json\/wp\/v2\/tienda?post=54565"},{"taxonomy":"autor_id","embeddable":true,"href":"https:\/\/wizardly-davinci.82-223-8-23.plesk.page\/en\/wp-json\/wp\/v2\/autor_id?post=54565"},{"taxonomy":"universidades_coeditoras","embeddable":true,"href":"https:\/\/wizardly-davinci.82-223-8-23.plesk.page\/en\/wp-json\/wp\/v2\/universidades_coeditoras?post=54565"},{"taxonomy":"palabras_clave","embeddable":true,"href":"https:\/\/wizardly-davinci.82-223-8-23.plesk.page\/en\/wp-json\/wp\/v2\/palabras_clave?post=54565"},{"taxonomy":"listado_alfabetico","embeddable":true,"href":"https:\/\/wizardly-davinci.82-223-8-23.plesk.page\/en\/wp-json\/wp\/v2\/listado_alfabetico?post=54565"}],"curies":[{"name":"wp","href":"https:\/\/api.w.org\/{rel}","templated":true}]}}