{"id":54569,"date":"2019-04-09T23:52:28","date_gmt":"2019-04-09T21:52:28","guid":{"rendered":"https:\/\/octaedro.com\/libro\/docencia-universitaria-e-innovacion\/"},"modified":"2023-02-22T13:38:11","modified_gmt":"2023-02-22T12:38:11","slug":"docencia-universitaria-e-innovacion","status":"publish","type":"product","link":"https:\/\/wizardly-davinci.82-223-8-23.plesk.page\/en\/producto\/docencia-universitaria-e-innovacion\/","title":{"rendered":"Docencia universitaria e innovaci\u00f3n"},"content":{"rendered":"<p>A lo largo de los \u00faltimos veinte a\u00f1os se ha extendido en la Educaci\u00f3n Superior el inter\u00e9s por la docencia, por la innovaci\u00f3n docente y por la evaluaci\u00f3n de los aprendizajes de los alumnos, y los Congresos Internacionales de Docencia Universitaria e Innovaci\u00f3n (CIDUI) han sido un buen catalizador del esfuerzo realizado por el profesorado universitario.<\/p>\n<p>Los CIDUI han sido una respuesta de las universidades p\u00fablicas catalanas a la llegada cada vez m\u00e1s numerosa de estudiantes. Era preciso responder ante una heterogeneidad creciente del alumnado, lo que exig\u00eda cambios cualitativos en los modelos de aprendizaje, en el uso de las tecnolog\u00edas de la informaci\u00f3n y en la comunicaci\u00f3n dentro de la pr\u00e1ctica docente, y estos congresos han tratado de fomentar el intercambio de experiencias de mejora de la docencia. La clave de la continuidad de los congresos ha sido la cooperaci\u00f3n interuniversitaria y la coincidencia en el tiempo de una voluntad de transformaci\u00f3n real de la instituci\u00f3n, as\u00ed como el impulso de base de los profesionales docentes.<\/p>\n<p>Los CIDUI siempre se han organizado teniendo presente el marco europeo e iberoamericano. En todo momento se ha querido una Universidad m\u00e1s preocupada por el qu\u00e9 que por el c\u00f3mo; m\u00e1s interesada en el conocimiento y el saber que en su capacidad demi\u00fargica; con una clara orientaci\u00f3n cient\u00edfica, humanista y social, y no exclusivamente pensada desde los mercados; no obsesionada por los sistemas \u00abceremoniales generalizados\u00bb, sino garantista de la calidad de los aprendizajes y capaz de armonizar dos l\u00f3gicas tan dif\u00edciles de combinar como la del mundo productivo y del trabajo y la del saber y el conocimiento cient\u00edfico; y centrada en la formaci\u00f3n de profesionales y en la finalidad cultural de la instituci\u00f3n.<\/p>\n<p>Con la mirada puesta en el horizonte de las pr\u00f3ximas d\u00e9cadas el libro analiza los desaf\u00edos presentes y futuros de la docencia. La obra permite acceder a parte de la memoria del presente universitario y formular algunos retos sobre el futuro de la Universidad en aspectos fundamentales de la docencia universitaria y la innovaci\u00f3n.<\/p>\n<p><strong>X Congreso Internacional de Docencia Universitaria e Innovaci\u00f3n (CIDUI)<\/strong><br \/>\nGirona, 4, 5 y 6 de julio de 2018<\/p>\n","protected":false},"excerpt":{"rendered":"<p>A lo largo de los \u00faltimos veinte a\u00f1os se ha extendido en la Educaci\u00f3n Superior el inter\u00e9s por la docencia, por la innovaci\u00f3n docente y por la evaluaci\u00f3n de los aprendizajes de los alumnos, y los Congresos Internacionales de Docencia Universitaria e Innovaci\u00f3n (CIDUI) han sido un buen catalizador del esfuerzo realizado por el profesorado universitario.<\/p>\n<p>Los CIDUI han sido una respuesta de las universidades p\u00fablicas catalanas a la llegada cada vez m\u00e1s numerosa de estudiantes. Era preciso responder ante una heterogeneidad creciente del alumnado, lo que exig\u00eda cambios cualitativos en los modelos de aprendizaje, en el uso de las tecnolog\u00edas de la informaci\u00f3n y en la comunicaci\u00f3n dentro de la pr\u00e1ctica docente, y estos congresos han tratado de fomentar el intercambio de experiencias de mejora de la docencia. La clave de la continuidad de los congresos ha sido la cooperaci\u00f3n interuniversitaria y la coincidencia en el tiempo de una voluntad de transformaci\u00f3n real de la instituci\u00f3n, as\u00ed como el impulso de base de los profesionales docentes.<\/p>\n<p>Los CIDUI siempre se han organizado teniendo presente el marco europeo e iberoamericano. En todo momento se ha querido una Universidad m\u00e1s preocupada por el qu\u00e9 que por el c\u00f3mo; m\u00e1s interesada en el conocimiento y el saber que en su capacidad demi\u00fargica; con una clara orientaci\u00f3n cient\u00edfica, humanista y social, y no exclusivamente pensada desde los mercados; no obsesionada por los sistemas \u00abceremoniales generalizados\u00bb, sino garantista de la calidad de los aprendizajes y capaz de armonizar dos l\u00f3gicas tan dif\u00edciles de combinar como la del mundo productivo y del trabajo y la del saber y el conocimiento cient\u00edfico; y centrada en la formaci\u00f3n de profesionales y en la finalidad cultural de la instituci\u00f3n.<\/p>\n<p>Con la mirada puesta en el horizonte de las pr\u00f3ximas d\u00e9cadas el libro analiza los desaf\u00edos presentes y futuros de la docencia. La obra permite acceder a parte de la memoria del presente universitario y formular algunos retos sobre el futuro de la Universidad en aspectos fundamentales de la docencia universitaria y la innovaci\u00f3n.<\/p>\n<p><strong>X Congreso Internacional de Docencia Universitaria e Innovaci\u00f3n (CIDUI)<\/strong><br \/>\nGirona, 4, 5 y 6 de julio de 2018<\/p>\n","protected":false},"featured_media":54570,"comment_status":"open","ping_status":"closed","template":"","meta":{"_et_pb_use_builder":"","_et_pb_old_content":"","_et_gb_content_width":""},"product_cat":[11858,11929,11859,11907],"product_tag":[11860],"edicion":[11865],"editoriales":[11867],"tienda":[],"autor_id":[13894,13928],"universidades_coeditoras":[],"palabras_clave":[],"listado_alfabetico":[],"acf":[],"_links":{"self":[{"href":"https:\/\/wizardly-davinci.82-223-8-23.plesk.page\/en\/wp-json\/wp\/v2\/product\/54569"}],"collection":[{"href":"https:\/\/wizardly-davinci.82-223-8-23.plesk.page\/en\/wp-json\/wp\/v2\/product"}],"about":[{"href":"https:\/\/wizardly-davinci.82-223-8-23.plesk.page\/en\/wp-json\/wp\/v2\/types\/product"}],"replies":[{"embeddable":true,"href":"https:\/\/wizardly-davinci.82-223-8-23.plesk.page\/en\/wp-json\/wp\/v2\/comments?post=54569"}],"wp:featuredmedia":[{"embeddable":true,"href":"https:\/\/wizardly-davinci.82-223-8-23.plesk.page\/en\/wp-json\/wp\/v2\/media\/54570"}],"wp:attachment":[{"href":"https:\/\/wizardly-davinci.82-223-8-23.plesk.page\/en\/wp-json\/wp\/v2\/media?parent=54569"}],"wp:term":[{"taxonomy":"product_cat","embeddable":true,"href":"https:\/\/wizardly-davinci.82-223-8-23.plesk.page\/en\/wp-json\/wp\/v2\/product_cat?post=54569"},{"taxonomy":"product_tag","embeddable":true,"href":"https:\/\/wizardly-davinci.82-223-8-23.plesk.page\/en\/wp-json\/wp\/v2\/product_tag?post=54569"},{"taxonomy":"edicion","embeddable":true,"href":"https:\/\/wizardly-davinci.82-223-8-23.plesk.page\/en\/wp-json\/wp\/v2\/edicion?post=54569"},{"taxonomy":"editoriales","embeddable":true,"href":"https:\/\/wizardly-davinci.82-223-8-23.plesk.page\/en\/wp-json\/wp\/v2\/editoriales?post=54569"},{"taxonomy":"tienda","embeddable":true,"href":"https:\/\/wizardly-davinci.82-223-8-23.plesk.page\/en\/wp-json\/wp\/v2\/tienda?post=54569"},{"taxonomy":"autor_id","embeddable":true,"href":"https:\/\/wizardly-davinci.82-223-8-23.plesk.page\/en\/wp-json\/wp\/v2\/autor_id?post=54569"},{"taxonomy":"universidades_coeditoras","embeddable":true,"href":"https:\/\/wizardly-davinci.82-223-8-23.plesk.page\/en\/wp-json\/wp\/v2\/universidades_coeditoras?post=54569"},{"taxonomy":"palabras_clave","embeddable":true,"href":"https:\/\/wizardly-davinci.82-223-8-23.plesk.page\/en\/wp-json\/wp\/v2\/palabras_clave?post=54569"},{"taxonomy":"listado_alfabetico","embeddable":true,"href":"https:\/\/wizardly-davinci.82-223-8-23.plesk.page\/en\/wp-json\/wp\/v2\/listado_alfabetico?post=54569"}],"curies":[{"name":"wp","href":"https:\/\/api.w.org\/{rel}","templated":true}]}}