{"id":54572,"date":"2019-04-09T23:52:26","date_gmt":"2019-04-09T21:52:26","guid":{"rendered":"https:\/\/octaedro.com\/libro\/vii-cidui-congres-internacional-de-docencia-universitaria-i-innovacio-2012\/"},"modified":"2023-02-22T13:38:11","modified_gmt":"2023-02-22T12:38:11","slug":"vii-cidui-congres-internacional-de-docencia-universitaria-i-innovacio-2012-2","status":"publish","type":"product","link":"https:\/\/wizardly-davinci.82-223-8-23.plesk.page\/en\/producto\/vii-cidui-congres-internacional-de-docencia-universitaria-i-innovacio-2012-2\/","title":{"rendered":"VII CIDUI Congr\u00e9s Internacional de Doc\u00e8ncia Universit\u00e0ria i Innovaci\u00f3 2012"},"content":{"rendered":"<p>La visi\u00f3 de la universitat com una instituci\u00f3 socialment responsable obre encara grans dubtes i debats en els quals es fa palesa l\u2019existencia de cultures institucionals no sempre coincidents. Entenem que la reflexi\u00f3 i el debat sobre el comprom\u00eds de la universitat, com a instituci\u00f3 de la societat, en l\u2019actual marc de la informaci\u00f3 i del coneixement, t\u00e9 una import\u00e0ncia cabdal tant a curt termini com en l\u2019horitz\u00f3 dibuixat en l\u2019estrategia \u201cEuropa 2020\u201d de la Uni\u00f3 Europea.<\/p>\n","protected":false},"excerpt":{"rendered":"<p>La visi\u00f3 de la universitat com una instituci\u00f3 socialment responsable obre encara grans dubtes i debats en els quals es fa palesa l\u2019existencia de cultures institucionals no sempre coincidents. Entenem que la reflexi\u00f3 i el debat sobre el comprom\u00eds de la universitat, com a instituci\u00f3 de la societat, en l\u2019actual marc de la informaci\u00f3 i del coneixement, t\u00e9 una import\u00e0ncia cabdal tant a curt termini com en l\u2019horitz\u00f3 dibuixat en l\u2019estrategia \u201cEuropa 2020\u201d de la Uni\u00f3 Europea.<\/p>\n","protected":false},"featured_media":54573,"comment_status":"open","ping_status":"closed","template":"","meta":{"_et_pb_use_builder":"","_et_pb_old_content":"","_et_gb_content_width":""},"product_cat":[11858,11929,11907],"product_tag":[11860],"edicion":[11865],"editoriales":[11867],"tienda":[],"autor_id":[19117],"universidades_coeditoras":[14893],"palabras_clave":[],"listado_alfabetico":[],"acf":[],"_links":{"self":[{"href":"https:\/\/wizardly-davinci.82-223-8-23.plesk.page\/en\/wp-json\/wp\/v2\/product\/54572"}],"collection":[{"href":"https:\/\/wizardly-davinci.82-223-8-23.plesk.page\/en\/wp-json\/wp\/v2\/product"}],"about":[{"href":"https:\/\/wizardly-davinci.82-223-8-23.plesk.page\/en\/wp-json\/wp\/v2\/types\/product"}],"replies":[{"embeddable":true,"href":"https:\/\/wizardly-davinci.82-223-8-23.plesk.page\/en\/wp-json\/wp\/v2\/comments?post=54572"}],"wp:featuredmedia":[{"embeddable":true,"href":"https:\/\/wizardly-davinci.82-223-8-23.plesk.page\/en\/wp-json\/wp\/v2\/media\/54573"}],"wp:attachment":[{"href":"https:\/\/wizardly-davinci.82-223-8-23.plesk.page\/en\/wp-json\/wp\/v2\/media?parent=54572"}],"wp:term":[{"taxonomy":"product_cat","embeddable":true,"href":"https:\/\/wizardly-davinci.82-223-8-23.plesk.page\/en\/wp-json\/wp\/v2\/product_cat?post=54572"},{"taxonomy":"product_tag","embeddable":true,"href":"https:\/\/wizardly-davinci.82-223-8-23.plesk.page\/en\/wp-json\/wp\/v2\/product_tag?post=54572"},{"taxonomy":"edicion","embeddable":true,"href":"https:\/\/wizardly-davinci.82-223-8-23.plesk.page\/en\/wp-json\/wp\/v2\/edicion?post=54572"},{"taxonomy":"editoriales","embeddable":true,"href":"https:\/\/wizardly-davinci.82-223-8-23.plesk.page\/en\/wp-json\/wp\/v2\/editoriales?post=54572"},{"taxonomy":"tienda","embeddable":true,"href":"https:\/\/wizardly-davinci.82-223-8-23.plesk.page\/en\/wp-json\/wp\/v2\/tienda?post=54572"},{"taxonomy":"autor_id","embeddable":true,"href":"https:\/\/wizardly-davinci.82-223-8-23.plesk.page\/en\/wp-json\/wp\/v2\/autor_id?post=54572"},{"taxonomy":"universidades_coeditoras","embeddable":true,"href":"https:\/\/wizardly-davinci.82-223-8-23.plesk.page\/en\/wp-json\/wp\/v2\/universidades_coeditoras?post=54572"},{"taxonomy":"palabras_clave","embeddable":true,"href":"https:\/\/wizardly-davinci.82-223-8-23.plesk.page\/en\/wp-json\/wp\/v2\/palabras_clave?post=54572"},{"taxonomy":"listado_alfabetico","embeddable":true,"href":"https:\/\/wizardly-davinci.82-223-8-23.plesk.page\/en\/wp-json\/wp\/v2\/listado_alfabetico?post=54572"}],"curies":[{"name":"wp","href":"https:\/\/api.w.org\/{rel}","templated":true}]}}