{"id":54574,"date":"2019-04-09T23:52:25","date_gmt":"2019-04-09T21:52:25","guid":{"rendered":"https:\/\/octaedro.com\/libro\/la-formacion-del-profesorado-novel-en-la-universidad-de-barcelona\/"},"modified":"2023-02-22T13:38:11","modified_gmt":"2023-02-22T12:38:11","slug":"la-formacion-del-profesorado-novel-en-la-universidad-de-barcelona-2-2","status":"publish","type":"product","link":"https:\/\/wizardly-davinci.82-223-8-23.plesk.page\/en\/producto\/la-formacion-del-profesorado-novel-en-la-universidad-de-barcelona-2-2\/","title":{"rendered":"La formaci\u00f3n del profesorado novel en la Universidad de Barcelona"},"content":{"rendered":"<p>La docencia universitaria es una tarea compleja y exigente, tanto desde una perspectiva personal como institucional. A menudo se asume, err\u00f3neamente, que los nuevos profesores universitarios conocen c\u00f3mo ense\u00f1ar porque ellos tuvieron oportunidad de experimentar c\u00f3mo les ense\u00f1aban cuando fueron estudiantes. Sin embargo, la imitaci\u00f3n o el aprendizaje vicario no es un buen recurso para asegurar la competencia en una tarea altamente especializada, como la ense\u00f1anza universitaria, que necesita entrenamiento, reflexi\u00f3n e intercambio de conocimientos y experiencias.<br \/>\nLos profesores noveles han de recibir una formaci\u00f3n que les permita adquirir unas competencias docentes b\u00e1sicas. Estas competencias se deber\u00edan ir ampliando y mejorando a lo largo de la carrera docente universitaria, a trav\u00e9s de un proceso continuado de formaci\u00f3n que les facilite la adaptaci\u00f3n a los nuevos retos y exigencias de la actividad docente.<br \/>\nEste cuaderno presenta, en su primera parte, el M\u00e1ster en Docencia Universitaria para Profesorado Novel de la Universidad de Barcelona: antecedentes, estructura, contenidos formativos y programa de seguimiento de la formaci\u00f3n de los profesores noveles. La segunda parte recoge los resultados de un estudio sobre la formaci\u00f3n que se ofrece al profesorado novel en 41 universidades espa\u00f1olas.<\/p>\n","protected":false},"excerpt":{"rendered":"<p>La docencia universitaria es una tarea compleja y exigente, tanto desde una perspectiva personal como institucional. A menudo se asume, err\u00f3neamente, que los nuevos profesores universitarios conocen c\u00f3mo ense\u00f1ar porque ellos tuvieron oportunidad de experimentar c\u00f3mo les ense\u00f1aban cuando fueron estudiantes. Sin embargo, la imitaci\u00f3n o el aprendizaje vicario no es un buen recurso para asegurar la competencia en una tarea altamente especializada, como la ense\u00f1anza universitaria, que necesita entrenamiento, reflexi\u00f3n e intercambio de conocimientos y experiencias.<br \/>\nLos profesores noveles han de recibir una formaci\u00f3n que les permita adquirir unas competencias docentes b\u00e1sicas. Estas competencias se deber\u00edan ir ampliando y mejorando a lo largo de la carrera docente universitaria, a trav\u00e9s de un proceso continuado de formaci\u00f3n que les facilite la adaptaci\u00f3n a los nuevos retos y exigencias de la actividad docente.<br \/>\nEste cuaderno presenta, en su primera parte, el M\u00e1ster en Docencia Universitaria para Profesorado Novel de la Universidad de Barcelona: antecedentes, estructura, contenidos formativos y programa de seguimiento de la formaci\u00f3n de los profesores noveles. La segunda parte recoge los resultados de un estudio sobre la formaci\u00f3n que se ofrece al profesorado novel en 41 universidades espa\u00f1olas.<\/p>\n","protected":false},"featured_media":54575,"comment_status":"open","ping_status":"closed","template":"","meta":{"_et_pb_use_builder":"","_et_pb_old_content":"","_et_gb_content_width":""},"product_cat":[11858,11929,11907],"product_tag":[],"edicion":[],"editoriales":[11867],"tienda":[],"autor_id":[13797],"universidades_coeditoras":[],"palabras_clave":[],"listado_alfabetico":[],"acf":[],"_links":{"self":[{"href":"https:\/\/wizardly-davinci.82-223-8-23.plesk.page\/en\/wp-json\/wp\/v2\/product\/54574"}],"collection":[{"href":"https:\/\/wizardly-davinci.82-223-8-23.plesk.page\/en\/wp-json\/wp\/v2\/product"}],"about":[{"href":"https:\/\/wizardly-davinci.82-223-8-23.plesk.page\/en\/wp-json\/wp\/v2\/types\/product"}],"replies":[{"embeddable":true,"href":"https:\/\/wizardly-davinci.82-223-8-23.plesk.page\/en\/wp-json\/wp\/v2\/comments?post=54574"}],"wp:featuredmedia":[{"embeddable":true,"href":"https:\/\/wizardly-davinci.82-223-8-23.plesk.page\/en\/wp-json\/wp\/v2\/media\/54575"}],"wp:attachment":[{"href":"https:\/\/wizardly-davinci.82-223-8-23.plesk.page\/en\/wp-json\/wp\/v2\/media?parent=54574"}],"wp:term":[{"taxonomy":"product_cat","embeddable":true,"href":"https:\/\/wizardly-davinci.82-223-8-23.plesk.page\/en\/wp-json\/wp\/v2\/product_cat?post=54574"},{"taxonomy":"product_tag","embeddable":true,"href":"https:\/\/wizardly-davinci.82-223-8-23.plesk.page\/en\/wp-json\/wp\/v2\/product_tag?post=54574"},{"taxonomy":"edicion","embeddable":true,"href":"https:\/\/wizardly-davinci.82-223-8-23.plesk.page\/en\/wp-json\/wp\/v2\/edicion?post=54574"},{"taxonomy":"editoriales","embeddable":true,"href":"https:\/\/wizardly-davinci.82-223-8-23.plesk.page\/en\/wp-json\/wp\/v2\/editoriales?post=54574"},{"taxonomy":"tienda","embeddable":true,"href":"https:\/\/wizardly-davinci.82-223-8-23.plesk.page\/en\/wp-json\/wp\/v2\/tienda?post=54574"},{"taxonomy":"autor_id","embeddable":true,"href":"https:\/\/wizardly-davinci.82-223-8-23.plesk.page\/en\/wp-json\/wp\/v2\/autor_id?post=54574"},{"taxonomy":"universidades_coeditoras","embeddable":true,"href":"https:\/\/wizardly-davinci.82-223-8-23.plesk.page\/en\/wp-json\/wp\/v2\/universidades_coeditoras?post=54574"},{"taxonomy":"palabras_clave","embeddable":true,"href":"https:\/\/wizardly-davinci.82-223-8-23.plesk.page\/en\/wp-json\/wp\/v2\/palabras_clave?post=54574"},{"taxonomy":"listado_alfabetico","embeddable":true,"href":"https:\/\/wizardly-davinci.82-223-8-23.plesk.page\/en\/wp-json\/wp\/v2\/listado_alfabetico?post=54574"}],"curies":[{"name":"wp","href":"https:\/\/api.w.org\/{rel}","templated":true}]}}