{"id":54578,"date":"2019-04-09T23:01:40","date_gmt":"2019-04-09T21:01:40","guid":{"rendered":"https:\/\/octaedro.com\/libro\/psychosocial-risks-teachers-work-and-health\/"},"modified":"2023-02-22T13:38:11","modified_gmt":"2023-02-22T12:38:11","slug":"riesgos-psicosociales-trabajo-docente-y-salud-2","status":"publish","type":"product","link":"https:\/\/wizardly-davinci.82-223-8-23.plesk.page\/en\/producto\/riesgos-psicosociales-trabajo-docente-y-salud-2\/","title":{"rendered":"Psychosocial risks, teachers&#8217; work and health"},"content":{"rendered":"<p>Este libro recoge las principales aportaciones al II Congreso Internacional \u00abSalud laboral: Aspectos sociales de la prevenci\u00f3n\u00bb, celebrado en la Universidad Nacional de Mar del Plata (Argentina), y organizado por Consejo Interuniversitario Nacional de la Argentina y la Red Universitaria Iberoamericana de Investigaci\u00f3n y Promoci\u00f3n de la Seguridad y Salud Laboral (Iberpsoc), con el apoyo de la Federaci\u00f3n Nacional de Docentes Universitarios de la Argentina (CONADU) y otros agentes muy destacados: Superintendencia de Riesgos del Trabajo, CONICET, Credicoop, ADUM, CTA o la Asociaci\u00f3n Universitaria Iberoamericana de Posgrado (Auip), entre otros.<\/p>\n<p>El hilo conductor de la obra es la problem\u00e1tica de los riesgos psicosociales, el trabajo de los docentes y la salud laboral. Contiene reflexiones te\u00f3ricas y aplicaciones pr\u00e1cticas en torno a diversos temas interrelacionados: gesti\u00f3n universitaria de pol\u00edticas en el \u00e1mbito de la prevenci\u00f3n de riesgos laborales o de la gesti\u00f3n ambiental; experiencias e investigaci\u00f3n te\u00f3rico-pr\u00e1ctica sobre el paradigma de trabajo decente; experiencias novedosas, buenas pr\u00e1cticas y aportaciones investigadoras nacidas de la praxis sobre la participaci\u00f3n de los trabajadores en los sistemas de gesti\u00f3n preventiva de las empresas; posibilidades de intervenci\u00f3n en salud laboral desde una perspectiva social, y experiencias de promoci\u00f3n de la salud en el medio laboral.<\/p>\n<p>La mayor riqueza de la obra reside, por un lado, en que aporta una visi\u00f3n iberoamericana de la problem\u00e1tica, gracias a la diversidad y procedencia de los trabajos, desarrollados por especialistas de Argentina, Colombia, Espa\u00f1a, M\u00e9xico, Nicaragua, Uruguay y Venezuela; por otro, en que trasciende visiones meramente tecnocr\u00e1ticas de la prevenci\u00f3n e introduce conceptos sobre cultura organizativa que permiten reflexionar, dialogar e impulsar el debate alrededor de los aspectos m\u00e1s sociales de la prevenci\u00f3n.<\/p>\n","protected":false},"excerpt":{"rendered":"<p>Este libro recoge las principales aportaciones al II Congreso Internacional \u00abSalud laboral: Aspectos sociales de la prevenci\u00f3n\u00bb, celebrado en la Universidad Nacional de Mar del Plata (Argentina), y organizado por Consejo Interuniversitario Nacional de la Argentina y la Red Universitaria Iberoamericana de Investigaci\u00f3n y Promoci\u00f3n de la Seguridad y Salud Laboral (Iberpsoc), con el apoyo de la Federaci\u00f3n Nacional de Docentes Universitarios de la Argentina (CONADU) y otros agentes muy destacados: Superintendencia de Riesgos del Trabajo, CONICET, Credicoop, ADUM, CTA o la Asociaci\u00f3n Universitaria Iberoamericana de Posgrado (Auip), entre otros.<\/p>\n<p>El hilo conductor de la obra es la problem\u00e1tica de los riesgos psicosociales, el trabajo de los docentes y la salud laboral. Contiene reflexiones te\u00f3ricas y aplicaciones pr\u00e1cticas en torno a diversos temas interrelacionados: gesti\u00f3n universitaria de pol\u00edticas en el \u00e1mbito de la prevenci\u00f3n de riesgos laborales o de la gesti\u00f3n ambiental; experiencias e investigaci\u00f3n te\u00f3rico-pr\u00e1ctica sobre el paradigma de trabajo decente; experiencias novedosas, buenas pr\u00e1cticas y aportaciones investigadoras nacidas de la praxis sobre la participaci\u00f3n de los trabajadores en los sistemas de gesti\u00f3n preventiva de las empresas; posibilidades de intervenci\u00f3n en salud laboral desde una perspectiva social, y experiencias de promoci\u00f3n de la salud en el medio laboral.<\/p>\n<p>La mayor riqueza de la obra reside, por un lado, en que aporta una visi\u00f3n iberoamericana de la problem\u00e1tica, gracias a la diversidad y procedencia de los trabajos, desarrollados por especialistas de Argentina, Colombia, Espa\u00f1a, M\u00e9xico, Nicaragua, Uruguay y Venezuela; por otro, en que trasciende visiones meramente tecnocr\u00e1ticas de la prevenci\u00f3n e introduce conceptos sobre cultura organizativa que permiten reflexionar, dialogar e impulsar el debate alrededor de los aspectos m\u00e1s sociales de la prevenci\u00f3n.<\/p>\n","protected":false},"featured_media":54579,"comment_status":"open","ping_status":"closed","template":"","meta":{"_et_pb_use_builder":"off","_et_pb_old_content":"<a href=\"\/\/goo.gl\/3ifH4B\">Descarga gratuita en formato EPUB<\/a>\n\nEste libro recoge las principales aportaciones al II Congreso Internacional \u00abSalud laboral: Aspectos sociales de la prevenci\u00f3n\u00bb, celebrado en la Universidad Nacional de Mar del Plata (Argentina), y organizado por Consejo Interuniversitario Nacional de la Argentina y la Red Universitaria Iberoamericana de Investigaci\u00f3n y Promoci\u00f3n de la Seguridad y Salud Laboral (Iberpsoc), con el apoyo de la Federaci\u00f3n Nacional de Docentes Universitarios de la Argentina (CONADU) y otros agentes muy destacados: Superintendencia de Riesgos del Trabajo, CONICET, Credicoop, ADUM, CTA o la Asociaci\u00f3n Universitaria Iberoamericana de Posgrado (Auip), entre otros.\n\nEl hilo conductor de la obra es la problem\u00e1tica de los riesgos psicosociales, el trabajo de los docentes y la salud laboral. Contiene reflexiones te\u00f3ricas y aplicaciones pr\u00e1cticas en torno a diversos temas interrelacionados: gesti\u00f3n universitaria de pol\u00edticas en el \u00e1mbito de la prevenci\u00f3n de riesgos laborales o de la gesti\u00f3n ambiental; experiencias e investigaci\u00f3n te\u00f3rico-pr\u00e1ctica sobre el paradigma de trabajo decente; experiencias novedosas, buenas pr\u00e1cticas y aportaciones investigadoras nacidas de la praxis sobre la participaci\u00f3n de los trabajadores en los sistemas de gesti\u00f3n preventiva de las empresas; posibilidades de intervenci\u00f3n en salud laboral desde una perspectiva social, y experiencias de promoci\u00f3n de la salud en el medio laboral.\n\nLa mayor riqueza de la obra reside, por un lado, en que aporta una visi\u00f3n iberoamericana de la problem\u00e1tica, gracias a la diversidad y procedencia de los trabajos, desarrollados por especialistas de Argentina, Colombia, Espa\u00f1a, M\u00e9xico, Nicaragua, Uruguay y Venezuela; por otro, en que trasciende visiones meramente tecnocr\u00e1ticas de la prevenci\u00f3n e introduce conceptos sobre cultura organizativa que permiten reflexionar, dialogar e impulsar el debate alrededor de los aspectos m\u00e1s sociales de la prevenci\u00f3n.","_et_gb_content_width":""},"product_cat":[11929,11912,11900,11907],"product_tag":[11888],"edicion":[12199],"editoriales":[11867],"tienda":[],"autor_id":[14112,12591,14218,14596],"universidades_coeditoras":[12312],"palabras_clave":[],"listado_alfabetico":[],"acf":[],"_links":{"self":[{"href":"https:\/\/wizardly-davinci.82-223-8-23.plesk.page\/en\/wp-json\/wp\/v2\/product\/54578"}],"collection":[{"href":"https:\/\/wizardly-davinci.82-223-8-23.plesk.page\/en\/wp-json\/wp\/v2\/product"}],"about":[{"href":"https:\/\/wizardly-davinci.82-223-8-23.plesk.page\/en\/wp-json\/wp\/v2\/types\/product"}],"replies":[{"embeddable":true,"href":"https:\/\/wizardly-davinci.82-223-8-23.plesk.page\/en\/wp-json\/wp\/v2\/comments?post=54578"}],"wp:featuredmedia":[{"embeddable":true,"href":"https:\/\/wizardly-davinci.82-223-8-23.plesk.page\/en\/wp-json\/wp\/v2\/media\/54579"}],"wp:attachment":[{"href":"https:\/\/wizardly-davinci.82-223-8-23.plesk.page\/en\/wp-json\/wp\/v2\/media?parent=54578"}],"wp:term":[{"taxonomy":"product_cat","embeddable":true,"href":"https:\/\/wizardly-davinci.82-223-8-23.plesk.page\/en\/wp-json\/wp\/v2\/product_cat?post=54578"},{"taxonomy":"product_tag","embeddable":true,"href":"https:\/\/wizardly-davinci.82-223-8-23.plesk.page\/en\/wp-json\/wp\/v2\/product_tag?post=54578"},{"taxonomy":"edicion","embeddable":true,"href":"https:\/\/wizardly-davinci.82-223-8-23.plesk.page\/en\/wp-json\/wp\/v2\/edicion?post=54578"},{"taxonomy":"editoriales","embeddable":true,"href":"https:\/\/wizardly-davinci.82-223-8-23.plesk.page\/en\/wp-json\/wp\/v2\/editoriales?post=54578"},{"taxonomy":"tienda","embeddable":true,"href":"https:\/\/wizardly-davinci.82-223-8-23.plesk.page\/en\/wp-json\/wp\/v2\/tienda?post=54578"},{"taxonomy":"autor_id","embeddable":true,"href":"https:\/\/wizardly-davinci.82-223-8-23.plesk.page\/en\/wp-json\/wp\/v2\/autor_id?post=54578"},{"taxonomy":"universidades_coeditoras","embeddable":true,"href":"https:\/\/wizardly-davinci.82-223-8-23.plesk.page\/en\/wp-json\/wp\/v2\/universidades_coeditoras?post=54578"},{"taxonomy":"palabras_clave","embeddable":true,"href":"https:\/\/wizardly-davinci.82-223-8-23.plesk.page\/en\/wp-json\/wp\/v2\/palabras_clave?post=54578"},{"taxonomy":"listado_alfabetico","embeddable":true,"href":"https:\/\/wizardly-davinci.82-223-8-23.plesk.page\/en\/wp-json\/wp\/v2\/listado_alfabetico?post=54578"}],"curies":[{"name":"wp","href":"https:\/\/api.w.org\/{rel}","templated":true}]}}