{"id":54591,"date":"2022-01-19T18:04:41","date_gmt":"2022-01-19T17:04:41","guid":{"rendered":"https:\/\/octaedro.com\/libro\/ds-la-revista-del-diari-de-la-sanitat-num-11\/"},"modified":"2023-03-08T12:20:36","modified_gmt":"2023-03-08T11:20:36","slug":"ds-la-revista-del-diari-de-la-sanitat-num-11-2","status":"publish","type":"product","link":"https:\/\/wizardly-davinci.82-223-8-23.plesk.page\/en\/producto\/ds-la-revista-del-diari-de-la-sanitat-num-11-2\/","title":{"rendered":"Ds \u2013 La Revista d\u2019El Diari de la Sanitat. N\u00fam. 11"},"content":{"rendered":"","protected":false},"excerpt":{"rendered":"<p><strong>Editorial: M\u00e9s enll\u00e0 de les xifres<\/strong><\/p>\n<p>Des de l\u2019inici de la pand\u00e8mia de la Covid-19, els mitjans de comunicaci\u00f3 han anat recollint les xifres de contagis, ingressos i defuncions. Amb el temps, ens hem anat acostumant a aquesta allau constant de xifres, fins al punt de normalitzar-les dins el nostre dia a dia. Per\u00f2 darrere de cada xifra hi ha una persona: una persona que s\u2019ha contagiat, que ha ingressat per Covid a l\u2019hospital, o una persona que ha mort a causa de la malaltia. En aquesta revista volem posar el focus, precisament, en les persones. En les hist\u00f2ries personals que s\u2019amaguen darrere d\u2019aquesta crisi sanit\u00e0ria que ha fet trontollar completament el nostre sistema sanitari.<\/p>\n<p>\u00c9s evident que la principal fortalesa que t\u00e9 un pa\u00eds a l\u2019hora de fer front a una crisi sanit\u00e0ria de la magnitud que estem vivint \u00e9s disposar d\u2019un sistema eficient i ben finan\u00e7at, per\u00f2 el nostre sistema sanitari, i amb la pand\u00e8mia s\u2019ha vist clarament, arrossega grans d\u00e8ficits i debilitats des de fa anys, a causa de les retallades en sanitat. La crisi sanit\u00e0ria tamb\u00e9 ha posat de manifest que tenim uns professionals sanitaris excel\u00b7lents, que mereixen ser cuidats i estar ben retribu\u00efts, amb unes condicions laborals dignes. No s\u00f3n herois ni soldats. S\u00f3n treballadors i treballadores de la sanitat al servei de la salut de les persones i de la societat.<\/p>\n<p>Aquesta publicaci\u00f3 tamb\u00e9 vol ser un homenatge a la tasca assistencial de tots aquests professionals i a la seva capacitat de curar, per\u00f2 tamb\u00e9 de cuidar. A m\u00e9s d\u2019algunes de les \u2018hist\u00f2ries de la pand\u00e8mia\u2019, en aquesta nova publicaci\u00f3 en paper abordem tamb\u00e9 temes com l\u2019impacte de la pand\u00e8mia en la salut mental de la poblaci\u00f3, l\u2019augment de les desigualtats socials a causa de la Covid o les conseq\u00fc\u00e8ncies que aquesta crisi sanit\u00e0ria ha tingut en el diagn\u00f2stic i tractament d\u2019altres malalties.<\/p>\n<p>El Diari de la Sanitat va n\u00e9ixer el 2016 amb la voluntat de fer un periodisme independent i lliure al servei de la comunitat que lluita en primera l\u00ednia per defensar un dret tan essencial com \u00e9s el de la salut i l\u2019assist\u00e8ncia sanit\u00e0ria. Nosaltres seguirem aqu\u00ed. Al vostre costat.<\/p>\n","protected":false},"featured_media":54434,"comment_status":"open","ping_status":"closed","template":"","meta":{"_et_pb_use_builder":"","_et_pb_old_content":"","_et_gb_content_width":""},"product_cat":[11858,11913,11859],"product_tag":[11893],"edicion":[12178,11865],"editoriales":[11931],"tienda":[],"autor_id":[],"universidades_coeditoras":[],"palabras_clave":[],"listado_alfabetico":[],"acf":[],"_links":{"self":[{"href":"https:\/\/wizardly-davinci.82-223-8-23.plesk.page\/en\/wp-json\/wp\/v2\/product\/54591"}],"collection":[{"href":"https:\/\/wizardly-davinci.82-223-8-23.plesk.page\/en\/wp-json\/wp\/v2\/product"}],"about":[{"href":"https:\/\/wizardly-davinci.82-223-8-23.plesk.page\/en\/wp-json\/wp\/v2\/types\/product"}],"replies":[{"embeddable":true,"href":"https:\/\/wizardly-davinci.82-223-8-23.plesk.page\/en\/wp-json\/wp\/v2\/comments?post=54591"}],"wp:featuredmedia":[{"embeddable":true,"href":"https:\/\/wizardly-davinci.82-223-8-23.plesk.page\/en\/wp-json\/wp\/v2\/media\/54434"}],"wp:attachment":[{"href":"https:\/\/wizardly-davinci.82-223-8-23.plesk.page\/en\/wp-json\/wp\/v2\/media?parent=54591"}],"wp:term":[{"taxonomy":"product_cat","embeddable":true,"href":"https:\/\/wizardly-davinci.82-223-8-23.plesk.page\/en\/wp-json\/wp\/v2\/product_cat?post=54591"},{"taxonomy":"product_tag","embeddable":true,"href":"https:\/\/wizardly-davinci.82-223-8-23.plesk.page\/en\/wp-json\/wp\/v2\/product_tag?post=54591"},{"taxonomy":"edicion","embeddable":true,"href":"https:\/\/wizardly-davinci.82-223-8-23.plesk.page\/en\/wp-json\/wp\/v2\/edicion?post=54591"},{"taxonomy":"editoriales","embeddable":true,"href":"https:\/\/wizardly-davinci.82-223-8-23.plesk.page\/en\/wp-json\/wp\/v2\/editoriales?post=54591"},{"taxonomy":"tienda","embeddable":true,"href":"https:\/\/wizardly-davinci.82-223-8-23.plesk.page\/en\/wp-json\/wp\/v2\/tienda?post=54591"},{"taxonomy":"autor_id","embeddable":true,"href":"https:\/\/wizardly-davinci.82-223-8-23.plesk.page\/en\/wp-json\/wp\/v2\/autor_id?post=54591"},{"taxonomy":"universidades_coeditoras","embeddable":true,"href":"https:\/\/wizardly-davinci.82-223-8-23.plesk.page\/en\/wp-json\/wp\/v2\/universidades_coeditoras?post=54591"},{"taxonomy":"palabras_clave","embeddable":true,"href":"https:\/\/wizardly-davinci.82-223-8-23.plesk.page\/en\/wp-json\/wp\/v2\/palabras_clave?post=54591"},{"taxonomy":"listado_alfabetico","embeddable":true,"href":"https:\/\/wizardly-davinci.82-223-8-23.plesk.page\/en\/wp-json\/wp\/v2\/listado_alfabetico?post=54591"}],"curies":[{"name":"wp","href":"https:\/\/api.w.org\/{rel}","templated":true}]}}