{"id":54593,"date":"2020-07-31T15:31:43","date_gmt":"2020-07-31T13:31:43","guid":{"rendered":"https:\/\/octaedro.com\/libro\/aprenentatge-basat-en-projectes-grans-experiencia-i-llicons-apreses\/"},"modified":"2023-02-22T13:38:16","modified_gmt":"2023-02-22T12:38:16","slug":"aprenentatge-basat-en-projectes-grans-experiencia-i-llicons-apreses-2","status":"publish","type":"product","link":"https:\/\/wizardly-davinci.82-223-8-23.plesk.page\/en\/producto\/aprenentatge-basat-en-projectes-grans-experiencia-i-llicons-apreses-2\/","title":{"rendered":"Aprenentatge basat en projectes grans: experi\u00e8ncia i lli\u00e7ons apreses"},"content":{"rendered":"","protected":false},"excerpt":{"rendered":"<p>L\u2019aprenentatge basat en projectes (ABP) \u00e9s un model d\u2019ensenyament-aprenentatge en qu\u00e8 els continguts s\u2019aprenen i els objectius s\u2019assoleixen mitjan\u00e7ant la realitzaci\u00f3 d\u2019un projecte que l\u2019alumnat desenvolupa organitzat en equips de treball. El projecte parteix d\u2019una an\u00e0lisi pr\u00e8via del professorat per assegurar que cada estudiant t\u00e9 la capacitat de poder-lo resoldre i que, a mesura que el vagi desenvolupant, adquirir\u00e0 totes les compet\u00e8ncies i les habilitats requerides.<br \/>\nEls avantatges d\u2019aplicar un model d\u2019ABP s\u00f3n moltes, entre les quals l\u2019augment de la motivaci\u00f3, la participaci\u00f3 i l\u2019autoestima, aix\u00ed com el desenvolupament d\u2019habilitats i de compet\u00e8ncies importants com ara el treball en equip, la planificaci\u00f3, la comunicaci\u00f3 efectiva, la gesti\u00f3 del temps, la presa de decisions i la resoluci\u00f3 de problemes, totes elles adre\u00e7ades a preparar m\u00e9s b\u00e9 l\u2019alumnat perqu\u00e8 s\u2019encari amb les situacions reals que es trobar\u00e0 en el m\u00f3n professional.<br \/>\nL\u2019objectiu d\u2019aquest document \u00e9s proporcionar una guia d\u2019aplicaci\u00f3 de l\u2019ABP partint de l\u2019experi\u00e8ncia pr\u00f2pia en enginyeria en projectes que engloben diverses assignatures. Pret\u00e9n aportar un seguit d\u2019aspectes clau en forma de lli\u00e7ons apreses per tenir-les en compte a l\u2019hora d\u2019afrontar el disseny d\u2019un ABP que comprengui un curs o itinerari complet.<\/p>\n","protected":false},"featured_media":52519,"comment_status":"open","ping_status":"closed","template":"","meta":{"_et_pb_use_builder":"","_et_pb_old_content":"","_et_gb_content_width":""},"product_cat":[11876,11913,11859,11900],"product_tag":[],"edicion":[12178,11865],"editoriales":[11867,12224],"tienda":[],"autor_id":[19688,14312,19689,19690],"universidades_coeditoras":[],"palabras_clave":[],"listado_alfabetico":[],"acf":[],"_links":{"self":[{"href":"https:\/\/wizardly-davinci.82-223-8-23.plesk.page\/en\/wp-json\/wp\/v2\/product\/54593"}],"collection":[{"href":"https:\/\/wizardly-davinci.82-223-8-23.plesk.page\/en\/wp-json\/wp\/v2\/product"}],"about":[{"href":"https:\/\/wizardly-davinci.82-223-8-23.plesk.page\/en\/wp-json\/wp\/v2\/types\/product"}],"replies":[{"embeddable":true,"href":"https:\/\/wizardly-davinci.82-223-8-23.plesk.page\/en\/wp-json\/wp\/v2\/comments?post=54593"}],"wp:featuredmedia":[{"embeddable":true,"href":"https:\/\/wizardly-davinci.82-223-8-23.plesk.page\/en\/wp-json\/wp\/v2\/media\/52519"}],"wp:attachment":[{"href":"https:\/\/wizardly-davinci.82-223-8-23.plesk.page\/en\/wp-json\/wp\/v2\/media?parent=54593"}],"wp:term":[{"taxonomy":"product_cat","embeddable":true,"href":"https:\/\/wizardly-davinci.82-223-8-23.plesk.page\/en\/wp-json\/wp\/v2\/product_cat?post=54593"},{"taxonomy":"product_tag","embeddable":true,"href":"https:\/\/wizardly-davinci.82-223-8-23.plesk.page\/en\/wp-json\/wp\/v2\/product_tag?post=54593"},{"taxonomy":"edicion","embeddable":true,"href":"https:\/\/wizardly-davinci.82-223-8-23.plesk.page\/en\/wp-json\/wp\/v2\/edicion?post=54593"},{"taxonomy":"editoriales","embeddable":true,"href":"https:\/\/wizardly-davinci.82-223-8-23.plesk.page\/en\/wp-json\/wp\/v2\/editoriales?post=54593"},{"taxonomy":"tienda","embeddable":true,"href":"https:\/\/wizardly-davinci.82-223-8-23.plesk.page\/en\/wp-json\/wp\/v2\/tienda?post=54593"},{"taxonomy":"autor_id","embeddable":true,"href":"https:\/\/wizardly-davinci.82-223-8-23.plesk.page\/en\/wp-json\/wp\/v2\/autor_id?post=54593"},{"taxonomy":"universidades_coeditoras","embeddable":true,"href":"https:\/\/wizardly-davinci.82-223-8-23.plesk.page\/en\/wp-json\/wp\/v2\/universidades_coeditoras?post=54593"},{"taxonomy":"palabras_clave","embeddable":true,"href":"https:\/\/wizardly-davinci.82-223-8-23.plesk.page\/en\/wp-json\/wp\/v2\/palabras_clave?post=54593"},{"taxonomy":"listado_alfabetico","embeddable":true,"href":"https:\/\/wizardly-davinci.82-223-8-23.plesk.page\/en\/wp-json\/wp\/v2\/listado_alfabetico?post=54593"}],"curies":[{"name":"wp","href":"https:\/\/api.w.org\/{rel}","templated":true}]}}