{"id":54595,"date":"2020-07-31T15:32:39","date_gmt":"2020-07-31T15:32:39","guid":{"rendered":"https:\/\/octaedro.com\/libro\/aprendizaje-basado-en-proyectos-grandes-experiencia-y-lecciones-aprendidas\/"},"modified":"2023-02-22T13:38:16","modified_gmt":"2023-02-22T12:38:16","slug":"aprendizaje-basado-en-proyectos-grandes-experiencia-y-lecciones-aprendidas-2","status":"publish","type":"product","link":"https:\/\/wizardly-davinci.82-223-8-23.plesk.page\/en\/producto\/aprendizaje-basado-en-proyectos-grandes-experiencia-y-lecciones-aprendidas-2\/","title":{"rendered":"Aprendizaje basado en proyectos grandes: experiencia y lecciones aprendidas"},"content":{"rendered":"","protected":false},"excerpt":{"rendered":"<p>El aprendizaje basado en proyectos (ABP) es un modelo de ense\u00f1anza-aprendizaje donde los contenidos se aprenden y los objetivos se alcanzan en base a la realizaci\u00f3n de un proyecto que el alumnado desarrolla organizado en equipos de trabajo. El proyecto parte de un an\u00e1lisis previo del profesorado para asegurar que cada estudiante tiene capacidad para poder resolverlo, y que en su desarrollo adquirir\u00e1 todas las competencias y las habilidades requeridas.<br \/>\nLas ventajas de la aplicaci\u00f3n de un modelo de ABP son muchas, y entre ellas destacan el aumento de la motivaci\u00f3n, la participaci\u00f3n y la autoestima, y el desarrollo de habilidades y competencias importantes, como el trabajo en equipo, la planificaci\u00f3n, la comunicaci\u00f3n efectiva, la gesti\u00f3n del tiempo, la toma de decisiones y la resoluci\u00f3n de problemas; todas ellas encaminadas a preparar mejor al alumnado para afrontar las situaciones reales que se encontrar\u00e1n en el mundo profesional.<br \/>\nEl objetivo de este documento es proporcionar una gu\u00eda de aplicaci\u00f3n del ABP partiendo de la experiencia propia en ingenier\u00eda en proyectos que involucran a varias asignaturas. Su pretensi\u00f3n es aportar aspectos clave en forma de lecciones aprendidas para tenerlas en cuenta si se afronta el dise\u00f1o de un ABP que comprenda un curso o itinerario completo.<\/p>\n","protected":false},"featured_media":52515,"comment_status":"open","ping_status":"closed","template":"","meta":{"_et_pb_use_builder":"","_et_pb_old_content":"","_et_gb_content_width":""},"product_cat":[11876,11913,11900],"product_tag":[11887],"edicion":[12178],"editoriales":[11867,12224],"tienda":[],"autor_id":[19688,19696,19689,19690],"universidades_coeditoras":[],"palabras_clave":[],"listado_alfabetico":[],"acf":[],"_links":{"self":[{"href":"https:\/\/wizardly-davinci.82-223-8-23.plesk.page\/en\/wp-json\/wp\/v2\/product\/54595"}],"collection":[{"href":"https:\/\/wizardly-davinci.82-223-8-23.plesk.page\/en\/wp-json\/wp\/v2\/product"}],"about":[{"href":"https:\/\/wizardly-davinci.82-223-8-23.plesk.page\/en\/wp-json\/wp\/v2\/types\/product"}],"replies":[{"embeddable":true,"href":"https:\/\/wizardly-davinci.82-223-8-23.plesk.page\/en\/wp-json\/wp\/v2\/comments?post=54595"}],"wp:featuredmedia":[{"embeddable":true,"href":"https:\/\/wizardly-davinci.82-223-8-23.plesk.page\/en\/wp-json\/wp\/v2\/media\/52515"}],"wp:attachment":[{"href":"https:\/\/wizardly-davinci.82-223-8-23.plesk.page\/en\/wp-json\/wp\/v2\/media?parent=54595"}],"wp:term":[{"taxonomy":"product_cat","embeddable":true,"href":"https:\/\/wizardly-davinci.82-223-8-23.plesk.page\/en\/wp-json\/wp\/v2\/product_cat?post=54595"},{"taxonomy":"product_tag","embeddable":true,"href":"https:\/\/wizardly-davinci.82-223-8-23.plesk.page\/en\/wp-json\/wp\/v2\/product_tag?post=54595"},{"taxonomy":"edicion","embeddable":true,"href":"https:\/\/wizardly-davinci.82-223-8-23.plesk.page\/en\/wp-json\/wp\/v2\/edicion?post=54595"},{"taxonomy":"editoriales","embeddable":true,"href":"https:\/\/wizardly-davinci.82-223-8-23.plesk.page\/en\/wp-json\/wp\/v2\/editoriales?post=54595"},{"taxonomy":"tienda","embeddable":true,"href":"https:\/\/wizardly-davinci.82-223-8-23.plesk.page\/en\/wp-json\/wp\/v2\/tienda?post=54595"},{"taxonomy":"autor_id","embeddable":true,"href":"https:\/\/wizardly-davinci.82-223-8-23.plesk.page\/en\/wp-json\/wp\/v2\/autor_id?post=54595"},{"taxonomy":"universidades_coeditoras","embeddable":true,"href":"https:\/\/wizardly-davinci.82-223-8-23.plesk.page\/en\/wp-json\/wp\/v2\/universidades_coeditoras?post=54595"},{"taxonomy":"palabras_clave","embeddable":true,"href":"https:\/\/wizardly-davinci.82-223-8-23.plesk.page\/en\/wp-json\/wp\/v2\/palabras_clave?post=54595"},{"taxonomy":"listado_alfabetico","embeddable":true,"href":"https:\/\/wizardly-davinci.82-223-8-23.plesk.page\/en\/wp-json\/wp\/v2\/listado_alfabetico?post=54595"}],"curies":[{"name":"wp","href":"https:\/\/api.w.org\/{rel}","templated":true}]}}