{"id":54597,"date":"2020-07-21T09:44:18","date_gmt":"2020-07-21T07:44:18","guid":{"rendered":"https:\/\/octaedro.com\/libro\/literatura-y-mimesis-fundamentos-para-una-educacion-del-caracter\/"},"modified":"2023-03-08T12:20:37","modified_gmt":"2023-03-08T11:20:37","slug":"literatura-y-mimesis-fundamentos-para-una-educacion-del-caracter-2","status":"publish","type":"product","link":"https:\/\/wizardly-davinci.82-223-8-23.plesk.page\/en\/producto\/literatura-y-mimesis-fundamentos-para-una-educacion-del-caracter-2\/","title":{"rendered":"Literatura y m\u00edmesis: fundamentos para una educaci\u00f3n del car\u00e1cter"},"content":{"rendered":"","protected":false},"excerpt":{"rendered":"<p>En este estudio se exponen los fundamentos de la educaci\u00f3n moral y de la educaci\u00f3n del car\u00e1cter. Algunas de las cuestiones a las que se da respuesta son qu\u00e9 m\u00e9todos de evaluaci\u00f3n son los m\u00e1s apropiados, cu\u00e1l es el legado aristot\u00e9lico que subyace a su praxis y por qu\u00e9 los rasgos positivos del car\u00e1cter han supuesto un cambio de paradigma. Adem\u00e1s, se ofrecen orientaciones sobre tres herramientas pedag\u00f3gicas que, a su vez, se erigen como pilares de crecimiento personal: los ejemplos morales, la pedagog\u00eda de la pregunta y la implicaci\u00f3n familiar.<\/p>\n<p>Desde una sincera preocupaci\u00f3n por la necesidad de vincular la educaci\u00f3n del car\u00e1cter y la literatura, se subraya la relevancia del relato literario como herramienta para el cultivo de la educaci\u00f3n moral. La m\u00edmesis es la clave que posibilita este aprendizaje, el cual despliega su m\u00e1ximo potencial una vez conjugado con las correspondientes fases de adquisici\u00f3n de rasgos del car\u00e1cter.<\/p>\n","protected":false},"featured_media":52506,"comment_status":"open","ping_status":"closed","template":"","meta":{"_et_pb_use_builder":"","_et_pb_old_content":"","_et_gb_content_width":""},"product_cat":[11899,11859,11912,11907],"product_tag":[11892],"edicion":[12199,11865],"editoriales":[11867],"tienda":[],"autor_id":[19698],"universidades_coeditoras":[19699],"palabras_clave":[],"listado_alfabetico":[],"acf":[],"_links":{"self":[{"href":"https:\/\/wizardly-davinci.82-223-8-23.plesk.page\/en\/wp-json\/wp\/v2\/product\/54597"}],"collection":[{"href":"https:\/\/wizardly-davinci.82-223-8-23.plesk.page\/en\/wp-json\/wp\/v2\/product"}],"about":[{"href":"https:\/\/wizardly-davinci.82-223-8-23.plesk.page\/en\/wp-json\/wp\/v2\/types\/product"}],"replies":[{"embeddable":true,"href":"https:\/\/wizardly-davinci.82-223-8-23.plesk.page\/en\/wp-json\/wp\/v2\/comments?post=54597"}],"wp:featuredmedia":[{"embeddable":true,"href":"https:\/\/wizardly-davinci.82-223-8-23.plesk.page\/en\/wp-json\/wp\/v2\/media\/52506"}],"wp:attachment":[{"href":"https:\/\/wizardly-davinci.82-223-8-23.plesk.page\/en\/wp-json\/wp\/v2\/media?parent=54597"}],"wp:term":[{"taxonomy":"product_cat","embeddable":true,"href":"https:\/\/wizardly-davinci.82-223-8-23.plesk.page\/en\/wp-json\/wp\/v2\/product_cat?post=54597"},{"taxonomy":"product_tag","embeddable":true,"href":"https:\/\/wizardly-davinci.82-223-8-23.plesk.page\/en\/wp-json\/wp\/v2\/product_tag?post=54597"},{"taxonomy":"edicion","embeddable":true,"href":"https:\/\/wizardly-davinci.82-223-8-23.plesk.page\/en\/wp-json\/wp\/v2\/edicion?post=54597"},{"taxonomy":"editoriales","embeddable":true,"href":"https:\/\/wizardly-davinci.82-223-8-23.plesk.page\/en\/wp-json\/wp\/v2\/editoriales?post=54597"},{"taxonomy":"tienda","embeddable":true,"href":"https:\/\/wizardly-davinci.82-223-8-23.plesk.page\/en\/wp-json\/wp\/v2\/tienda?post=54597"},{"taxonomy":"autor_id","embeddable":true,"href":"https:\/\/wizardly-davinci.82-223-8-23.plesk.page\/en\/wp-json\/wp\/v2\/autor_id?post=54597"},{"taxonomy":"universidades_coeditoras","embeddable":true,"href":"https:\/\/wizardly-davinci.82-223-8-23.plesk.page\/en\/wp-json\/wp\/v2\/universidades_coeditoras?post=54597"},{"taxonomy":"palabras_clave","embeddable":true,"href":"https:\/\/wizardly-davinci.82-223-8-23.plesk.page\/en\/wp-json\/wp\/v2\/palabras_clave?post=54597"},{"taxonomy":"listado_alfabetico","embeddable":true,"href":"https:\/\/wizardly-davinci.82-223-8-23.plesk.page\/en\/wp-json\/wp\/v2\/listado_alfabetico?post=54597"}],"curies":[{"name":"wp","href":"https:\/\/api.w.org\/{rel}","templated":true}]}}