{"id":54598,"date":"2020-08-04T11:29:50","date_gmt":"2020-08-04T09:29:50","guid":{"rendered":"https:\/\/octaedro.com\/libro\/otra-educacion-con-cine-literatura-y-canciones\/"},"modified":"2023-03-08T12:20:37","modified_gmt":"2023-03-08T11:20:37","slug":"otra-educacion-con-cine-literatura-y-canciones-2","status":"publish","type":"product","link":"https:\/\/wizardly-davinci.82-223-8-23.plesk.page\/en\/producto\/otra-educacion-con-cine-literatura-y-canciones-2\/","title":{"rendered":"Otra educaci\u00f3n con cine, literatura y canciones"},"content":{"rendered":"","protected":false},"excerpt":{"rendered":"<p>En este ensayo divulgativo circulan retazos de vida, pensamientos y pr\u00e1cticas culturales compartidas que ayudan a repensar la renovaci\u00f3n pedag\u00f3gica y las nuevas din\u00e1micas educativas y sociales. Se habla de la infancia y de la juventud, de lo que se aprende dentro y fuera de la escuela, de la diversidad cultural y sexual, del pensamiento cr\u00edtico y del profesorado. Todo ello se ilustra con citas y referencias literarias, cin\u00e9filas y musicales.<\/p>\n<p>El compromiso con la educaci\u00f3n liberadora y con la transformaci\u00f3n social permea toda la obra. Se destacan aquellas ideas y pr\u00e1cticas que, en abierta confrontaci\u00f3n con los planteamientos neoliberales, corporativos y tecnocr\u00e1ticos, permiten avanzar hacia una educaci\u00f3n democr\u00e1tica y humanizadora que haga posible la emancipaci\u00f3n de las personas.<\/p>\n<p>Son textos que invitan a la reflexi\u00f3n en torno al sentido profundo de la educaci\u00f3n, la funci\u00f3n de la escuela en una democracia real y la formaci\u00f3n de una ciudadan\u00eda para su intervenci\u00f3n cr\u00edtica en la vida p\u00fablica. Son textos, tambi\u00e9n, muy pegados a la realidad actual, pero que no se olvidan de la memoria hist\u00f3rica y abren ventanas a futuros esperanzadores.<\/p>\n<p><a href=\"https:\/\/wizardly-davinci.82-223-8-23.plesk.page\/wp-content\/uploads\/2021\/03\/logo-ministerio-dglfl-w.jpg\"><img loading=\"lazy\" decoding=\"async\" class=\"alignnone wp-image-43128\" src=\"https:\/\/wizardly-davinci.82-223-8-23.plesk.page\/wp-content\/uploads\/2021\/03\/logo-ministerio-dglfl-w.jpg\" alt=\"\" width=\"201\" height=\"57\"><\/a><\/p>\n<p><span style=\"color: #3366ff;\">Esta obra ha recibido una ayuda a la edici\u00f3n del Ministerio de Cultura y Deporte.<\/span><\/p>\n<p>&nbsp;<\/p>\n<p>&nbsp;<\/p>\n","protected":false},"featured_media":52501,"comment_status":"open","ping_status":"closed","template":"","meta":{"_et_pb_use_builder":"","_et_pb_old_content":"","_et_gb_content_width":""},"product_cat":[11899,11858,11859,11912],"product_tag":[11892],"edicion":[12199,11865],"editoriales":[11867],"tienda":[],"autor_id":[13888,19701],"universidades_coeditoras":[],"palabras_clave":[],"listado_alfabetico":[],"acf":[],"_links":{"self":[{"href":"https:\/\/wizardly-davinci.82-223-8-23.plesk.page\/en\/wp-json\/wp\/v2\/product\/54598"}],"collection":[{"href":"https:\/\/wizardly-davinci.82-223-8-23.plesk.page\/en\/wp-json\/wp\/v2\/product"}],"about":[{"href":"https:\/\/wizardly-davinci.82-223-8-23.plesk.page\/en\/wp-json\/wp\/v2\/types\/product"}],"replies":[{"embeddable":true,"href":"https:\/\/wizardly-davinci.82-223-8-23.plesk.page\/en\/wp-json\/wp\/v2\/comments?post=54598"}],"wp:featuredmedia":[{"embeddable":true,"href":"https:\/\/wizardly-davinci.82-223-8-23.plesk.page\/en\/wp-json\/wp\/v2\/media\/52501"}],"wp:attachment":[{"href":"https:\/\/wizardly-davinci.82-223-8-23.plesk.page\/en\/wp-json\/wp\/v2\/media?parent=54598"}],"wp:term":[{"taxonomy":"product_cat","embeddable":true,"href":"https:\/\/wizardly-davinci.82-223-8-23.plesk.page\/en\/wp-json\/wp\/v2\/product_cat?post=54598"},{"taxonomy":"product_tag","embeddable":true,"href":"https:\/\/wizardly-davinci.82-223-8-23.plesk.page\/en\/wp-json\/wp\/v2\/product_tag?post=54598"},{"taxonomy":"edicion","embeddable":true,"href":"https:\/\/wizardly-davinci.82-223-8-23.plesk.page\/en\/wp-json\/wp\/v2\/edicion?post=54598"},{"taxonomy":"editoriales","embeddable":true,"href":"https:\/\/wizardly-davinci.82-223-8-23.plesk.page\/en\/wp-json\/wp\/v2\/editoriales?post=54598"},{"taxonomy":"tienda","embeddable":true,"href":"https:\/\/wizardly-davinci.82-223-8-23.plesk.page\/en\/wp-json\/wp\/v2\/tienda?post=54598"},{"taxonomy":"autor_id","embeddable":true,"href":"https:\/\/wizardly-davinci.82-223-8-23.plesk.page\/en\/wp-json\/wp\/v2\/autor_id?post=54598"},{"taxonomy":"universidades_coeditoras","embeddable":true,"href":"https:\/\/wizardly-davinci.82-223-8-23.plesk.page\/en\/wp-json\/wp\/v2\/universidades_coeditoras?post=54598"},{"taxonomy":"palabras_clave","embeddable":true,"href":"https:\/\/wizardly-davinci.82-223-8-23.plesk.page\/en\/wp-json\/wp\/v2\/palabras_clave?post=54598"},{"taxonomy":"listado_alfabetico","embeddable":true,"href":"https:\/\/wizardly-davinci.82-223-8-23.plesk.page\/en\/wp-json\/wp\/v2\/listado_alfabetico?post=54598"}],"curies":[{"name":"wp","href":"https:\/\/api.w.org\/{rel}","templated":true}]}}