{"id":54633,"date":"2020-07-08T11:12:54","date_gmt":"2020-07-08T09:12:54","guid":{"rendered":"https:\/\/octaedro.com\/libro\/caminos-y-derivas-para-otra-investigacion-educativa-y-social\/"},"modified":"2023-03-08T12:20:37","modified_gmt":"2023-03-08T11:20:37","slug":"caminos-y-derivas-para-otra-investigacion-educativa-y-social-2","status":"publish","type":"product","link":"https:\/\/wizardly-davinci.82-223-8-23.plesk.page\/en\/producto\/caminos-y-derivas-para-otra-investigacion-educativa-y-social-2\/","title":{"rendered":"Caminos y derivas para otra investigaci\u00f3n educativa y social"},"content":{"rendered":"","protected":false},"excerpt":{"rendered":"<p>Este texto, que invita a pensar y a pensarnos como investigadores e investigadoras, es una de las aportaciones de la red de excelencia REUNI+D, configurada por once grupos de investigaci\u00f3n del campo de la educaci\u00f3n de otras tantas universidades.<\/p>\n<p>Considera posicionamientos ontoepistemol\u00f3gicos, metodol\u00f3gicos y \u00e9ticos poco conocidos en la investigaci\u00f3n educativa y social, al tiempo que comparte perspectivas metodol\u00f3gicas diversas, m\u00e1s all\u00e1 de los dualismos reduccionistas \u00abcuali\u00bb y \u00abcuanti\u00bb.<\/p>\n<p>Su t\u00edtulo evoca el inevitable movimiento, los caminos siempre abiertos de la investigaci\u00f3n educativa y social, y recoge la invitaci\u00f3n del situacionismo a entregarse a la deriva. Ello significa dejarse llevar por las solicitaciones del trayecto y por los encuentros que en \u00e9l tienen lugar, as\u00ed como considerar las corrientes constantes, los puntos fijos y los remolinos que hacen dif\u00edcil el acceso o la salida de ciertas zonas.<\/p>\n<p>Este libro se sit\u00faa en un \u00abdevenir\u00bb que lleva a prestar atenci\u00f3n a lo diverso, lo material y lo emergente. Que permite, adem\u00e1s, comenzar la investigaci\u00f3n por cualquier lugar, permanecer (por lo menos temporalmente) y no eludir p\u00e9rdidas e incertidumbres. Lo cual no comporta inmovilismo, sino abrirse a la posibilidad de generar modos de pensar y pr\u00e1cticas de escritura (porque la investigaci\u00f3n termina, al final, en una forma de escritura) que ofrezcan otras miradas sobre realidades que requieren ser consideradas desde otros modos de pensar e indagar. Y hacerlo a medida que se da cuenta de los tr\u00e1nsitos y de los desv\u00edos que se recorren.<\/p>\n","protected":false},"featured_media":52498,"comment_status":"open","ping_status":"closed","template":"","meta":{"_et_pb_use_builder":"","_et_pb_old_content":"","_et_gb_content_width":""},"product_cat":[11899,11858,11859,11912,11907],"product_tag":[11892],"edicion":[12199,11865],"editoriales":[11867],"tienda":[],"autor_id":[12785,19709,19708,19707,12337,12786],"universidades_coeditoras":[14894,14901,12338,12270],"palabras_clave":[],"listado_alfabetico":[],"acf":[],"_links":{"self":[{"href":"https:\/\/wizardly-davinci.82-223-8-23.plesk.page\/en\/wp-json\/wp\/v2\/product\/54633"}],"collection":[{"href":"https:\/\/wizardly-davinci.82-223-8-23.plesk.page\/en\/wp-json\/wp\/v2\/product"}],"about":[{"href":"https:\/\/wizardly-davinci.82-223-8-23.plesk.page\/en\/wp-json\/wp\/v2\/types\/product"}],"replies":[{"embeddable":true,"href":"https:\/\/wizardly-davinci.82-223-8-23.plesk.page\/en\/wp-json\/wp\/v2\/comments?post=54633"}],"wp:featuredmedia":[{"embeddable":true,"href":"https:\/\/wizardly-davinci.82-223-8-23.plesk.page\/en\/wp-json\/wp\/v2\/media\/52498"}],"wp:attachment":[{"href":"https:\/\/wizardly-davinci.82-223-8-23.plesk.page\/en\/wp-json\/wp\/v2\/media?parent=54633"}],"wp:term":[{"taxonomy":"product_cat","embeddable":true,"href":"https:\/\/wizardly-davinci.82-223-8-23.plesk.page\/en\/wp-json\/wp\/v2\/product_cat?post=54633"},{"taxonomy":"product_tag","embeddable":true,"href":"https:\/\/wizardly-davinci.82-223-8-23.plesk.page\/en\/wp-json\/wp\/v2\/product_tag?post=54633"},{"taxonomy":"edicion","embeddable":true,"href":"https:\/\/wizardly-davinci.82-223-8-23.plesk.page\/en\/wp-json\/wp\/v2\/edicion?post=54633"},{"taxonomy":"editoriales","embeddable":true,"href":"https:\/\/wizardly-davinci.82-223-8-23.plesk.page\/en\/wp-json\/wp\/v2\/editoriales?post=54633"},{"taxonomy":"tienda","embeddable":true,"href":"https:\/\/wizardly-davinci.82-223-8-23.plesk.page\/en\/wp-json\/wp\/v2\/tienda?post=54633"},{"taxonomy":"autor_id","embeddable":true,"href":"https:\/\/wizardly-davinci.82-223-8-23.plesk.page\/en\/wp-json\/wp\/v2\/autor_id?post=54633"},{"taxonomy":"universidades_coeditoras","embeddable":true,"href":"https:\/\/wizardly-davinci.82-223-8-23.plesk.page\/en\/wp-json\/wp\/v2\/universidades_coeditoras?post=54633"},{"taxonomy":"palabras_clave","embeddable":true,"href":"https:\/\/wizardly-davinci.82-223-8-23.plesk.page\/en\/wp-json\/wp\/v2\/palabras_clave?post=54633"},{"taxonomy":"listado_alfabetico","embeddable":true,"href":"https:\/\/wizardly-davinci.82-223-8-23.plesk.page\/en\/wp-json\/wp\/v2\/listado_alfabetico?post=54633"}],"curies":[{"name":"wp","href":"https:\/\/api.w.org\/{rel}","templated":true}]}}