{"id":54635,"date":"2019-01-01T10:53:04","date_gmt":"2019-01-01T09:53:04","guid":{"rendered":"https:\/\/octaedro.com\/libro\/mentoria-docente-para-instalar-estrategias-de-resolucion-de-problemas-en-matematicas-iniciales\/"},"modified":"2023-02-22T13:38:16","modified_gmt":"2023-02-22T12:38:16","slug":"innovacion-educativa-en-contextos-inclusivos-de-educacion-superior-16183-04-2","status":"publish","type":"product","link":"https:\/\/wizardly-davinci.82-223-8-23.plesk.page\/en\/producto\/innovacion-educativa-en-contextos-inclusivos-de-educacion-superior-16183-04-2\/","title":{"rendered":"Mentor\u00eda docente para instalar estrategias de resoluci\u00f3n de problemas en matem\u00e1ticas iniciales"},"content":{"rendered":"","protected":false},"excerpt":{"rendered":"<p>El objetivo de este trabajo es presentar una instancia de innovaci\u00f3n que se realiz\u00f3 en torno al trabajo colaborativo para los acad\u00e9micos de las asignaturas de matem\u00e1tica implementando los par\u00e1metros de la tutor\u00eda socioformativa para realizar una mentor\u00eda a un grupo de acad\u00e9micos n\u00f3veles en la instituci\u00f3n, sobre una iniciativa de investigaci\u00f3n y desarrollo denominado ARPA. Del total de acad\u00e9micos de ingreso reciente (N = 11), se eligieron cinco de manera aleatoria para implementar el proceso de acompa\u00f1amiento, sin establecer distinciones de ning\u00fan tipo. Se realizaron reuniones de reflexi\u00f3n grupal peri\u00f3dicas y caminata de aula (acompa\u00f1amiento docente), el impacto fue valorado en t\u00e9rminos de asistencia, calificaciones y entrevistas de satisfacci\u00f3n. Los resultados de la intervenci\u00f3n reflejan mejores resultados en t\u00e9rminos de participaci\u00f3n y rendimiento en los cursos de los profesores participantes, adem\u00e1s de la satisfacci\u00f3n con la pr\u00e1ctica e involucramiento con la instituci\u00f3n por parte de los acad\u00e9micos.<\/p>\n","protected":false},"featured_media":52331,"comment_status":"open","ping_status":"closed","template":"","meta":{"_et_pb_use_builder":"","_et_pb_old_content":"","_et_gb_content_width":""},"product_cat":[11873,11913,11912,11900],"product_tag":[11883],"edicion":[12178,12199],"editoriales":[],"tienda":[],"autor_id":[19712,19713],"universidades_coeditoras":[],"palabras_clave":[11662,11713,11740,11789],"listado_alfabetico":[],"acf":[],"_links":{"self":[{"href":"https:\/\/wizardly-davinci.82-223-8-23.plesk.page\/en\/wp-json\/wp\/v2\/product\/54635"}],"collection":[{"href":"https:\/\/wizardly-davinci.82-223-8-23.plesk.page\/en\/wp-json\/wp\/v2\/product"}],"about":[{"href":"https:\/\/wizardly-davinci.82-223-8-23.plesk.page\/en\/wp-json\/wp\/v2\/types\/product"}],"replies":[{"embeddable":true,"href":"https:\/\/wizardly-davinci.82-223-8-23.plesk.page\/en\/wp-json\/wp\/v2\/comments?post=54635"}],"wp:featuredmedia":[{"embeddable":true,"href":"https:\/\/wizardly-davinci.82-223-8-23.plesk.page\/en\/wp-json\/wp\/v2\/media\/52331"}],"wp:attachment":[{"href":"https:\/\/wizardly-davinci.82-223-8-23.plesk.page\/en\/wp-json\/wp\/v2\/media?parent=54635"}],"wp:term":[{"taxonomy":"product_cat","embeddable":true,"href":"https:\/\/wizardly-davinci.82-223-8-23.plesk.page\/en\/wp-json\/wp\/v2\/product_cat?post=54635"},{"taxonomy":"product_tag","embeddable":true,"href":"https:\/\/wizardly-davinci.82-223-8-23.plesk.page\/en\/wp-json\/wp\/v2\/product_tag?post=54635"},{"taxonomy":"edicion","embeddable":true,"href":"https:\/\/wizardly-davinci.82-223-8-23.plesk.page\/en\/wp-json\/wp\/v2\/edicion?post=54635"},{"taxonomy":"editoriales","embeddable":true,"href":"https:\/\/wizardly-davinci.82-223-8-23.plesk.page\/en\/wp-json\/wp\/v2\/editoriales?post=54635"},{"taxonomy":"tienda","embeddable":true,"href":"https:\/\/wizardly-davinci.82-223-8-23.plesk.page\/en\/wp-json\/wp\/v2\/tienda?post=54635"},{"taxonomy":"autor_id","embeddable":true,"href":"https:\/\/wizardly-davinci.82-223-8-23.plesk.page\/en\/wp-json\/wp\/v2\/autor_id?post=54635"},{"taxonomy":"universidades_coeditoras","embeddable":true,"href":"https:\/\/wizardly-davinci.82-223-8-23.plesk.page\/en\/wp-json\/wp\/v2\/universidades_coeditoras?post=54635"},{"taxonomy":"palabras_clave","embeddable":true,"href":"https:\/\/wizardly-davinci.82-223-8-23.plesk.page\/en\/wp-json\/wp\/v2\/palabras_clave?post=54635"},{"taxonomy":"listado_alfabetico","embeddable":true,"href":"https:\/\/wizardly-davinci.82-223-8-23.plesk.page\/en\/wp-json\/wp\/v2\/listado_alfabetico?post=54635"}],"curies":[{"name":"wp","href":"https:\/\/api.w.org\/{rel}","templated":true}]}}