{"id":54636,"date":"2019-01-01T10:36:10","date_gmt":"2019-01-01T09:36:10","guid":{"rendered":"https:\/\/octaedro.com\/libro\/aportes-hacia-la-construccion-de-un-perfil-docente-para-el-primer-ano-la-importancia-del-vinculo-empatico-el-valor-academico-y-el-trabajo-colaborativo\/"},"modified":"2023-02-22T13:38:17","modified_gmt":"2023-02-22T12:38:17","slug":"innovacion-educativa-en-contextos-inclusivos-de-educacion-superior-16183-03-2","status":"publish","type":"product","link":"https:\/\/wizardly-davinci.82-223-8-23.plesk.page\/en\/producto\/innovacion-educativa-en-contextos-inclusivos-de-educacion-superior-16183-03-2\/","title":{"rendered":"Aportes hacia la construcci\u00f3n de un perfil docente para el primer a\u00f1o: la importancia del v\u00ednculo emp\u00e1tico, el valor acad\u00e9mico y el trabajo colaborativo"},"content":{"rendered":"","protected":false},"excerpt":{"rendered":"<p>El objetivo de este estudio fue determinar las competencias b\u00e1sicas que deben poseer los docentes que realizan clases a estudiantes que ingresan a la ense\u00f1anza superior, principalmente aquellas que generan compromiso acad\u00e9mico en los alumnos, con la finalidad de facilitar la progresi\u00f3n y participaci\u00f3n de estos en sus procesos de estudios para as\u00ed alcanzar los aprendizajes esperados para cada carrera.<\/p>\n<p>Se llev\u00f3 a cabo un m\u00e9todo mixto con alcance descriptivo, utilizando el dise\u00f1o de triangulaci\u00f3n concurrente para reflejar algunas de las variables detectadas mediante la aplicaci\u00f3n de cuestionarios estandarizados y entrevistas semiestructuradas para rescatar las percepciones de los acad\u00e9micos sobre su quehacer. La muestra estuvo constituida por acad\u00e9micos identificados como actores clave para el objetivo de este estudio (N = 17).<\/p>\n<p>Los resultados obtenidos fueron analizados utilizando el software Atlas.ti 6.2 hasta establecer las categor\u00edas que engloban la experiencia de los docentes, y mediante el programa SPSS para obtener frecuencias en t\u00e9rminos de los puntajes de escalas que midieron las variables Liderazgo, Empat\u00eda y Compromiso Acad\u00e9mico. Los resultados evidencian que el perfil del Acad\u00e9mico de primer a\u00f1o debe contemplar el V\u00ednculo emp\u00e1tico, Trabajo colaborativo, Valor acad\u00e9mico y la Percepci\u00f3n de competencia.<\/p>\n","protected":false},"featured_media":52330,"comment_status":"open","ping_status":"closed","template":"","meta":{"_et_pb_use_builder":"","_et_pb_old_content":"","_et_gb_content_width":""},"product_cat":[11873,11913,11912,11900],"product_tag":[11883],"edicion":[12178,12199],"editoriales":[],"tienda":[],"autor_id":[19712],"universidades_coeditoras":[],"palabras_clave":[11662,11764,11763,11652],"listado_alfabetico":[],"acf":[],"_links":{"self":[{"href":"https:\/\/wizardly-davinci.82-223-8-23.plesk.page\/en\/wp-json\/wp\/v2\/product\/54636"}],"collection":[{"href":"https:\/\/wizardly-davinci.82-223-8-23.plesk.page\/en\/wp-json\/wp\/v2\/product"}],"about":[{"href":"https:\/\/wizardly-davinci.82-223-8-23.plesk.page\/en\/wp-json\/wp\/v2\/types\/product"}],"replies":[{"embeddable":true,"href":"https:\/\/wizardly-davinci.82-223-8-23.plesk.page\/en\/wp-json\/wp\/v2\/comments?post=54636"}],"wp:featuredmedia":[{"embeddable":true,"href":"https:\/\/wizardly-davinci.82-223-8-23.plesk.page\/en\/wp-json\/wp\/v2\/media\/52330"}],"wp:attachment":[{"href":"https:\/\/wizardly-davinci.82-223-8-23.plesk.page\/en\/wp-json\/wp\/v2\/media?parent=54636"}],"wp:term":[{"taxonomy":"product_cat","embeddable":true,"href":"https:\/\/wizardly-davinci.82-223-8-23.plesk.page\/en\/wp-json\/wp\/v2\/product_cat?post=54636"},{"taxonomy":"product_tag","embeddable":true,"href":"https:\/\/wizardly-davinci.82-223-8-23.plesk.page\/en\/wp-json\/wp\/v2\/product_tag?post=54636"},{"taxonomy":"edicion","embeddable":true,"href":"https:\/\/wizardly-davinci.82-223-8-23.plesk.page\/en\/wp-json\/wp\/v2\/edicion?post=54636"},{"taxonomy":"editoriales","embeddable":true,"href":"https:\/\/wizardly-davinci.82-223-8-23.plesk.page\/en\/wp-json\/wp\/v2\/editoriales?post=54636"},{"taxonomy":"tienda","embeddable":true,"href":"https:\/\/wizardly-davinci.82-223-8-23.plesk.page\/en\/wp-json\/wp\/v2\/tienda?post=54636"},{"taxonomy":"autor_id","embeddable":true,"href":"https:\/\/wizardly-davinci.82-223-8-23.plesk.page\/en\/wp-json\/wp\/v2\/autor_id?post=54636"},{"taxonomy":"universidades_coeditoras","embeddable":true,"href":"https:\/\/wizardly-davinci.82-223-8-23.plesk.page\/en\/wp-json\/wp\/v2\/universidades_coeditoras?post=54636"},{"taxonomy":"palabras_clave","embeddable":true,"href":"https:\/\/wizardly-davinci.82-223-8-23.plesk.page\/en\/wp-json\/wp\/v2\/palabras_clave?post=54636"},{"taxonomy":"listado_alfabetico","embeddable":true,"href":"https:\/\/wizardly-davinci.82-223-8-23.plesk.page\/en\/wp-json\/wp\/v2\/listado_alfabetico?post=54636"}],"curies":[{"name":"wp","href":"https:\/\/api.w.org\/{rel}","templated":true}]}}