{"id":54637,"date":"2019-01-01T14:45:08","date_gmt":"2019-01-01T13:45:08","guid":{"rendered":"https:\/\/octaedro.com\/libro\/caracterizacion-de-estudiantes-de-educacion-tecnico-profesional-respecto-a-su-educacion-secundaria-reflexiones-para-la-educacion-superior\/"},"modified":"2023-02-22T13:38:17","modified_gmt":"2023-02-22T12:38:17","slug":"innovacion-educativa-en-contextos-inclusivos-de-educacion-superior-16183-02-2","status":"publish","type":"product","link":"https:\/\/wizardly-davinci.82-223-8-23.plesk.page\/en\/producto\/innovacion-educativa-en-contextos-inclusivos-de-educacion-superior-16183-02-2\/","title":{"rendered":"Caracterizaci\u00f3n de estudiantes de Educaci\u00f3n T\u00e9cnico-Profesional respecto a su Educaci\u00f3n Secundaria: reflexiones para la Educaci\u00f3n Superior"},"content":{"rendered":"","protected":false},"excerpt":{"rendered":"<p>En el mundo actual, cada vez se hace m\u00e1s latente la importancia de fortalecer y potenciar la formaci\u00f3n t\u00e9cnico-profesional como motor que movilice el desarrollo de la sociedad. Pese a esto, la matr\u00edcula de educaci\u00f3n superior en esta \u00e1rea ha ido disminuyendo, no solo en cuanto ingreso, sino tambi\u00e9n en su mantenimiento en los programas de estudio. Dentro de los factores que influyen en este proceso se encuentra la historia acad\u00e9mica y educacional de los estudiantes como elemento a considerar en la toma de decisiones por parte de pol\u00edticas p\u00fablicas y las IES. El objetivo de este estudio es analizar la influencia de variables del establecimiento de educaci\u00f3n secundaria de origen en el rendimiento acad\u00e9mico de estudiantes de Educaci\u00f3n Superior t\u00e9cnico-profesional de INACAP. Los resultados muestran que elementos como la cantidad de a\u00f1os entre el egreso de la ense\u00f1anza media y el ingreso al programa de estudios influye en la elecci\u00f3n de la jornada de estudios y su rendimiento acad\u00e9mico. Se discuten los resultados considerando antecedentes te\u00f3ricos y se proponen l\u00edneas de investigaci\u00f3n que permitan potenciar y focalizar la toma de decisiones en las IES y de pol\u00edtica p\u00fablica.<\/p>\n","protected":false},"featured_media":52329,"comment_status":"open","ping_status":"closed","template":"","meta":{"_et_pb_use_builder":"","_et_pb_old_content":"","_et_gb_content_width":""},"product_cat":[11873,11913,11912,11900],"product_tag":[11883],"edicion":[12178,12199],"editoriales":[],"tienda":[],"autor_id":[19720,19721,19718,19719],"universidades_coeditoras":[],"palabras_clave":[11664,11829,11662,11660],"listado_alfabetico":[],"acf":[],"_links":{"self":[{"href":"https:\/\/wizardly-davinci.82-223-8-23.plesk.page\/en\/wp-json\/wp\/v2\/product\/54637"}],"collection":[{"href":"https:\/\/wizardly-davinci.82-223-8-23.plesk.page\/en\/wp-json\/wp\/v2\/product"}],"about":[{"href":"https:\/\/wizardly-davinci.82-223-8-23.plesk.page\/en\/wp-json\/wp\/v2\/types\/product"}],"replies":[{"embeddable":true,"href":"https:\/\/wizardly-davinci.82-223-8-23.plesk.page\/en\/wp-json\/wp\/v2\/comments?post=54637"}],"wp:featuredmedia":[{"embeddable":true,"href":"https:\/\/wizardly-davinci.82-223-8-23.plesk.page\/en\/wp-json\/wp\/v2\/media\/52329"}],"wp:attachment":[{"href":"https:\/\/wizardly-davinci.82-223-8-23.plesk.page\/en\/wp-json\/wp\/v2\/media?parent=54637"}],"wp:term":[{"taxonomy":"product_cat","embeddable":true,"href":"https:\/\/wizardly-davinci.82-223-8-23.plesk.page\/en\/wp-json\/wp\/v2\/product_cat?post=54637"},{"taxonomy":"product_tag","embeddable":true,"href":"https:\/\/wizardly-davinci.82-223-8-23.plesk.page\/en\/wp-json\/wp\/v2\/product_tag?post=54637"},{"taxonomy":"edicion","embeddable":true,"href":"https:\/\/wizardly-davinci.82-223-8-23.plesk.page\/en\/wp-json\/wp\/v2\/edicion?post=54637"},{"taxonomy":"editoriales","embeddable":true,"href":"https:\/\/wizardly-davinci.82-223-8-23.plesk.page\/en\/wp-json\/wp\/v2\/editoriales?post=54637"},{"taxonomy":"tienda","embeddable":true,"href":"https:\/\/wizardly-davinci.82-223-8-23.plesk.page\/en\/wp-json\/wp\/v2\/tienda?post=54637"},{"taxonomy":"autor_id","embeddable":true,"href":"https:\/\/wizardly-davinci.82-223-8-23.plesk.page\/en\/wp-json\/wp\/v2\/autor_id?post=54637"},{"taxonomy":"universidades_coeditoras","embeddable":true,"href":"https:\/\/wizardly-davinci.82-223-8-23.plesk.page\/en\/wp-json\/wp\/v2\/universidades_coeditoras?post=54637"},{"taxonomy":"palabras_clave","embeddable":true,"href":"https:\/\/wizardly-davinci.82-223-8-23.plesk.page\/en\/wp-json\/wp\/v2\/palabras_clave?post=54637"},{"taxonomy":"listado_alfabetico","embeddable":true,"href":"https:\/\/wizardly-davinci.82-223-8-23.plesk.page\/en\/wp-json\/wp\/v2\/listado_alfabetico?post=54637"}],"curies":[{"name":"wp","href":"https:\/\/api.w.org\/{rel}","templated":true}]}}