{"id":54638,"date":"2019-01-01T14:04:25","date_gmt":"2019-01-01T13:04:25","guid":{"rendered":"https:\/\/octaedro.com\/libro\/la-innovacion-educativa-en-el-contexto-de-la-educacion-superior-tecnico-profesional\/"},"modified":"2023-02-22T13:38:17","modified_gmt":"2023-02-22T12:38:17","slug":"innovacion-educativa-en-contextos-inclusivos-de-educacion-superior-16183-01-2","status":"publish","type":"product","link":"https:\/\/wizardly-davinci.82-223-8-23.plesk.page\/en\/producto\/innovacion-educativa-en-contextos-inclusivos-de-educacion-superior-16183-01-2\/","title":{"rendered":"La innovaci\u00f3n educativa en el contexto de la Educaci\u00f3n Superior T\u00e9cnico-Profesional"},"content":{"rendered":"","protected":false},"excerpt":{"rendered":"<p>La transformaci\u00f3n de la Educaci\u00f3n Superior T\u00e9cnico-Profesional (ESTP) implica potenciar el desarrollo acad\u00e9mico y contribuir al conocimiento en este \u00e1mbito. En este escenario, la generaci\u00f3n de un Congreso Educativo se convierte en un espacio de reflexi\u00f3n donde se ponen en juego los recursos y capacidades acad\u00e9micas de los docentes que conforman distintos espacios acad\u00e9micos en Educaci\u00f3n T\u00e9cnico-Profesional. En este espacio confluyen conocimientos en torno a la innovaci\u00f3n y la investigaci\u00f3n educativa asociadas a tem\u00e1ticas como la problem\u00e1tica de las pol\u00edticas educativas, modelos educativos, dise\u00f1os curriculares, did\u00e1cticos y pedag\u00f3gicos en ESTP. En este art\u00edculo se presentan las reflexiones y consideraciones para la evaluaci\u00f3n de las comunicaciones m\u00e1s representativas expuestas en un congreso de innovaci\u00f3n educativa en contextos inclusivos de Educaci\u00f3n Superior que se convirtieron, finalmente, en los cap\u00edtulos de este libro con Referato.<\/p>\n","protected":false},"featured_media":52328,"comment_status":"open","ping_status":"closed","template":"","meta":{"_et_pb_use_builder":"","_et_pb_old_content":"","_et_gb_content_width":""},"product_cat":[11873,11913,11912,11900],"product_tag":[11883],"edicion":[12178,12199],"editoriales":[],"tienda":[],"autor_id":[19725,19726,19727],"universidades_coeditoras":[],"palabras_clave":[11718,11544,11663],"listado_alfabetico":[],"acf":[],"_links":{"self":[{"href":"https:\/\/wizardly-davinci.82-223-8-23.plesk.page\/en\/wp-json\/wp\/v2\/product\/54638"}],"collection":[{"href":"https:\/\/wizardly-davinci.82-223-8-23.plesk.page\/en\/wp-json\/wp\/v2\/product"}],"about":[{"href":"https:\/\/wizardly-davinci.82-223-8-23.plesk.page\/en\/wp-json\/wp\/v2\/types\/product"}],"replies":[{"embeddable":true,"href":"https:\/\/wizardly-davinci.82-223-8-23.plesk.page\/en\/wp-json\/wp\/v2\/comments?post=54638"}],"wp:featuredmedia":[{"embeddable":true,"href":"https:\/\/wizardly-davinci.82-223-8-23.plesk.page\/en\/wp-json\/wp\/v2\/media\/52328"}],"wp:attachment":[{"href":"https:\/\/wizardly-davinci.82-223-8-23.plesk.page\/en\/wp-json\/wp\/v2\/media?parent=54638"}],"wp:term":[{"taxonomy":"product_cat","embeddable":true,"href":"https:\/\/wizardly-davinci.82-223-8-23.plesk.page\/en\/wp-json\/wp\/v2\/product_cat?post=54638"},{"taxonomy":"product_tag","embeddable":true,"href":"https:\/\/wizardly-davinci.82-223-8-23.plesk.page\/en\/wp-json\/wp\/v2\/product_tag?post=54638"},{"taxonomy":"edicion","embeddable":true,"href":"https:\/\/wizardly-davinci.82-223-8-23.plesk.page\/en\/wp-json\/wp\/v2\/edicion?post=54638"},{"taxonomy":"editoriales","embeddable":true,"href":"https:\/\/wizardly-davinci.82-223-8-23.plesk.page\/en\/wp-json\/wp\/v2\/editoriales?post=54638"},{"taxonomy":"tienda","embeddable":true,"href":"https:\/\/wizardly-davinci.82-223-8-23.plesk.page\/en\/wp-json\/wp\/v2\/tienda?post=54638"},{"taxonomy":"autor_id","embeddable":true,"href":"https:\/\/wizardly-davinci.82-223-8-23.plesk.page\/en\/wp-json\/wp\/v2\/autor_id?post=54638"},{"taxonomy":"universidades_coeditoras","embeddable":true,"href":"https:\/\/wizardly-davinci.82-223-8-23.plesk.page\/en\/wp-json\/wp\/v2\/universidades_coeditoras?post=54638"},{"taxonomy":"palabras_clave","embeddable":true,"href":"https:\/\/wizardly-davinci.82-223-8-23.plesk.page\/en\/wp-json\/wp\/v2\/palabras_clave?post=54638"},{"taxonomy":"listado_alfabetico","embeddable":true,"href":"https:\/\/wizardly-davinci.82-223-8-23.plesk.page\/en\/wp-json\/wp\/v2\/listado_alfabetico?post=54638"}],"curies":[{"name":"wp","href":"https:\/\/api.w.org\/{rel}","templated":true}]}}