{"id":54639,"date":"2020-02-18T10:22:33","date_gmt":"2020-02-18T09:22:33","guid":{"rendered":"https:\/\/octaedro.com\/libro\/el-corazon-de-los-arboles\/"},"modified":"2023-02-22T13:38:17","modified_gmt":"2023-02-22T12:38:17","slug":"el-corazon-de-los-arboles-2","status":"publish","type":"product","link":"https:\/\/wizardly-davinci.82-223-8-23.plesk.page\/en\/producto\/el-corazon-de-los-arboles-2\/","title":{"rendered":"El coraz\u00f3n de los \u00e1rboles"},"content":{"rendered":"<p><span style=\"font-weight: 400;\">El doctor Jos\u00e9 Ignacio Flor P\u00e9rez, profesor de Primaria y Secundaria durante m\u00e1s de tres d\u00e9cadas, fusiona en este libro, por un lado, su larga experiencia de revoluci\u00f3n pedag\u00f3gica \u00abdentro del sistema\u00bb y, por otro, su imaginaci\u00f3n narrativa, al transfigurar las notas autobiogr\u00e1ficas en una \u00e9pica de la pugna del docente por el derecho de cada estudiante a ser ense\u00f1ado, para la vida y para la ciencia, en el cultivo valiente de sus facultades creativas y cr\u00edticas.<\/span><\/p>\n<p><span style=\"font-weight: 400;\">Basada en sus recuerdos como ense\u00f1ante, en sus investigaciones de posgrado y en la voluntad de configurar una gran par\u00e1bola sobre el cambio posible y necesario en la educaci\u00f3n, esta historia proporciona el relato de fe en la juventud y esperanza en el g\u00e9nero humano, con an\u00e9cdotas reales o de base real, que simbolizan las dificultades, pero tambi\u00e9n los \u00e9xitos, de cualquier intento para mejorar la calidad de la ense\u00f1anza tradicional.<\/span><\/p>\n<p><span style=\"font-weight: 400;\">Muchos antiguos alumnos del profesor Flor (ingenieros, pintores\u2026) le siguen mostrando en la calle, al correr de los a\u00f1os, su gratitud por haberles hecho participar en la maravillosa aventura del \u00abatr\u00e9vete a saber\u00bb, lema con que Immanuel Kant defini\u00f3 el esp\u00edritu de la Ilustraci\u00f3n, de la cual nuestras estructuras educativas y culturales son herederas, aunque no siempre han sabido preservar aquella frescura intelectual de los pioneros del buen uso de la raz\u00f3n.<\/span><\/p>\n<p><span style=\"font-weight: 400;\">Una historia que interesar\u00e1 y deleitar\u00e1 por igual a todos los interesados en la trayectoria de la educaci\u00f3n espa\u00f1ola desde la recuperaci\u00f3n de la democracia y en los apasionantes desaf\u00edos que hoy tiene planteados. Una historia, adem\u00e1s, que se puede leer tambi\u00e9n con la curiosidad y el detalle de un libro de memorias. Flor P\u00e9rez ofrece, as\u00ed, en un solo texto una perfecta simbiosis de narraci\u00f3n de lo concreto y vena ensay\u00edstica sobre una cuesti\u00f3n palpitante de nuestro tiempo.<\/span><\/p>\n","protected":false},"excerpt":{"rendered":"<p><span style=\"font-weight: 400;\">El doctor Jos\u00e9 Ignacio Flor P\u00e9rez, profesor de Primaria y Secundaria durante m\u00e1s de tres d\u00e9cadas, fusiona en este libro, por un lado, su larga experiencia de revoluci\u00f3n pedag\u00f3gica \u00abdentro del sistema\u00bb y, por otro, su imaginaci\u00f3n narrativa, al transfigurar las notas autobiogr\u00e1ficas en una \u00e9pica de la pugna del docente por el derecho de cada estudiante a ser ense\u00f1ado, para la vida y para la ciencia, en el cultivo valiente de sus facultades creativas y cr\u00edticas.<\/span><\/p>\n<p><span style=\"font-weight: 400;\">Basada en sus recuerdos como ense\u00f1ante, en sus investigaciones de posgrado y en la voluntad de configurar una gran par\u00e1bola sobre el cambio posible y necesario en la educaci\u00f3n, esta historia proporciona el relato de fe en la juventud y esperanza en el g\u00e9nero humano, con an\u00e9cdotas reales o de base real, que simbolizan las dificultades, pero tambi\u00e9n los \u00e9xitos, de cualquier intento para mejorar la calidad de la ense\u00f1anza tradicional.<\/span><\/p>\n<p><span style=\"font-weight: 400;\">Muchos antiguos alumnos del profesor Flor (ingenieros, pintores\u2026) le siguen mostrando en la calle, al correr de los a\u00f1os, su gratitud por haberles hecho participar en la maravillosa aventura del \u00abatr\u00e9vete a saber\u00bb, lema con que Immanuel Kant defini\u00f3 el esp\u00edritu de la Ilustraci\u00f3n, de la cual nuestras estructuras educativas y culturales son herederas, aunque no siempre han sabido preservar aquella frescura intelectual de los pioneros del buen uso de la raz\u00f3n.<\/span><\/p>\n<p><span style=\"font-weight: 400;\">Una historia que interesar\u00e1 y deleitar\u00e1 por igual a todos los interesados en la trayectoria de la educaci\u00f3n espa\u00f1ola desde la recuperaci\u00f3n de la democracia y en los apasionantes desaf\u00edos que hoy tiene planteados. Una historia, adem\u00e1s, que se puede leer tambi\u00e9n con la curiosidad y el detalle de un libro de memorias. Flor P\u00e9rez ofrece, as\u00ed, en un solo texto una perfecta simbiosis de narraci\u00f3n de lo concreto y vena ensay\u00edstica sobre una cuesti\u00f3n palpitante de nuestro tiempo.<\/span><\/p>\n","protected":false},"featured_media":52264,"comment_status":"open","ping_status":"closed","template":"","meta":{"_et_pb_use_builder":"","_et_pb_old_content":"","_et_gb_content_width":""},"product_cat":[11858,11859],"product_tag":[11860],"edicion":[11865],"editoriales":[],"tienda":[],"autor_id":[19729],"universidades_coeditoras":[],"palabras_clave":[],"listado_alfabetico":[],"acf":[],"_links":{"self":[{"href":"https:\/\/wizardly-davinci.82-223-8-23.plesk.page\/en\/wp-json\/wp\/v2\/product\/54639"}],"collection":[{"href":"https:\/\/wizardly-davinci.82-223-8-23.plesk.page\/en\/wp-json\/wp\/v2\/product"}],"about":[{"href":"https:\/\/wizardly-davinci.82-223-8-23.plesk.page\/en\/wp-json\/wp\/v2\/types\/product"}],"replies":[{"embeddable":true,"href":"https:\/\/wizardly-davinci.82-223-8-23.plesk.page\/en\/wp-json\/wp\/v2\/comments?post=54639"}],"wp:featuredmedia":[{"embeddable":true,"href":"https:\/\/wizardly-davinci.82-223-8-23.plesk.page\/en\/wp-json\/wp\/v2\/media\/52264"}],"wp:attachment":[{"href":"https:\/\/wizardly-davinci.82-223-8-23.plesk.page\/en\/wp-json\/wp\/v2\/media?parent=54639"}],"wp:term":[{"taxonomy":"product_cat","embeddable":true,"href":"https:\/\/wizardly-davinci.82-223-8-23.plesk.page\/en\/wp-json\/wp\/v2\/product_cat?post=54639"},{"taxonomy":"product_tag","embeddable":true,"href":"https:\/\/wizardly-davinci.82-223-8-23.plesk.page\/en\/wp-json\/wp\/v2\/product_tag?post=54639"},{"taxonomy":"edicion","embeddable":true,"href":"https:\/\/wizardly-davinci.82-223-8-23.plesk.page\/en\/wp-json\/wp\/v2\/edicion?post=54639"},{"taxonomy":"editoriales","embeddable":true,"href":"https:\/\/wizardly-davinci.82-223-8-23.plesk.page\/en\/wp-json\/wp\/v2\/editoriales?post=54639"},{"taxonomy":"tienda","embeddable":true,"href":"https:\/\/wizardly-davinci.82-223-8-23.plesk.page\/en\/wp-json\/wp\/v2\/tienda?post=54639"},{"taxonomy":"autor_id","embeddable":true,"href":"https:\/\/wizardly-davinci.82-223-8-23.plesk.page\/en\/wp-json\/wp\/v2\/autor_id?post=54639"},{"taxonomy":"universidades_coeditoras","embeddable":true,"href":"https:\/\/wizardly-davinci.82-223-8-23.plesk.page\/en\/wp-json\/wp\/v2\/universidades_coeditoras?post=54639"},{"taxonomy":"palabras_clave","embeddable":true,"href":"https:\/\/wizardly-davinci.82-223-8-23.plesk.page\/en\/wp-json\/wp\/v2\/palabras_clave?post=54639"},{"taxonomy":"listado_alfabetico","embeddable":true,"href":"https:\/\/wizardly-davinci.82-223-8-23.plesk.page\/en\/wp-json\/wp\/v2\/listado_alfabetico?post=54639"}],"curies":[{"name":"wp","href":"https:\/\/api.w.org\/{rel}","templated":true}]}}