{"id":54643,"date":"2020-02-11T13:04:30","date_gmt":"2020-02-11T12:04:30","guid":{"rendered":"https:\/\/octaedro.com\/libro\/educacion-social-teoria-educativa-procedimientos-y-experiencias\/"},"modified":"2023-02-22T13:38:17","modified_gmt":"2023-02-22T12:38:17","slug":"educacion-social-teoria-educativa-procedimientos-y-experiencias-2","status":"publish","type":"product","link":"https:\/\/wizardly-davinci.82-223-8-23.plesk.page\/en\/producto\/educacion-social-teoria-educativa-procedimientos-y-experiencias-2\/","title":{"rendered":"Educaci\u00f3n social: teor\u00eda educativa, procedimientos y experiencias"},"content":{"rendered":"<p><span style=\"font-weight: 400;\">La educaci\u00f3n social debe disponer y generar un pensamiento que permita problematizar sobre su teor\u00eda, sus procedimientos y las experiencias que nos hablan de ella, teniendo en cuenta el momento presente, en el cual se est\u00e1n desplegando distintos procesos educativos y desarrollando enormes cambios sociales y educativos. No basta con conocer y explicar situaciones y acontecimientos, sino que ha de representar un dispositivo de transformaci\u00f3n social. <\/span><\/p>\n<p><span style=\"font-weight: 400;\">Precisamos una educaci\u00f3n social \u2013una parte est\u00e1 en la historia y otra hay que construirla\u2013 que d\u00e9 lugar a acciones educativas con las cuales alzar nuevos horizontes. De ah\u00ed que las teor\u00edas educativas existentes, los procedimientos empleados y las experiencias llevadas a cabo sean las cuestiones que ocupar\u00e1n los cap\u00edtulos de esta obra.<\/span><\/p>\n<p><span style=\"font-weight: 400;\">Esta publicaci\u00f3n, surgida de la reflexi\u00f3n compartida de docentes de diversas universidades del Estado espa\u00f1ol y del Reino Unido, no pretende abarcar todos los campos metodol\u00f3gicos y de conocimiento vinculados a este campo, si bien re\u00fane visiones te\u00f3ricas, procedimentales y pr\u00e1cticas desde diferentes perspectivas que defienden una educaci\u00f3n cada vez m\u00e1s social y tapizada por la luz m\u00e1gica de los educadores, a partir de su pensamiento y de su pr\u00e1ctica pedag\u00f3gica.<\/span><\/p>\n","protected":false},"excerpt":{"rendered":"<p><span style=\"font-weight: 400;\">La educaci\u00f3n social debe disponer y generar un pensamiento que permita problematizar sobre su teor\u00eda, sus procedimientos y las experiencias que nos hablan de ella, teniendo en cuenta el momento presente, en el cual se est\u00e1n desplegando distintos procesos educativos y desarrollando enormes cambios sociales y educativos. No basta con conocer y explicar situaciones y acontecimientos, sino que ha de representar un dispositivo de transformaci\u00f3n social. <\/span><\/p>\n<p><span style=\"font-weight: 400;\">Precisamos una educaci\u00f3n social \u2013una parte est\u00e1 en la historia y otra hay que construirla\u2013 que d\u00e9 lugar a acciones educativas con las cuales alzar nuevos horizontes. De ah\u00ed que las teor\u00edas educativas existentes, los procedimientos empleados y las experiencias llevadas a cabo sean las cuestiones que ocupar\u00e1n los cap\u00edtulos de esta obra.<\/span><\/p>\n<p><span style=\"font-weight: 400;\">Esta publicaci\u00f3n, surgida de la reflexi\u00f3n compartida de docentes de diversas universidades del Estado espa\u00f1ol y del Reino Unido, no pretende abarcar todos los campos metodol\u00f3gicos y de conocimiento vinculados a este campo, si bien re\u00fane visiones te\u00f3ricas, procedimentales y pr\u00e1cticas desde diferentes perspectivas que defienden una educaci\u00f3n cada vez m\u00e1s social y tapizada por la luz m\u00e1gica de los educadores, a partir de su pensamiento y de su pr\u00e1ctica pedag\u00f3gica.<\/span><\/p>\n","protected":false},"featured_media":52253,"comment_status":"open","ping_status":"closed","template":"","meta":{"_et_pb_use_builder":"","_et_pb_old_content":"","_et_gb_content_width":""},"product_cat":[11899,11858,11859,11912,11907],"product_tag":[11892],"edicion":[11865],"editoriales":[],"tienda":[],"autor_id":[19734,19733],"universidades_coeditoras":[19735],"palabras_clave":[],"listado_alfabetico":[],"acf":[],"_links":{"self":[{"href":"https:\/\/wizardly-davinci.82-223-8-23.plesk.page\/en\/wp-json\/wp\/v2\/product\/54643"}],"collection":[{"href":"https:\/\/wizardly-davinci.82-223-8-23.plesk.page\/en\/wp-json\/wp\/v2\/product"}],"about":[{"href":"https:\/\/wizardly-davinci.82-223-8-23.plesk.page\/en\/wp-json\/wp\/v2\/types\/product"}],"replies":[{"embeddable":true,"href":"https:\/\/wizardly-davinci.82-223-8-23.plesk.page\/en\/wp-json\/wp\/v2\/comments?post=54643"}],"wp:featuredmedia":[{"embeddable":true,"href":"https:\/\/wizardly-davinci.82-223-8-23.plesk.page\/en\/wp-json\/wp\/v2\/media\/52253"}],"wp:attachment":[{"href":"https:\/\/wizardly-davinci.82-223-8-23.plesk.page\/en\/wp-json\/wp\/v2\/media?parent=54643"}],"wp:term":[{"taxonomy":"product_cat","embeddable":true,"href":"https:\/\/wizardly-davinci.82-223-8-23.plesk.page\/en\/wp-json\/wp\/v2\/product_cat?post=54643"},{"taxonomy":"product_tag","embeddable":true,"href":"https:\/\/wizardly-davinci.82-223-8-23.plesk.page\/en\/wp-json\/wp\/v2\/product_tag?post=54643"},{"taxonomy":"edicion","embeddable":true,"href":"https:\/\/wizardly-davinci.82-223-8-23.plesk.page\/en\/wp-json\/wp\/v2\/edicion?post=54643"},{"taxonomy":"editoriales","embeddable":true,"href":"https:\/\/wizardly-davinci.82-223-8-23.plesk.page\/en\/wp-json\/wp\/v2\/editoriales?post=54643"},{"taxonomy":"tienda","embeddable":true,"href":"https:\/\/wizardly-davinci.82-223-8-23.plesk.page\/en\/wp-json\/wp\/v2\/tienda?post=54643"},{"taxonomy":"autor_id","embeddable":true,"href":"https:\/\/wizardly-davinci.82-223-8-23.plesk.page\/en\/wp-json\/wp\/v2\/autor_id?post=54643"},{"taxonomy":"universidades_coeditoras","embeddable":true,"href":"https:\/\/wizardly-davinci.82-223-8-23.plesk.page\/en\/wp-json\/wp\/v2\/universidades_coeditoras?post=54643"},{"taxonomy":"palabras_clave","embeddable":true,"href":"https:\/\/wizardly-davinci.82-223-8-23.plesk.page\/en\/wp-json\/wp\/v2\/palabras_clave?post=54643"},{"taxonomy":"listado_alfabetico","embeddable":true,"href":"https:\/\/wizardly-davinci.82-223-8-23.plesk.page\/en\/wp-json\/wp\/v2\/listado_alfabetico?post=54643"}],"curies":[{"name":"wp","href":"https:\/\/api.w.org\/{rel}","templated":true}]}}