{"id":54644,"date":"2020-02-11T12:49:41","date_gmt":"2020-02-11T11:49:41","guid":{"rendered":"https:\/\/octaedro.com\/libro\/el-bullying-que-no-cesa\/"},"modified":"2023-02-22T13:38:17","modified_gmt":"2023-02-22T12:38:17","slug":"el-bullying-que-no-cesa-2","status":"publish","type":"product","link":"https:\/\/wizardly-davinci.82-223-8-23.plesk.page\/en\/producto\/el-bullying-que-no-cesa-2\/","title":{"rendered":"El bullying que no cesa"},"content":{"rendered":"<p><span style=\"font-weight: 400;\">Tras medio siglo de investigaciones, el <\/span><i><span style=\"font-weight: 400;\">bullying<\/span><\/i><span style=\"font-weight: 400;\"> no disminuye ni se aclara tanto como cabr\u00eda esperar. Decenas de estudios arrojan cifras y tendencias diferentes. Los casos de suicidio aumentan y golpean la conciencia de una ciudadan\u00eda perpleja.<\/span><\/p>\n<p><span style=\"font-weight: 400;\">El presente libro intenta explicar los aspectos que permanecen oscuros desde un punto de vista cr\u00edtico. La violencia que se produce entre los alumnos est\u00e1 relacionada con la violencia escolar y la que se da fuera de la escuela. <\/span><\/p>\n<p><span style=\"font-weight: 400;\">Por otro lado, circulan mitos cuya funci\u00f3n es evitar una reflexi\u00f3n profunda. Las v\u00edctimas no se limitan a ciertos centros, barrios o perfiles de estudiantes. La sociedad vulnerable en la que vivimos hace m\u00e1s probable que se den diferentes circunstancias discriminatorias. Un sistema educativo cada vez m\u00e1s estresante y competitivo desemboca, por fuerza, en formas de diversi\u00f3n perversas que exigen el sacrificio de v\u00edctimas.<\/span><\/p>\n<p><span style=\"font-weight: 400;\">Padres, profesores, inspectores, jueces y fiscales tienden a eludir su responsabilidad, amparados en la inercia burocr\u00e1tica, la falta de solidaridad y compasi\u00f3n y su escaso conocimiento sobre la naturaleza de la infancia y el funcionamiento de las relaciones sociales en la educaci\u00f3n, todo lo cual denota importantes lagunas en su formaci\u00f3n profesional.<\/span><\/p>\n","protected":false},"excerpt":{"rendered":"<p><span style=\"font-weight: 400;\">Tras medio siglo de investigaciones, el <\/span><i><span style=\"font-weight: 400;\">bullying<\/span><\/i><span style=\"font-weight: 400;\"> no disminuye ni se aclara tanto como cabr\u00eda esperar. Decenas de estudios arrojan cifras y tendencias diferentes. Los casos de suicidio aumentan y golpean la conciencia de una ciudadan\u00eda perpleja.<\/span><\/p>\n<p><span style=\"font-weight: 400;\">El presente libro intenta explicar los aspectos que permanecen oscuros desde un punto de vista cr\u00edtico. La violencia que se produce entre los alumnos est\u00e1 relacionada con la violencia escolar y la que se da fuera de la escuela. <\/span><\/p>\n<p><span style=\"font-weight: 400;\">Por otro lado, circulan mitos cuya funci\u00f3n es evitar una reflexi\u00f3n profunda. Las v\u00edctimas no se limitan a ciertos centros, barrios o perfiles de estudiantes. La sociedad vulnerable en la que vivimos hace m\u00e1s probable que se den diferentes circunstancias discriminatorias. Un sistema educativo cada vez m\u00e1s estresante y competitivo desemboca, por fuerza, en formas de diversi\u00f3n perversas que exigen el sacrificio de v\u00edctimas.<\/span><\/p>\n<p><span style=\"font-weight: 400;\">Padres, profesores, inspectores, jueces y fiscales tienden a eludir su responsabilidad, amparados en la inercia burocr\u00e1tica, la falta de solidaridad y compasi\u00f3n y su escaso conocimiento sobre la naturaleza de la infancia y el funcionamiento de las relaciones sociales en la educaci\u00f3n, todo lo cual denota importantes lagunas en su formaci\u00f3n profesional.<\/span><\/p>\n","protected":false},"featured_media":52250,"comment_status":"open","ping_status":"closed","template":"","meta":{"_et_pb_use_builder":"","_et_pb_old_content":"","_et_gb_content_width":""},"product_cat":[11899,11858,11859,11912],"product_tag":[11892],"edicion":[11865],"editoriales":[],"tienda":[],"autor_id":[14376],"universidades_coeditoras":[],"palabras_clave":[],"listado_alfabetico":[],"acf":[],"_links":{"self":[{"href":"https:\/\/wizardly-davinci.82-223-8-23.plesk.page\/en\/wp-json\/wp\/v2\/product\/54644"}],"collection":[{"href":"https:\/\/wizardly-davinci.82-223-8-23.plesk.page\/en\/wp-json\/wp\/v2\/product"}],"about":[{"href":"https:\/\/wizardly-davinci.82-223-8-23.plesk.page\/en\/wp-json\/wp\/v2\/types\/product"}],"replies":[{"embeddable":true,"href":"https:\/\/wizardly-davinci.82-223-8-23.plesk.page\/en\/wp-json\/wp\/v2\/comments?post=54644"}],"wp:featuredmedia":[{"embeddable":true,"href":"https:\/\/wizardly-davinci.82-223-8-23.plesk.page\/en\/wp-json\/wp\/v2\/media\/52250"}],"wp:attachment":[{"href":"https:\/\/wizardly-davinci.82-223-8-23.plesk.page\/en\/wp-json\/wp\/v2\/media?parent=54644"}],"wp:term":[{"taxonomy":"product_cat","embeddable":true,"href":"https:\/\/wizardly-davinci.82-223-8-23.plesk.page\/en\/wp-json\/wp\/v2\/product_cat?post=54644"},{"taxonomy":"product_tag","embeddable":true,"href":"https:\/\/wizardly-davinci.82-223-8-23.plesk.page\/en\/wp-json\/wp\/v2\/product_tag?post=54644"},{"taxonomy":"edicion","embeddable":true,"href":"https:\/\/wizardly-davinci.82-223-8-23.plesk.page\/en\/wp-json\/wp\/v2\/edicion?post=54644"},{"taxonomy":"editoriales","embeddable":true,"href":"https:\/\/wizardly-davinci.82-223-8-23.plesk.page\/en\/wp-json\/wp\/v2\/editoriales?post=54644"},{"taxonomy":"tienda","embeddable":true,"href":"https:\/\/wizardly-davinci.82-223-8-23.plesk.page\/en\/wp-json\/wp\/v2\/tienda?post=54644"},{"taxonomy":"autor_id","embeddable":true,"href":"https:\/\/wizardly-davinci.82-223-8-23.plesk.page\/en\/wp-json\/wp\/v2\/autor_id?post=54644"},{"taxonomy":"universidades_coeditoras","embeddable":true,"href":"https:\/\/wizardly-davinci.82-223-8-23.plesk.page\/en\/wp-json\/wp\/v2\/universidades_coeditoras?post=54644"},{"taxonomy":"palabras_clave","embeddable":true,"href":"https:\/\/wizardly-davinci.82-223-8-23.plesk.page\/en\/wp-json\/wp\/v2\/palabras_clave?post=54644"},{"taxonomy":"listado_alfabetico","embeddable":true,"href":"https:\/\/wizardly-davinci.82-223-8-23.plesk.page\/en\/wp-json\/wp\/v2\/listado_alfabetico?post=54644"}],"curies":[{"name":"wp","href":"https:\/\/api.w.org\/{rel}","templated":true}]}}