{"id":54659,"date":"2020-01-30T10:32:09","date_gmt":"2020-01-30T10:32:09","guid":{"rendered":"https:\/\/octaedro.com\/libro\/innovacion-e-investigacion-en-la-formacion-inicial-del-profesorado-de-infantil-y-primaria-desde-las-didacticas-de-las-ciencias-experimentales-y-sociales\/"},"modified":"2023-02-22T13:38:23","modified_gmt":"2023-02-22T12:38:23","slug":"innovacion-e-investigacion-en-la-formacion-inicial-del-profesorado-de-infantil-y-primaria-desde-las-didacticas-de-las-ciencias-experimentales-y-sociales-2","status":"publish","type":"product","link":"https:\/\/wizardly-davinci.82-223-8-23.plesk.page\/en\/producto\/innovacion-e-investigacion-en-la-formacion-inicial-del-profesorado-de-infantil-y-primaria-desde-las-didacticas-de-las-ciencias-experimentales-y-sociales-2\/","title":{"rendered":"Innovaci\u00f3n e investigaci\u00f3n en la formaci\u00f3n inicial del profesorado de Infantil y Primaria desde las did\u00e1cticas de las ciencias experimentales y sociales"},"content":{"rendered":"<p><span style=\"font-weight: 400;\">Este libro responde a las inquietudes compartidas por un equipo de profesionales de la educaci\u00f3n sobre la necesidad de trabajar en este \u00e1mbito las problem\u00e1ticas socioambientales integradamente, y superar as\u00ed la concepci\u00f3n m\u00e1s tradicional y reduccionista, en la que lo social y lo ambiental se presentan de forma inconexa. Un trabajo que, sin duda, pone de relieve que la formaci\u00f3n del profesorado es una exigencia b\u00e1sica en las fases previas al ejercicio profesional y un reto continuo a lo largo de toda la carrera docente; un elemento clave para el desarrollo profesional. <\/span><\/p>\n<p><span style=\"font-weight: 400;\">Desde estas consideraciones iniciales, presentamos un conjunto de trabajos de investigaci\u00f3n, as\u00ed como propuestas did\u00e1cticas de car\u00e1cter innovador, centradas en las etapas de Educaci\u00f3n Infantil y Primaria, que muestran claves y directrices para que los docentes formen a una ciudadan\u00eda cr\u00edtica y activa en nuestra sociedad.<\/span><\/p>\n","protected":false},"excerpt":{"rendered":"<p><span style=\"font-weight: 400;\">Este libro responde a las inquietudes compartidas por un equipo de profesionales de la educaci\u00f3n sobre la necesidad de trabajar en este \u00e1mbito las problem\u00e1ticas socioambientales integradamente, y superar as\u00ed la concepci\u00f3n m\u00e1s tradicional y reduccionista, en la que lo social y lo ambiental se presentan de forma inconexa. Un trabajo que, sin duda, pone de relieve que la formaci\u00f3n del profesorado es una exigencia b\u00e1sica en las fases previas al ejercicio profesional y un reto continuo a lo largo de toda la carrera docente; un elemento clave para el desarrollo profesional. <\/span><\/p>\n<p><span style=\"font-weight: 400;\">Desde estas consideraciones iniciales, presentamos un conjunto de trabajos de investigaci\u00f3n, as\u00ed como propuestas did\u00e1cticas de car\u00e1cter innovador, centradas en las etapas de Educaci\u00f3n Infantil y Primaria, que muestran claves y directrices para que los docentes formen a una ciudadan\u00eda cr\u00edtica y activa en nuestra sociedad.<\/span><\/p>\n","protected":false},"featured_media":52200,"comment_status":"open","ping_status":"closed","template":"","meta":{"_et_pb_use_builder":"","_et_pb_old_content":"","_et_gb_content_width":""},"product_cat":[11899,11913,11907],"product_tag":[11890],"edicion":[12178],"editoriales":[11867],"tienda":[],"autor_id":[19785,19786,19395],"universidades_coeditoras":[12270],"palabras_clave":[],"listado_alfabetico":[],"acf":[],"_links":{"self":[{"href":"https:\/\/wizardly-davinci.82-223-8-23.plesk.page\/en\/wp-json\/wp\/v2\/product\/54659"}],"collection":[{"href":"https:\/\/wizardly-davinci.82-223-8-23.plesk.page\/en\/wp-json\/wp\/v2\/product"}],"about":[{"href":"https:\/\/wizardly-davinci.82-223-8-23.plesk.page\/en\/wp-json\/wp\/v2\/types\/product"}],"replies":[{"embeddable":true,"href":"https:\/\/wizardly-davinci.82-223-8-23.plesk.page\/en\/wp-json\/wp\/v2\/comments?post=54659"}],"wp:featuredmedia":[{"embeddable":true,"href":"https:\/\/wizardly-davinci.82-223-8-23.plesk.page\/en\/wp-json\/wp\/v2\/media\/52200"}],"wp:attachment":[{"href":"https:\/\/wizardly-davinci.82-223-8-23.plesk.page\/en\/wp-json\/wp\/v2\/media?parent=54659"}],"wp:term":[{"taxonomy":"product_cat","embeddable":true,"href":"https:\/\/wizardly-davinci.82-223-8-23.plesk.page\/en\/wp-json\/wp\/v2\/product_cat?post=54659"},{"taxonomy":"product_tag","embeddable":true,"href":"https:\/\/wizardly-davinci.82-223-8-23.plesk.page\/en\/wp-json\/wp\/v2\/product_tag?post=54659"},{"taxonomy":"edicion","embeddable":true,"href":"https:\/\/wizardly-davinci.82-223-8-23.plesk.page\/en\/wp-json\/wp\/v2\/edicion?post=54659"},{"taxonomy":"editoriales","embeddable":true,"href":"https:\/\/wizardly-davinci.82-223-8-23.plesk.page\/en\/wp-json\/wp\/v2\/editoriales?post=54659"},{"taxonomy":"tienda","embeddable":true,"href":"https:\/\/wizardly-davinci.82-223-8-23.plesk.page\/en\/wp-json\/wp\/v2\/tienda?post=54659"},{"taxonomy":"autor_id","embeddable":true,"href":"https:\/\/wizardly-davinci.82-223-8-23.plesk.page\/en\/wp-json\/wp\/v2\/autor_id?post=54659"},{"taxonomy":"universidades_coeditoras","embeddable":true,"href":"https:\/\/wizardly-davinci.82-223-8-23.plesk.page\/en\/wp-json\/wp\/v2\/universidades_coeditoras?post=54659"},{"taxonomy":"palabras_clave","embeddable":true,"href":"https:\/\/wizardly-davinci.82-223-8-23.plesk.page\/en\/wp-json\/wp\/v2\/palabras_clave?post=54659"},{"taxonomy":"listado_alfabetico","embeddable":true,"href":"https:\/\/wizardly-davinci.82-223-8-23.plesk.page\/en\/wp-json\/wp\/v2\/listado_alfabetico?post=54659"}],"curies":[{"name":"wp","href":"https:\/\/api.w.org\/{rel}","templated":true}]}}