{"id":54660,"date":"2020-01-30T10:06:31","date_gmt":"2020-01-30T09:06:31","guid":{"rendered":"https:\/\/octaedro.com\/libro\/el-practicum-factor-de-calidad-en-la-formacion-del-profesorado-de-secundaria-y-bachillerato\/"},"modified":"2023-02-22T13:38:23","modified_gmt":"2023-02-22T12:38:23","slug":"el-practicum-factor-de-calidad-en-la-formacion-del-profesorado-de-secundaria-y-bachillerato-2","status":"publish","type":"product","link":"https:\/\/wizardly-davinci.82-223-8-23.plesk.page\/en\/producto\/el-practicum-factor-de-calidad-en-la-formacion-del-profesorado-de-secundaria-y-bachillerato-2\/","title":{"rendered":"El Pr\u00e1cticum, factor de calidad en la formaci\u00f3n del profesorado de Secundaria y Bachillerato"},"content":{"rendered":"<p><span style=\"font-weight: 400;\">La obra <\/span><i><span style=\"font-weight: 400;\">El Pr\u00e1cticum, factor de calidad en la formaci\u00f3n del profesorado de Secundaria y Bachillerato<\/span><\/i><span style=\"font-weight: 400;\">. <\/span><i><span style=\"font-weight: 400;\">Teor\u00eda y pr\u00e1ctica<\/span><\/i><span style=\"font-weight: 400;\"> es fruto del trabajo de investigaci\u00f3n llevado a cabo por un equipo interdisciplinar de la Universidad Aut\u00f3noma de Madrid en el M\u00e1ster de Formaci\u00f3n de Profesorado y Educaci\u00f3n (MESOB). Pretende contribuir al corpus de conocimiento sobre el Pr\u00e1cticum y servir de ayuda a los tutores de la universidad y de los centros de pr\u00e1cticas, tanto desde la perspectiva de la reflexi\u00f3n te\u00f3rica como en la aplicaci\u00f3n pr\u00e1ctica.<\/span><\/p>\n<p><span style=\"font-weight: 400;\">En este momento, cuando se est\u00e1 debatiendo sobre la formaci\u00f3n del profesorado de Ense\u00f1anza Secundaria Obligatoria y Bachillerato, pensamos que este libro tambi\u00e9n puede resultarles \u00fatil a los tutores en el caso de que el actual plan de estudios sea reemplazado por un modelo de formaci\u00f3n de profesor residente (MIR docente).<\/span><\/p>\n","protected":false},"excerpt":{"rendered":"<p><span style=\"font-weight: 400;\">La obra <\/span><i><span style=\"font-weight: 400;\">El Pr\u00e1cticum, factor de calidad en la formaci\u00f3n del profesorado de Secundaria y Bachillerato<\/span><\/i><span style=\"font-weight: 400;\">. <\/span><i><span style=\"font-weight: 400;\">Teor\u00eda y pr\u00e1ctica<\/span><\/i><span style=\"font-weight: 400;\"> es fruto del trabajo de investigaci\u00f3n llevado a cabo por un equipo interdisciplinar de la Universidad Aut\u00f3noma de Madrid en el M\u00e1ster de Formaci\u00f3n de Profesorado y Educaci\u00f3n (MESOB). Pretende contribuir al corpus de conocimiento sobre el Pr\u00e1cticum y servir de ayuda a los tutores de la universidad y de los centros de pr\u00e1cticas, tanto desde la perspectiva de la reflexi\u00f3n te\u00f3rica como en la aplicaci\u00f3n pr\u00e1ctica.<\/span><\/p>\n<p><span style=\"font-weight: 400;\">En este momento, cuando se est\u00e1 debatiendo sobre la formaci\u00f3n del profesorado de Ense\u00f1anza Secundaria Obligatoria y Bachillerato, pensamos que este libro tambi\u00e9n puede resultarles \u00fatil a los tutores en el caso de que el actual plan de estudios sea reemplazado por un modelo de formaci\u00f3n de profesor residente (MIR docente).<\/span><\/p>\n","protected":false},"featured_media":52198,"comment_status":"open","ping_status":"closed","template":"","meta":{"_et_pb_use_builder":"","_et_pb_old_content":"","_et_gb_content_width":""},"product_cat":[11858,11859,11912],"product_tag":[11892],"edicion":[12199,11865],"editoriales":[11867],"tienda":[],"autor_id":[14178,19788],"universidades_coeditoras":[14906],"palabras_clave":[],"listado_alfabetico":[],"acf":[],"_links":{"self":[{"href":"https:\/\/wizardly-davinci.82-223-8-23.plesk.page\/en\/wp-json\/wp\/v2\/product\/54660"}],"collection":[{"href":"https:\/\/wizardly-davinci.82-223-8-23.plesk.page\/en\/wp-json\/wp\/v2\/product"}],"about":[{"href":"https:\/\/wizardly-davinci.82-223-8-23.plesk.page\/en\/wp-json\/wp\/v2\/types\/product"}],"replies":[{"embeddable":true,"href":"https:\/\/wizardly-davinci.82-223-8-23.plesk.page\/en\/wp-json\/wp\/v2\/comments?post=54660"}],"wp:featuredmedia":[{"embeddable":true,"href":"https:\/\/wizardly-davinci.82-223-8-23.plesk.page\/en\/wp-json\/wp\/v2\/media\/52198"}],"wp:attachment":[{"href":"https:\/\/wizardly-davinci.82-223-8-23.plesk.page\/en\/wp-json\/wp\/v2\/media?parent=54660"}],"wp:term":[{"taxonomy":"product_cat","embeddable":true,"href":"https:\/\/wizardly-davinci.82-223-8-23.plesk.page\/en\/wp-json\/wp\/v2\/product_cat?post=54660"},{"taxonomy":"product_tag","embeddable":true,"href":"https:\/\/wizardly-davinci.82-223-8-23.plesk.page\/en\/wp-json\/wp\/v2\/product_tag?post=54660"},{"taxonomy":"edicion","embeddable":true,"href":"https:\/\/wizardly-davinci.82-223-8-23.plesk.page\/en\/wp-json\/wp\/v2\/edicion?post=54660"},{"taxonomy":"editoriales","embeddable":true,"href":"https:\/\/wizardly-davinci.82-223-8-23.plesk.page\/en\/wp-json\/wp\/v2\/editoriales?post=54660"},{"taxonomy":"tienda","embeddable":true,"href":"https:\/\/wizardly-davinci.82-223-8-23.plesk.page\/en\/wp-json\/wp\/v2\/tienda?post=54660"},{"taxonomy":"autor_id","embeddable":true,"href":"https:\/\/wizardly-davinci.82-223-8-23.plesk.page\/en\/wp-json\/wp\/v2\/autor_id?post=54660"},{"taxonomy":"universidades_coeditoras","embeddable":true,"href":"https:\/\/wizardly-davinci.82-223-8-23.plesk.page\/en\/wp-json\/wp\/v2\/universidades_coeditoras?post=54660"},{"taxonomy":"palabras_clave","embeddable":true,"href":"https:\/\/wizardly-davinci.82-223-8-23.plesk.page\/en\/wp-json\/wp\/v2\/palabras_clave?post=54660"},{"taxonomy":"listado_alfabetico","embeddable":true,"href":"https:\/\/wizardly-davinci.82-223-8-23.plesk.page\/en\/wp-json\/wp\/v2\/listado_alfabetico?post=54660"}],"curies":[{"name":"wp","href":"https:\/\/api.w.org\/{rel}","templated":true}]}}