{"id":54663,"date":"2019-07-01T00:00:00","date_gmt":"2019-06-30T22:00:00","guid":{"rendered":"https:\/\/octaedro.com\/libro\/i-ara-que\/"},"modified":"2023-03-08T12:20:42","modified_gmt":"2023-03-08T11:20:42","slug":"i-ara-que-2","status":"publish","type":"product","link":"https:\/\/wizardly-davinci.82-223-8-23.plesk.page\/en\/producto\/i-ara-que-2\/","title":{"rendered":"I ara qu\u00e8?"},"content":{"rendered":"<p>L\u2019aposta de l\u2019Associaci\u00f3 de Mestres Rosa Sensat per la formaci\u00f3 dels mestres \u00e9s, com tothom sap, un prop\u00f2sit viu i constant per millorar la nostra feina com a educadors.<\/p>\n<p>Assumint aquest comprom\u00eds, ja fa uns anys que l\u2019autor d\u2019aquest llibre va comen\u00e7ar la seva tasca com a formador. Gino Ferri, en les seves formacions, fuig d\u2019un discurs que sigui del gust de tothom i destarota els assistents amb el seu toc de sarcasme, irrever\u00e8ncia i seducci\u00f3.<\/p>\n","protected":false},"excerpt":{"rendered":"<p>L\u2019aposta de l\u2019Associaci\u00f3 de Mestres Rosa Sensat per la formaci\u00f3 dels mestres \u00e9s, com tothom sap, un prop\u00f2sit viu i constant per millorar la nostra feina com a educadors.<\/p>\n<p>Assumint aquest comprom\u00eds, ja fa uns anys que l\u2019autor d\u2019aquest llibre va comen\u00e7ar la seva tasca com a formador. Gino Ferri, en les seves formacions, fuig d\u2019un discurs que sigui del gust de tothom i destarota els assistents amb el seu toc de sarcasme, irrever\u00e8ncia i seducci\u00f3.<\/p>\n","protected":false},"featured_media":51543,"comment_status":"open","ping_status":"closed","template":"","meta":{"_et_pb_use_builder":"","_et_pb_old_content":"","_et_gb_content_width":""},"product_cat":[11882,11859,11925],"product_tag":[11860],"edicion":[11865],"editoriales":[12203],"tienda":[],"autor_id":[19515],"universidades_coeditoras":[],"palabras_clave":[],"listado_alfabetico":[],"acf":[],"_links":{"self":[{"href":"https:\/\/wizardly-davinci.82-223-8-23.plesk.page\/en\/wp-json\/wp\/v2\/product\/54663"}],"collection":[{"href":"https:\/\/wizardly-davinci.82-223-8-23.plesk.page\/en\/wp-json\/wp\/v2\/product"}],"about":[{"href":"https:\/\/wizardly-davinci.82-223-8-23.plesk.page\/en\/wp-json\/wp\/v2\/types\/product"}],"replies":[{"embeddable":true,"href":"https:\/\/wizardly-davinci.82-223-8-23.plesk.page\/en\/wp-json\/wp\/v2\/comments?post=54663"}],"wp:featuredmedia":[{"embeddable":true,"href":"https:\/\/wizardly-davinci.82-223-8-23.plesk.page\/en\/wp-json\/wp\/v2\/media\/51543"}],"wp:attachment":[{"href":"https:\/\/wizardly-davinci.82-223-8-23.plesk.page\/en\/wp-json\/wp\/v2\/media?parent=54663"}],"wp:term":[{"taxonomy":"product_cat","embeddable":true,"href":"https:\/\/wizardly-davinci.82-223-8-23.plesk.page\/en\/wp-json\/wp\/v2\/product_cat?post=54663"},{"taxonomy":"product_tag","embeddable":true,"href":"https:\/\/wizardly-davinci.82-223-8-23.plesk.page\/en\/wp-json\/wp\/v2\/product_tag?post=54663"},{"taxonomy":"edicion","embeddable":true,"href":"https:\/\/wizardly-davinci.82-223-8-23.plesk.page\/en\/wp-json\/wp\/v2\/edicion?post=54663"},{"taxonomy":"editoriales","embeddable":true,"href":"https:\/\/wizardly-davinci.82-223-8-23.plesk.page\/en\/wp-json\/wp\/v2\/editoriales?post=54663"},{"taxonomy":"tienda","embeddable":true,"href":"https:\/\/wizardly-davinci.82-223-8-23.plesk.page\/en\/wp-json\/wp\/v2\/tienda?post=54663"},{"taxonomy":"autor_id","embeddable":true,"href":"https:\/\/wizardly-davinci.82-223-8-23.plesk.page\/en\/wp-json\/wp\/v2\/autor_id?post=54663"},{"taxonomy":"universidades_coeditoras","embeddable":true,"href":"https:\/\/wizardly-davinci.82-223-8-23.plesk.page\/en\/wp-json\/wp\/v2\/universidades_coeditoras?post=54663"},{"taxonomy":"palabras_clave","embeddable":true,"href":"https:\/\/wizardly-davinci.82-223-8-23.plesk.page\/en\/wp-json\/wp\/v2\/palabras_clave?post=54663"},{"taxonomy":"listado_alfabetico","embeddable":true,"href":"https:\/\/wizardly-davinci.82-223-8-23.plesk.page\/en\/wp-json\/wp\/v2\/listado_alfabetico?post=54663"}],"curies":[{"name":"wp","href":"https:\/\/api.w.org\/{rel}","templated":true}]}}