{"id":54664,"date":"2020-01-14T13:41:48","date_gmt":"2020-01-14T12:41:48","guid":{"rendered":"https:\/\/octaedro.com\/libro\/participacion-ciudadana-y-gobernanza\/"},"modified":"2023-02-22T13:38:23","modified_gmt":"2023-02-22T12:38:23","slug":"participacion-ciudadana-y-gobernanza-2","status":"publish","type":"product","link":"https:\/\/wizardly-davinci.82-223-8-23.plesk.page\/en\/producto\/participacion-ciudadana-y-gobernanza-2\/","title":{"rendered":"Participaci\u00f3n ciudadana y gobernanza"},"content":{"rendered":"<p><span style=\"font-weight: 400;\">La complejidad de las sociedades actuales, que, adem\u00e1s, afrontan inmensos desaf\u00edos locales y globales que requieren soluciones dialogadas y asumidas por la mayor\u00eda, nos hace entender el porqu\u00e9 una gobernanza con verdadera implicaci\u00f3n de la participaci\u00f3n ciudadana es hoy una necesidad estructural de las sociedades democr\u00e1ticas. La apuesta decidida por gobiernos abiertos con la colaboraci\u00f3n de una ciudadan\u00eda activa y comprometida en las decisiones p\u00fablicas y colectivas requiere contar, entre otros, con personas suficientemente cualificadas y preparadas para acompa\u00f1ar a las instituciones p\u00fablicas y entidades de la sociedad civil en ese proceso generador de inteligencia colectiva para el fortalecimiento democr\u00e1tico.<\/span><\/p>\n<p><span style=\"font-weight: 400;\">Esta publicaci\u00f3n, surgida del t\u00edtulo en Gobernanza y Participaci\u00f3n Ciudadana que se imparte en la Universidad de Las Palmas de Gran Canaria, no pretende ni mucho menos abarcar todos los campos metodol\u00f3gicos y de conocimiento relacionados con la construcci\u00f3n democr\u00e1tica de una gobernanza con protagonismo ciudadano. Aqu\u00ed se han reunido algunas visiones cr\u00edticas, constructivas y posibilistas de la participaci\u00f3n ciudadana que, en \u00faltima instancia, ayuden a los agentes facilitadores (funcionarios o decisores pol\u00edticos, activistas de la sociedad civil organizada, profesionales de la innovaci\u00f3n social y ciudadana) a contextualizar y encajar de manera realista su papel en la activaci\u00f3n de procesos de participaci\u00f3n ciudadana.<\/span><\/p>\n","protected":false},"excerpt":{"rendered":"<p><span style=\"font-weight: 400;\">La complejidad de las sociedades actuales, que, adem\u00e1s, afrontan inmensos desaf\u00edos locales y globales que requieren soluciones dialogadas y asumidas por la mayor\u00eda, nos hace entender el porqu\u00e9 una gobernanza con verdadera implicaci\u00f3n de la participaci\u00f3n ciudadana es hoy una necesidad estructural de las sociedades democr\u00e1ticas. La apuesta decidida por gobiernos abiertos con la colaboraci\u00f3n de una ciudadan\u00eda activa y comprometida en las decisiones p\u00fablicas y colectivas requiere contar, entre otros, con personas suficientemente cualificadas y preparadas para acompa\u00f1ar a las instituciones p\u00fablicas y entidades de la sociedad civil en ese proceso generador de inteligencia colectiva para el fortalecimiento democr\u00e1tico.<\/span><\/p>\n<p><span style=\"font-weight: 400;\">Esta publicaci\u00f3n, surgida del t\u00edtulo en Gobernanza y Participaci\u00f3n Ciudadana que se imparte en la Universidad de Las Palmas de Gran Canaria, no pretende ni mucho menos abarcar todos los campos metodol\u00f3gicos y de conocimiento relacionados con la construcci\u00f3n democr\u00e1tica de una gobernanza con protagonismo ciudadano. Aqu\u00ed se han reunido algunas visiones cr\u00edticas, constructivas y posibilistas de la participaci\u00f3n ciudadana que, en \u00faltima instancia, ayuden a los agentes facilitadores (funcionarios o decisores pol\u00edticos, activistas de la sociedad civil organizada, profesionales de la innovaci\u00f3n social y ciudadana) a contextualizar y encajar de manera realista su papel en la activaci\u00f3n de procesos de participaci\u00f3n ciudadana.<\/span><\/p>\n","protected":false},"featured_media":52143,"comment_status":"open","ping_status":"closed","template":"","meta":{"_et_pb_use_builder":"","_et_pb_old_content":"","_et_gb_content_width":""},"product_cat":[11899,11858,11859,11912,11907],"product_tag":[11892],"edicion":[11865],"editoriales":[],"tienda":[],"autor_id":[19734,19796],"universidades_coeditoras":[19735],"palabras_clave":[],"listado_alfabetico":[],"acf":[],"_links":{"self":[{"href":"https:\/\/wizardly-davinci.82-223-8-23.plesk.page\/en\/wp-json\/wp\/v2\/product\/54664"}],"collection":[{"href":"https:\/\/wizardly-davinci.82-223-8-23.plesk.page\/en\/wp-json\/wp\/v2\/product"}],"about":[{"href":"https:\/\/wizardly-davinci.82-223-8-23.plesk.page\/en\/wp-json\/wp\/v2\/types\/product"}],"replies":[{"embeddable":true,"href":"https:\/\/wizardly-davinci.82-223-8-23.plesk.page\/en\/wp-json\/wp\/v2\/comments?post=54664"}],"wp:featuredmedia":[{"embeddable":true,"href":"https:\/\/wizardly-davinci.82-223-8-23.plesk.page\/en\/wp-json\/wp\/v2\/media\/52143"}],"wp:attachment":[{"href":"https:\/\/wizardly-davinci.82-223-8-23.plesk.page\/en\/wp-json\/wp\/v2\/media?parent=54664"}],"wp:term":[{"taxonomy":"product_cat","embeddable":true,"href":"https:\/\/wizardly-davinci.82-223-8-23.plesk.page\/en\/wp-json\/wp\/v2\/product_cat?post=54664"},{"taxonomy":"product_tag","embeddable":true,"href":"https:\/\/wizardly-davinci.82-223-8-23.plesk.page\/en\/wp-json\/wp\/v2\/product_tag?post=54664"},{"taxonomy":"edicion","embeddable":true,"href":"https:\/\/wizardly-davinci.82-223-8-23.plesk.page\/en\/wp-json\/wp\/v2\/edicion?post=54664"},{"taxonomy":"editoriales","embeddable":true,"href":"https:\/\/wizardly-davinci.82-223-8-23.plesk.page\/en\/wp-json\/wp\/v2\/editoriales?post=54664"},{"taxonomy":"tienda","embeddable":true,"href":"https:\/\/wizardly-davinci.82-223-8-23.plesk.page\/en\/wp-json\/wp\/v2\/tienda?post=54664"},{"taxonomy":"autor_id","embeddable":true,"href":"https:\/\/wizardly-davinci.82-223-8-23.plesk.page\/en\/wp-json\/wp\/v2\/autor_id?post=54664"},{"taxonomy":"universidades_coeditoras","embeddable":true,"href":"https:\/\/wizardly-davinci.82-223-8-23.plesk.page\/en\/wp-json\/wp\/v2\/universidades_coeditoras?post=54664"},{"taxonomy":"palabras_clave","embeddable":true,"href":"https:\/\/wizardly-davinci.82-223-8-23.plesk.page\/en\/wp-json\/wp\/v2\/palabras_clave?post=54664"},{"taxonomy":"listado_alfabetico","embeddable":true,"href":"https:\/\/wizardly-davinci.82-223-8-23.plesk.page\/en\/wp-json\/wp\/v2\/listado_alfabetico?post=54664"}],"curies":[{"name":"wp","href":"https:\/\/api.w.org\/{rel}","templated":true}]}}