{"id":54675,"date":"2019-12-23T10:43:22","date_gmt":"2019-12-23T09:43:22","guid":{"rendered":"https:\/\/octaedro.com\/libro\/ecotecnia-sccl-exit-empresarial-o-fracas-cooperatiu\/"},"modified":"2023-02-22T13:38:28","modified_gmt":"2023-02-22T12:38:28","slug":"ecotecnia-sccl-exit-empresarial-o-fracas-cooperatiu-2","status":"publish","type":"product","link":"https:\/\/wizardly-davinci.82-223-8-23.plesk.page\/en\/producto\/ecotecnia-sccl-exit-empresarial-o-fracas-cooperatiu-2\/","title":{"rendered":"Ecot\u00e8cnia SCCL: \u00e8xit empresarial o frac\u00e0s cooperatiu?"},"content":{"rendered":"<p>El que m\u2019ha emp\u00e8s a escriure aquest llibre ha estat el desig de posar en valor el cas d\u2019una entitat empresarial catalana innovadora que va aconseguir situar-se entre les deu primeres del m\u00f3n i que va passar a mans de grans companyies internacionals, i tot aix\u00f2 a partir de tres enginyers professionals i de cinc enginyers acabats de graduar que van aportar l\u2019equivalent a 2.500 euros actuals.<br \/>\nAquesta obra ofereix informaci\u00f3 detallada sobre els deu primers anys de la cooperativa Ecot\u00e8cnia, que van ser suficients per engegar importants processos de creaci\u00f3 d\u2019activitats de recerca, d\u2019innovaci\u00f3, de creixement i d\u2019adaptaci\u00f3 als mercats, superant la manca de suport de les institucions catalanes i amb l\u2019oposici\u00f3 d\u2019alguns sectors de l\u2019esquerra ambientalista. Aquest recorregut no va ser f\u00e0cil.<br \/>\nAquesta publicaci\u00f3 pret\u00e9n compartir l\u2019experi\u00e8ncia de com v\u00e0rem ser capa\u00e7os d\u2019assolir uns resultats que semblaven ut\u00f2pics, com v\u00e0rem sortejar un seguit de dificultats econ\u00f2miques, organitzatives i tecnol\u00f2giques i com v\u00e0rem v\u00e8ncer les dificultats per mantenir els valors constitucionals en un entorn molt diferent del de la creaci\u00f3 de la cooperativa. D\u2019aqu\u00ed el t\u00edtol del llibre.<br \/>\nCon\u00e8ixer la hist\u00f2ria d\u2019Ecot\u00e8cnia pot ser d\u2019especial inter\u00e8s per a emprenedors i historiadors de l\u2019economia i de les empreses locals. Tamb\u00e9 pot orientar les institucions p\u00fabliques de Catalunya perqu\u00e8 evitin la p\u00e8rdua d\u2019activitats industrials com la de la cooperativa Ecot\u00e8cnia, que despr\u00e9s s\u00ed que va ser valorada pel grup Mondrag\u00f3n del Pa\u00eds Basc, per la francesa Alstom i per la General Electric dels EUA.<br \/>\nJoaquim Corominas<\/p>\n","protected":false},"excerpt":{"rendered":"<p>El que m\u2019ha emp\u00e8s a escriure aquest llibre ha estat el desig de posar en valor el cas d\u2019una entitat empresarial catalana innovadora que va aconseguir situar-se entre les deu primeres del m\u00f3n i que va passar a mans de grans companyies internacionals, i tot aix\u00f2 a partir de tres enginyers professionals i de cinc enginyers acabats de graduar que van aportar l\u2019equivalent a 2.500 euros actuals.<br \/>\nAquesta obra ofereix informaci\u00f3 detallada sobre els deu primers anys de la cooperativa Ecot\u00e8cnia, que van ser suficients per engegar importants processos de creaci\u00f3 d\u2019activitats de recerca, d\u2019innovaci\u00f3, de creixement i d\u2019adaptaci\u00f3 als mercats, superant la manca de suport de les institucions catalanes i amb l\u2019oposici\u00f3 d\u2019alguns sectors de l\u2019esquerra ambientalista. Aquest recorregut no va ser f\u00e0cil.<br \/>\nAquesta publicaci\u00f3 pret\u00e9n compartir l\u2019experi\u00e8ncia de com v\u00e0rem ser capa\u00e7os d\u2019assolir uns resultats que semblaven ut\u00f2pics, com v\u00e0rem sortejar un seguit de dificultats econ\u00f2miques, organitzatives i tecnol\u00f2giques i com v\u00e0rem v\u00e8ncer les dificultats per mantenir els valors constitucionals en un entorn molt diferent del de la creaci\u00f3 de la cooperativa. D\u2019aqu\u00ed el t\u00edtol del llibre.<br \/>\nCon\u00e8ixer la hist\u00f2ria d\u2019Ecot\u00e8cnia pot ser d\u2019especial inter\u00e8s per a emprenedors i historiadors de l\u2019economia i de les empreses locals. Tamb\u00e9 pot orientar les institucions p\u00fabliques de Catalunya perqu\u00e8 evitin la p\u00e8rdua d\u2019activitats industrials com la de la cooperativa Ecot\u00e8cnia, que despr\u00e9s s\u00ed que va ser valorada pel grup Mondrag\u00f3n del Pa\u00eds Basc, per la francesa Alstom i per la General Electric dels EUA.<br \/>\nJoaquim Corominas<\/p>\n","protected":false},"featured_media":52104,"comment_status":"open","ping_status":"closed","template":"","meta":{"_et_pb_use_builder":"","_et_pb_old_content":"","_et_gb_content_width":""},"product_cat":[11858,11859,11918],"product_tag":[11860],"edicion":[11865],"editoriales":[],"tienda":[],"autor_id":[19807],"universidades_coeditoras":[],"palabras_clave":[],"listado_alfabetico":[],"acf":[],"_links":{"self":[{"href":"https:\/\/wizardly-davinci.82-223-8-23.plesk.page\/en\/wp-json\/wp\/v2\/product\/54675"}],"collection":[{"href":"https:\/\/wizardly-davinci.82-223-8-23.plesk.page\/en\/wp-json\/wp\/v2\/product"}],"about":[{"href":"https:\/\/wizardly-davinci.82-223-8-23.plesk.page\/en\/wp-json\/wp\/v2\/types\/product"}],"replies":[{"embeddable":true,"href":"https:\/\/wizardly-davinci.82-223-8-23.plesk.page\/en\/wp-json\/wp\/v2\/comments?post=54675"}],"wp:featuredmedia":[{"embeddable":true,"href":"https:\/\/wizardly-davinci.82-223-8-23.plesk.page\/en\/wp-json\/wp\/v2\/media\/52104"}],"wp:attachment":[{"href":"https:\/\/wizardly-davinci.82-223-8-23.plesk.page\/en\/wp-json\/wp\/v2\/media?parent=54675"}],"wp:term":[{"taxonomy":"product_cat","embeddable":true,"href":"https:\/\/wizardly-davinci.82-223-8-23.plesk.page\/en\/wp-json\/wp\/v2\/product_cat?post=54675"},{"taxonomy":"product_tag","embeddable":true,"href":"https:\/\/wizardly-davinci.82-223-8-23.plesk.page\/en\/wp-json\/wp\/v2\/product_tag?post=54675"},{"taxonomy":"edicion","embeddable":true,"href":"https:\/\/wizardly-davinci.82-223-8-23.plesk.page\/en\/wp-json\/wp\/v2\/edicion?post=54675"},{"taxonomy":"editoriales","embeddable":true,"href":"https:\/\/wizardly-davinci.82-223-8-23.plesk.page\/en\/wp-json\/wp\/v2\/editoriales?post=54675"},{"taxonomy":"tienda","embeddable":true,"href":"https:\/\/wizardly-davinci.82-223-8-23.plesk.page\/en\/wp-json\/wp\/v2\/tienda?post=54675"},{"taxonomy":"autor_id","embeddable":true,"href":"https:\/\/wizardly-davinci.82-223-8-23.plesk.page\/en\/wp-json\/wp\/v2\/autor_id?post=54675"},{"taxonomy":"universidades_coeditoras","embeddable":true,"href":"https:\/\/wizardly-davinci.82-223-8-23.plesk.page\/en\/wp-json\/wp\/v2\/universidades_coeditoras?post=54675"},{"taxonomy":"palabras_clave","embeddable":true,"href":"https:\/\/wizardly-davinci.82-223-8-23.plesk.page\/en\/wp-json\/wp\/v2\/palabras_clave?post=54675"},{"taxonomy":"listado_alfabetico","embeddable":true,"href":"https:\/\/wizardly-davinci.82-223-8-23.plesk.page\/en\/wp-json\/wp\/v2\/listado_alfabetico?post=54675"}],"curies":[{"name":"wp","href":"https:\/\/api.w.org\/{rel}","templated":true}]}}