{"id":54686,"date":"2019-12-05T11:55:06","date_gmt":"2019-12-05T10:55:06","guid":{"rendered":"https:\/\/octaedro.com\/libro\/crisis-climatica\/"},"modified":"2023-02-22T13:38:28","modified_gmt":"2023-02-22T12:38:28","slug":"crisis-climatica-2","status":"publish","type":"product","link":"https:\/\/wizardly-davinci.82-223-8-23.plesk.page\/en\/producto\/crisis-climatica-2\/","title":{"rendered":"Crisis clim\u00e1tica"},"content":{"rendered":"<p><span style=\"font-weight: 400;\">La crisis clim\u00e1tica se agudiza a un ritmo inexorable y vertiginoso. Hace ya m\u00e1s de dos d\u00e9cadas \u2013especialmente desde la Cumbre de Kioto\u2013 se hizo evidente que lo realmente amenazado no era la econom\u00eda de mercado, devoradora de energ\u00eda, sino la calidad de vida y el equilibrio del planeta, maltrechos ambos de forma acelerada por el calentamiento global, provocado por las emisiones contaminantes de su desorbitado consumo. <\/span><\/p>\n<p><span style=\"font-weight: 400;\">Pod\u00edamos haber resuelto la amenaza clim\u00e1tica de ra\u00edz y de una vez por todas. Bastaba con un cambio radical de modelo energ\u00e9tico. Las renovables est\u00e1n preparadas para tomar el relevo. Sin embargo, a pesar de la continua avalancha de buenas noticias sobre sus avances, todos los par\u00e1metros ambientales nos indican que seguimos dram\u00e1ticamente lejos del objetivo. El gran obst\u00e1culo, un muro hasta ahora insalvable, son los enormes intereses econ\u00f3micos y geopol\u00edticos que giran en la \u00f3rbita del petrod\u00f3lar. <\/span><\/p>\n<p><span style=\"font-weight: 400;\">El autor explora, analiza e interpreta, con clarividencia y rigor, la evoluci\u00f3n y las perspectivas de este desaf\u00edo global entre la ecolog\u00eda y el gran capital. Es el enfrentamiento m\u00e1s desestabilizador y dram\u00e1tico de toda la historia humana para el futuro del planeta. Lo agravante es que el tiempo para poder detenerlo se acaba. De ah\u00ed la urgencia y la trascendencia de la hoja de ruta que el autor propone en el cap\u00edtulo final del libro.<\/span><\/p>\n","protected":false},"excerpt":{"rendered":"<p><span style=\"font-weight: 400;\">La crisis clim\u00e1tica se agudiza a un ritmo inexorable y vertiginoso. Hace ya m\u00e1s de dos d\u00e9cadas \u2013especialmente desde la Cumbre de Kioto\u2013 se hizo evidente que lo realmente amenazado no era la econom\u00eda de mercado, devoradora de energ\u00eda, sino la calidad de vida y el equilibrio del planeta, maltrechos ambos de forma acelerada por el calentamiento global, provocado por las emisiones contaminantes de su desorbitado consumo. <\/span><\/p>\n<p><span style=\"font-weight: 400;\">Pod\u00edamos haber resuelto la amenaza clim\u00e1tica de ra\u00edz y de una vez por todas. Bastaba con un cambio radical de modelo energ\u00e9tico. Las renovables est\u00e1n preparadas para tomar el relevo. Sin embargo, a pesar de la continua avalancha de buenas noticias sobre sus avances, todos los par\u00e1metros ambientales nos indican que seguimos dram\u00e1ticamente lejos del objetivo. El gran obst\u00e1culo, un muro hasta ahora insalvable, son los enormes intereses econ\u00f3micos y geopol\u00edticos que giran en la \u00f3rbita del petrod\u00f3lar. <\/span><\/p>\n<p><span style=\"font-weight: 400;\">El autor explora, analiza e interpreta, con clarividencia y rigor, la evoluci\u00f3n y las perspectivas de este desaf\u00edo global entre la ecolog\u00eda y el gran capital. Es el enfrentamiento m\u00e1s desestabilizador y dram\u00e1tico de toda la historia humana para el futuro del planeta. Lo agravante es que el tiempo para poder detenerlo se acaba. De ah\u00ed la urgencia y la trascendencia de la hoja de ruta que el autor propone en el cap\u00edtulo final del libro.<\/span><\/p>\n","protected":false},"featured_media":52065,"comment_status":"open","ping_status":"closed","template":"","meta":{"_et_pb_use_builder":"","_et_pb_old_content":"","_et_gb_content_width":""},"product_cat":[11858,11859],"product_tag":[11860],"edicion":[11865],"editoriales":[11867],"tienda":[],"autor_id":[19822],"universidades_coeditoras":[],"palabras_clave":[],"listado_alfabetico":[],"acf":[],"_links":{"self":[{"href":"https:\/\/wizardly-davinci.82-223-8-23.plesk.page\/en\/wp-json\/wp\/v2\/product\/54686"}],"collection":[{"href":"https:\/\/wizardly-davinci.82-223-8-23.plesk.page\/en\/wp-json\/wp\/v2\/product"}],"about":[{"href":"https:\/\/wizardly-davinci.82-223-8-23.plesk.page\/en\/wp-json\/wp\/v2\/types\/product"}],"replies":[{"embeddable":true,"href":"https:\/\/wizardly-davinci.82-223-8-23.plesk.page\/en\/wp-json\/wp\/v2\/comments?post=54686"}],"wp:featuredmedia":[{"embeddable":true,"href":"https:\/\/wizardly-davinci.82-223-8-23.plesk.page\/en\/wp-json\/wp\/v2\/media\/52065"}],"wp:attachment":[{"href":"https:\/\/wizardly-davinci.82-223-8-23.plesk.page\/en\/wp-json\/wp\/v2\/media?parent=54686"}],"wp:term":[{"taxonomy":"product_cat","embeddable":true,"href":"https:\/\/wizardly-davinci.82-223-8-23.plesk.page\/en\/wp-json\/wp\/v2\/product_cat?post=54686"},{"taxonomy":"product_tag","embeddable":true,"href":"https:\/\/wizardly-davinci.82-223-8-23.plesk.page\/en\/wp-json\/wp\/v2\/product_tag?post=54686"},{"taxonomy":"edicion","embeddable":true,"href":"https:\/\/wizardly-davinci.82-223-8-23.plesk.page\/en\/wp-json\/wp\/v2\/edicion?post=54686"},{"taxonomy":"editoriales","embeddable":true,"href":"https:\/\/wizardly-davinci.82-223-8-23.plesk.page\/en\/wp-json\/wp\/v2\/editoriales?post=54686"},{"taxonomy":"tienda","embeddable":true,"href":"https:\/\/wizardly-davinci.82-223-8-23.plesk.page\/en\/wp-json\/wp\/v2\/tienda?post=54686"},{"taxonomy":"autor_id","embeddable":true,"href":"https:\/\/wizardly-davinci.82-223-8-23.plesk.page\/en\/wp-json\/wp\/v2\/autor_id?post=54686"},{"taxonomy":"universidades_coeditoras","embeddable":true,"href":"https:\/\/wizardly-davinci.82-223-8-23.plesk.page\/en\/wp-json\/wp\/v2\/universidades_coeditoras?post=54686"},{"taxonomy":"palabras_clave","embeddable":true,"href":"https:\/\/wizardly-davinci.82-223-8-23.plesk.page\/en\/wp-json\/wp\/v2\/palabras_clave?post=54686"},{"taxonomy":"listado_alfabetico","embeddable":true,"href":"https:\/\/wizardly-davinci.82-223-8-23.plesk.page\/en\/wp-json\/wp\/v2\/listado_alfabetico?post=54686"}],"curies":[{"name":"wp","href":"https:\/\/api.w.org\/{rel}","templated":true}]}}