{"id":54693,"date":"2019-10-10T14:11:41","date_gmt":"2019-10-10T12:11:41","guid":{"rendered":"https:\/\/octaedro.com\/libro\/preparats-llestos-a-somiar\/"},"modified":"2023-02-22T13:38:33","modified_gmt":"2023-02-22T12:38:33","slug":"preparats-llestos-a-somiar-2","status":"publish","type":"product","link":"https:\/\/wizardly-davinci.82-223-8-23.plesk.page\/en\/producto\/preparats-llestos-a-somiar-2\/","title":{"rendered":"Preparats, llestos, a somiar!"},"content":{"rendered":"<p>La Noa, una petita exploradora amant dels animals, ha emmalaltit i ha d\u2019anar al quir\u00f2fan perqu\u00e8 la puguin curar, per\u00f2 est\u00e0 molt espantada.<\/p>\n<p>Per posar fi a aquestes pors, compta amb la Lua, la seva metgessa anestesi\u00f2loga. Ser\u00e0 capa\u00e7, la Lua, amb l\u2019ajuda del d\u00e9u dels somnis, Morfeu, de regalar-li a la Noa un viatge de somni al voltant del m\u00f3n i fer que s\u2019esvaeixin aquests temors?<\/p>\n<p>Preparats, llestos, a somiar! \u00e9s un viatge a trav\u00e9s del m\u00f3n dels somnis. Una experi\u00e8ncia fant\u00e0stica i educativa que t\u00e9 l\u2019objectiu de mirar d\u2019eliminar la por i l\u2019ansietat que presenten els nens i nenes quan s\u2019han de sotmetre a una intervenci\u00f3 quir\u00fargica.<\/p>\n","protected":false},"excerpt":{"rendered":"<p>La Noa, una petita exploradora amant dels animals, ha emmalaltit i ha d\u2019anar al quir\u00f2fan perqu\u00e8 la puguin curar, per\u00f2 est\u00e0 molt espantada.<\/p>\n<p>Per posar fi a aquestes pors, compta amb la Lua, la seva metgessa anestesi\u00f2loga. Ser\u00e0 capa\u00e7, la Lua, amb l\u2019ajuda del d\u00e9u dels somnis, Morfeu, de regalar-li a la Noa un viatge de somni al voltant del m\u00f3n i fer que s\u2019esvaeixin aquests temors?<\/p>\n<p>Preparats, llestos, a somiar! \u00e9s un viatge a trav\u00e9s del m\u00f3n dels somnis. Una experi\u00e8ncia fant\u00e0stica i educativa que t\u00e9 l\u2019objectiu de mirar d\u2019eliminar la por i l\u2019ansietat que presenten els nens i nenes quan s\u2019han de sotmetre a una intervenci\u00f3 quir\u00fargica.<\/p>\n","protected":false},"featured_media":52043,"comment_status":"open","ping_status":"closed","template":"","meta":{"_et_pb_use_builder":"","_et_pb_old_content":"","_et_gb_content_width":""},"product_cat":[11878,11858,11859,11904],"product_tag":[11860],"edicion":[],"editoriales":[],"tienda":[],"autor_id":[19828,19827],"universidades_coeditoras":[],"palabras_clave":[],"listado_alfabetico":[],"acf":[],"_links":{"self":[{"href":"https:\/\/wizardly-davinci.82-223-8-23.plesk.page\/en\/wp-json\/wp\/v2\/product\/54693"}],"collection":[{"href":"https:\/\/wizardly-davinci.82-223-8-23.plesk.page\/en\/wp-json\/wp\/v2\/product"}],"about":[{"href":"https:\/\/wizardly-davinci.82-223-8-23.plesk.page\/en\/wp-json\/wp\/v2\/types\/product"}],"replies":[{"embeddable":true,"href":"https:\/\/wizardly-davinci.82-223-8-23.plesk.page\/en\/wp-json\/wp\/v2\/comments?post=54693"}],"wp:featuredmedia":[{"embeddable":true,"href":"https:\/\/wizardly-davinci.82-223-8-23.plesk.page\/en\/wp-json\/wp\/v2\/media\/52043"}],"wp:attachment":[{"href":"https:\/\/wizardly-davinci.82-223-8-23.plesk.page\/en\/wp-json\/wp\/v2\/media?parent=54693"}],"wp:term":[{"taxonomy":"product_cat","embeddable":true,"href":"https:\/\/wizardly-davinci.82-223-8-23.plesk.page\/en\/wp-json\/wp\/v2\/product_cat?post=54693"},{"taxonomy":"product_tag","embeddable":true,"href":"https:\/\/wizardly-davinci.82-223-8-23.plesk.page\/en\/wp-json\/wp\/v2\/product_tag?post=54693"},{"taxonomy":"edicion","embeddable":true,"href":"https:\/\/wizardly-davinci.82-223-8-23.plesk.page\/en\/wp-json\/wp\/v2\/edicion?post=54693"},{"taxonomy":"editoriales","embeddable":true,"href":"https:\/\/wizardly-davinci.82-223-8-23.plesk.page\/en\/wp-json\/wp\/v2\/editoriales?post=54693"},{"taxonomy":"tienda","embeddable":true,"href":"https:\/\/wizardly-davinci.82-223-8-23.plesk.page\/en\/wp-json\/wp\/v2\/tienda?post=54693"},{"taxonomy":"autor_id","embeddable":true,"href":"https:\/\/wizardly-davinci.82-223-8-23.plesk.page\/en\/wp-json\/wp\/v2\/autor_id?post=54693"},{"taxonomy":"universidades_coeditoras","embeddable":true,"href":"https:\/\/wizardly-davinci.82-223-8-23.plesk.page\/en\/wp-json\/wp\/v2\/universidades_coeditoras?post=54693"},{"taxonomy":"palabras_clave","embeddable":true,"href":"https:\/\/wizardly-davinci.82-223-8-23.plesk.page\/en\/wp-json\/wp\/v2\/palabras_clave?post=54693"},{"taxonomy":"listado_alfabetico","embeddable":true,"href":"https:\/\/wizardly-davinci.82-223-8-23.plesk.page\/en\/wp-json\/wp\/v2\/listado_alfabetico?post=54693"}],"curies":[{"name":"wp","href":"https:\/\/api.w.org\/{rel}","templated":true}]}}