{"id":54695,"date":"2019-11-18T10:40:04","date_gmt":"2019-11-18T10:40:04","guid":{"rendered":"https:\/\/octaedro.com\/libro\/el-portafolio-digital-en-la-docencia-universitaria\/"},"modified":"2023-02-22T13:38:33","modified_gmt":"2023-02-22T12:38:33","slug":"el-portafolio-digital-en-la-docencia-universitaria","status":"publish","type":"product","link":"https:\/\/wizardly-davinci.82-223-8-23.plesk.page\/en\/producto\/el-portafolio-digital-en-la-docencia-universitaria\/","title":{"rendered":"El portafolio digital en la docencia universitaria"},"content":{"rendered":"<p><span style=\"font-weight: 400;\">Esta publicaci\u00f3n ofrece la informaci\u00f3n necesaria sobre c\u00f3mo el portafolio digital puede ser una herramienta valiosa en la docencia universitaria para alcanzar el desarrollo de competencias transversales como la capacidad de aprendizaje, el pensamiento reflexivo, el pensamiento cr\u00edtico, la competencia comunicativa y la competencia digital.<\/span><\/p>\n<p><span style=\"font-weight: 400;\">En cada cap\u00edtulo, el profesorado que ha participado en este volumen va desgranando las caracter\u00edsticas del portafolio digital y desde su experiencia propone al lector diversas herramientas, ejemplos y consejos para integrarlo en su docencia de una manera eficaz.<\/span><\/p>\n<p><span style=\"font-weight: 400;\">Este libro est\u00e1 dirigido a docentes en un contexto universitario, tanto presencial como semipresencial o en l\u00ednea, interesados en implementar el portafolio digital en el \u00e1mbito de la educaci\u00f3n superior.<\/span><\/p>\n","protected":false},"excerpt":{"rendered":"<p><span style=\"font-weight: 400;\">Esta publicaci\u00f3n ofrece la informaci\u00f3n necesaria sobre c\u00f3mo el portafolio digital puede ser una herramienta valiosa en la docencia universitaria para alcanzar el desarrollo de competencias transversales como la capacidad de aprendizaje, el pensamiento reflexivo, el pensamiento cr\u00edtico, la competencia comunicativa y la competencia digital.<\/span><\/p>\n<p><span style=\"font-weight: 400;\">En cada cap\u00edtulo, el profesorado que ha participado en este volumen va desgranando las caracter\u00edsticas del portafolio digital y desde su experiencia propone al lector diversas herramientas, ejemplos y consejos para integrarlo en su docencia de una manera eficaz.<\/span><\/p>\n<p><span style=\"font-weight: 400;\">Este libro est\u00e1 dirigido a docentes en un contexto universitario, tanto presencial como semipresencial o en l\u00ednea, interesados en implementar el portafolio digital en el \u00e1mbito de la educaci\u00f3n superior.<\/span><\/p>\n","protected":false},"featured_media":52033,"comment_status":"open","ping_status":"closed","template":"","meta":{"_et_pb_use_builder":"","_et_pb_old_content":"","_et_gb_content_width":""},"product_cat":[11913,11900,11907,11908],"product_tag":[11887],"edicion":[11865],"editoriales":[11867],"tienda":[],"autor_id":[19830],"universidades_coeditoras":[],"palabras_clave":[],"listado_alfabetico":[],"acf":[],"_links":{"self":[{"href":"https:\/\/wizardly-davinci.82-223-8-23.plesk.page\/en\/wp-json\/wp\/v2\/product\/54695"}],"collection":[{"href":"https:\/\/wizardly-davinci.82-223-8-23.plesk.page\/en\/wp-json\/wp\/v2\/product"}],"about":[{"href":"https:\/\/wizardly-davinci.82-223-8-23.plesk.page\/en\/wp-json\/wp\/v2\/types\/product"}],"replies":[{"embeddable":true,"href":"https:\/\/wizardly-davinci.82-223-8-23.plesk.page\/en\/wp-json\/wp\/v2\/comments?post=54695"}],"wp:featuredmedia":[{"embeddable":true,"href":"https:\/\/wizardly-davinci.82-223-8-23.plesk.page\/en\/wp-json\/wp\/v2\/media\/52033"}],"wp:attachment":[{"href":"https:\/\/wizardly-davinci.82-223-8-23.plesk.page\/en\/wp-json\/wp\/v2\/media?parent=54695"}],"wp:term":[{"taxonomy":"product_cat","embeddable":true,"href":"https:\/\/wizardly-davinci.82-223-8-23.plesk.page\/en\/wp-json\/wp\/v2\/product_cat?post=54695"},{"taxonomy":"product_tag","embeddable":true,"href":"https:\/\/wizardly-davinci.82-223-8-23.plesk.page\/en\/wp-json\/wp\/v2\/product_tag?post=54695"},{"taxonomy":"edicion","embeddable":true,"href":"https:\/\/wizardly-davinci.82-223-8-23.plesk.page\/en\/wp-json\/wp\/v2\/edicion?post=54695"},{"taxonomy":"editoriales","embeddable":true,"href":"https:\/\/wizardly-davinci.82-223-8-23.plesk.page\/en\/wp-json\/wp\/v2\/editoriales?post=54695"},{"taxonomy":"tienda","embeddable":true,"href":"https:\/\/wizardly-davinci.82-223-8-23.plesk.page\/en\/wp-json\/wp\/v2\/tienda?post=54695"},{"taxonomy":"autor_id","embeddable":true,"href":"https:\/\/wizardly-davinci.82-223-8-23.plesk.page\/en\/wp-json\/wp\/v2\/autor_id?post=54695"},{"taxonomy":"universidades_coeditoras","embeddable":true,"href":"https:\/\/wizardly-davinci.82-223-8-23.plesk.page\/en\/wp-json\/wp\/v2\/universidades_coeditoras?post=54695"},{"taxonomy":"palabras_clave","embeddable":true,"href":"https:\/\/wizardly-davinci.82-223-8-23.plesk.page\/en\/wp-json\/wp\/v2\/palabras_clave?post=54695"},{"taxonomy":"listado_alfabetico","embeddable":true,"href":"https:\/\/wizardly-davinci.82-223-8-23.plesk.page\/en\/wp-json\/wp\/v2\/listado_alfabetico?post=54695"}],"curies":[{"name":"wp","href":"https:\/\/api.w.org\/{rel}","templated":true}]}}