{"id":54696,"date":"2019-11-18T10:12:26","date_gmt":"2019-11-18T09:12:26","guid":{"rendered":"https:\/\/octaedro.com\/libro\/lectura-y-educacion-literaria\/"},"modified":"2023-02-22T13:38:33","modified_gmt":"2023-02-22T12:38:33","slug":"lectura-y-educacion-literaria-2","status":"publish","type":"product","link":"https:\/\/wizardly-davinci.82-223-8-23.plesk.page\/en\/producto\/lectura-y-educacion-literaria-2\/","title":{"rendered":"Lectura y educaci\u00f3n literaria"},"content":{"rendered":"<p><span style=\"font-weight: 400;\">El presente volumen recoge una s\u00edntesis de trabajos desarrollados en torno al complejo y apasionante panorama de las pr\u00e1cticas letradas. Todos ellos tienen en com\u00fan la doble pretensi\u00f3n de establecer unas bases cient\u00edficas s\u00f3lidas que act\u00faen como marco de referencia para orientar una formaci\u00f3n del profesorado de todas las etapas y de ofrecer propuestas de intervenci\u00f3n en el aula que de verdad contribuyan a la educaci\u00f3n lectora y literaria de los ni\u00f1os y los j\u00f3venes. Esta labor es especialmente crucial en la era digital, ya que se est\u00e1n experimentando transformaciones notables en el \u00e1mbito de la lectura que traen a primer plano la necesidad de investigar para dar respuesta a los retos \u2013y peligros\u2013 planteados por esta din\u00e1mica de innovaci\u00f3n. Los lectores actuales interact\u00faan cada vez m\u00e1s con textos multimodales y de naturaleza hipertextual. Del predominio del lenguaje verbal se ha pasado a complejos productos multimedia, que integran sin una jerarqu\u00eda preestablecida los modos visual, auditivo, gestual, etc.<\/span><\/p>\n<p><span style=\"font-weight: 400;\">Asimismo, a diferencia de los modelos culturales de la alfabetizaci\u00f3n \u00abtradicional\u00bb, que refuerzan la individualidad y la autor\u00eda, en la actualidad se crean espacios sociales en los que se priorizan la participaci\u00f3n, la colaboraci\u00f3n, la distribuci\u00f3n y la dispersi\u00f3n de las habilidades, as\u00ed como las relaciones entre sujetos. Desde esta perspectiva, la formaci\u00f3n lectora ha de tener en cuenta el enorme volumen de informaci\u00f3n al que se enfrentan las personas, la multiplicidad de fuentes en su localizaci\u00f3n, la diversidad de situaciones y contextos de lectura, as\u00ed como el cambio en las habilidades cognitivas asociadas a la b\u00fasqueda de la informaci\u00f3n y a la discriminaci\u00f3n, an\u00e1lisis y evaluaci\u00f3n de su calidad y veracidad, entre otros aspectos.<\/span><\/p>\n","protected":false},"excerpt":{"rendered":"<p><span style=\"font-weight: 400;\">El presente volumen recoge una s\u00edntesis de trabajos desarrollados en torno al complejo y apasionante panorama de las pr\u00e1cticas letradas. Todos ellos tienen en com\u00fan la doble pretensi\u00f3n de establecer unas bases cient\u00edficas s\u00f3lidas que act\u00faen como marco de referencia para orientar una formaci\u00f3n del profesorado de todas las etapas y de ofrecer propuestas de intervenci\u00f3n en el aula que de verdad contribuyan a la educaci\u00f3n lectora y literaria de los ni\u00f1os y los j\u00f3venes. Esta labor es especialmente crucial en la era digital, ya que se est\u00e1n experimentando transformaciones notables en el \u00e1mbito de la lectura que traen a primer plano la necesidad de investigar para dar respuesta a los retos \u2013y peligros\u2013 planteados por esta din\u00e1mica de innovaci\u00f3n. Los lectores actuales interact\u00faan cada vez m\u00e1s con textos multimodales y de naturaleza hipertextual. Del predominio del lenguaje verbal se ha pasado a complejos productos multimedia, que integran sin una jerarqu\u00eda preestablecida los modos visual, auditivo, gestual, etc.<\/span><\/p>\n<p><span style=\"font-weight: 400;\">Asimismo, a diferencia de los modelos culturales de la alfabetizaci\u00f3n \u00abtradicional\u00bb, que refuerzan la individualidad y la autor\u00eda, en la actualidad se crean espacios sociales en los que se priorizan la participaci\u00f3n, la colaboraci\u00f3n, la distribuci\u00f3n y la dispersi\u00f3n de las habilidades, as\u00ed como las relaciones entre sujetos. Desde esta perspectiva, la formaci\u00f3n lectora ha de tener en cuenta el enorme volumen de informaci\u00f3n al que se enfrentan las personas, la multiplicidad de fuentes en su localizaci\u00f3n, la diversidad de situaciones y contextos de lectura, as\u00ed como el cambio en las habilidades cognitivas asociadas a la b\u00fasqueda de la informaci\u00f3n y a la discriminaci\u00f3n, an\u00e1lisis y evaluaci\u00f3n de su calidad y veracidad, entre otros aspectos.<\/span><\/p>\n","protected":false},"featured_media":52029,"comment_status":"open","ping_status":"closed","template":"","meta":{"_et_pb_use_builder":"","_et_pb_old_content":"","_et_gb_content_width":""},"product_cat":[11858,11859,11907],"product_tag":[11860],"edicion":[11865],"editoriales":[11867],"tienda":[],"autor_id":[13801,19834,19833,19835],"universidades_coeditoras":[12404,14901],"palabras_clave":[],"listado_alfabetico":[],"acf":[],"_links":{"self":[{"href":"https:\/\/wizardly-davinci.82-223-8-23.plesk.page\/en\/wp-json\/wp\/v2\/product\/54696"}],"collection":[{"href":"https:\/\/wizardly-davinci.82-223-8-23.plesk.page\/en\/wp-json\/wp\/v2\/product"}],"about":[{"href":"https:\/\/wizardly-davinci.82-223-8-23.plesk.page\/en\/wp-json\/wp\/v2\/types\/product"}],"replies":[{"embeddable":true,"href":"https:\/\/wizardly-davinci.82-223-8-23.plesk.page\/en\/wp-json\/wp\/v2\/comments?post=54696"}],"wp:featuredmedia":[{"embeddable":true,"href":"https:\/\/wizardly-davinci.82-223-8-23.plesk.page\/en\/wp-json\/wp\/v2\/media\/52029"}],"wp:attachment":[{"href":"https:\/\/wizardly-davinci.82-223-8-23.plesk.page\/en\/wp-json\/wp\/v2\/media?parent=54696"}],"wp:term":[{"taxonomy":"product_cat","embeddable":true,"href":"https:\/\/wizardly-davinci.82-223-8-23.plesk.page\/en\/wp-json\/wp\/v2\/product_cat?post=54696"},{"taxonomy":"product_tag","embeddable":true,"href":"https:\/\/wizardly-davinci.82-223-8-23.plesk.page\/en\/wp-json\/wp\/v2\/product_tag?post=54696"},{"taxonomy":"edicion","embeddable":true,"href":"https:\/\/wizardly-davinci.82-223-8-23.plesk.page\/en\/wp-json\/wp\/v2\/edicion?post=54696"},{"taxonomy":"editoriales","embeddable":true,"href":"https:\/\/wizardly-davinci.82-223-8-23.plesk.page\/en\/wp-json\/wp\/v2\/editoriales?post=54696"},{"taxonomy":"tienda","embeddable":true,"href":"https:\/\/wizardly-davinci.82-223-8-23.plesk.page\/en\/wp-json\/wp\/v2\/tienda?post=54696"},{"taxonomy":"autor_id","embeddable":true,"href":"https:\/\/wizardly-davinci.82-223-8-23.plesk.page\/en\/wp-json\/wp\/v2\/autor_id?post=54696"},{"taxonomy":"universidades_coeditoras","embeddable":true,"href":"https:\/\/wizardly-davinci.82-223-8-23.plesk.page\/en\/wp-json\/wp\/v2\/universidades_coeditoras?post=54696"},{"taxonomy":"palabras_clave","embeddable":true,"href":"https:\/\/wizardly-davinci.82-223-8-23.plesk.page\/en\/wp-json\/wp\/v2\/palabras_clave?post=54696"},{"taxonomy":"listado_alfabetico","embeddable":true,"href":"https:\/\/wizardly-davinci.82-223-8-23.plesk.page\/en\/wp-json\/wp\/v2\/listado_alfabetico?post=54696"}],"curies":[{"name":"wp","href":"https:\/\/api.w.org\/{rel}","templated":true}]}}