{"id":54708,"date":"2019-11-06T09:11:37","date_gmt":"2019-11-06T08:11:37","guid":{"rendered":"https:\/\/octaedro.com\/libro\/aprendizaje-basado-en-proyectos-trabajos-practicos-y-controversias\/"},"modified":"2023-02-22T13:38:34","modified_gmt":"2023-02-22T12:38:34","slug":"aprendizaje-basado-en-proyectos-trabajos-practicos-y-controversias-2","status":"publish","type":"product","link":"https:\/\/wizardly-davinci.82-223-8-23.plesk.page\/en\/producto\/aprendizaje-basado-en-proyectos-trabajos-practicos-y-controversias-2\/","title":{"rendered":"Aprendizaje basado en proyectos, trabajos pr\u00e1cticos y controversias"},"content":{"rendered":"<p><span style=\"font-weight: 400;\">Este libro es una invitaci\u00f3n a habitar el espacio inc\u00f3modo entre el discurso y la pr\u00e1ctica. Un diario de viaje que narra la b\u00fasqueda de mejores maneras de ense\u00f1ar ciencias. <\/span><\/p>\n<p><span style=\"font-weight: 400;\">A lo largo de 28 propuestas aplicadas en el aula y su revisi\u00f3n, se recorren enfoques metodol\u00f3gicos sobre indagaci\u00f3n, habilidades de razonamiento cient\u00edfico, aprendizaje basado en proyectos y problemas, controversias sociocient\u00edficas y pseudociencias. Se describen los marcos te\u00f3ricos, sus posibilidades y orientaciones y apoyos para el dise\u00f1o y aplicaci\u00f3n de actividades.<\/span><\/p>\n<p><span style=\"font-weight: 400;\">Unos extra\u00f1os anim\u00e1lculos, un enigma intrigante, un globo aerost\u00e1tico y un yacimiento arqueol\u00f3gico son algunos de los escenarios de este viaje al espacio incierto e ind\u00f3mito de las aulas reales. Una narraci\u00f3n en la que las dudas, las contradicciones y las experiencias se usan para intentar analizar desde la pr\u00e1ctica qu\u00e9 aportan las distintas metodolog\u00edas al desarrollo de la Competencia cient\u00edfica. <\/span><\/p>\n<p><span style=\"font-weight: 400;\">Porque el cambio educativo no se encuentra en las teor\u00edas de la did\u00e1ctica de las ciencias, ni en la pr\u00e1ctica en las aulas y laboratorios escolares, sino en la borrosa colisi\u00f3n entre estas dos fuerzas formidables. <\/span><\/p>\n<p><span style=\"font-weight: 400;\">La ciencia es (o deber\u00eda ser) una aventura cognitiva.<\/span><\/p>\n","protected":false},"excerpt":{"rendered":"<p><span style=\"font-weight: 400;\">Este libro es una invitaci\u00f3n a habitar el espacio inc\u00f3modo entre el discurso y la pr\u00e1ctica. Un diario de viaje que narra la b\u00fasqueda de mejores maneras de ense\u00f1ar ciencias. <\/span><\/p>\n<p><span style=\"font-weight: 400;\">A lo largo de 28 propuestas aplicadas en el aula y su revisi\u00f3n, se recorren enfoques metodol\u00f3gicos sobre indagaci\u00f3n, habilidades de razonamiento cient\u00edfico, aprendizaje basado en proyectos y problemas, controversias sociocient\u00edficas y pseudociencias. Se describen los marcos te\u00f3ricos, sus posibilidades y orientaciones y apoyos para el dise\u00f1o y aplicaci\u00f3n de actividades.<\/span><\/p>\n<p><span style=\"font-weight: 400;\">Unos extra\u00f1os anim\u00e1lculos, un enigma intrigante, un globo aerost\u00e1tico y un yacimiento arqueol\u00f3gico son algunos de los escenarios de este viaje al espacio incierto e ind\u00f3mito de las aulas reales. Una narraci\u00f3n en la que las dudas, las contradicciones y las experiencias se usan para intentar analizar desde la pr\u00e1ctica qu\u00e9 aportan las distintas metodolog\u00edas al desarrollo de la Competencia cient\u00edfica. <\/span><\/p>\n<p><span style=\"font-weight: 400;\">Porque el cambio educativo no se encuentra en las teor\u00edas de la did\u00e1ctica de las ciencias, ni en la pr\u00e1ctica en las aulas y laboratorios escolares, sino en la borrosa colisi\u00f3n entre estas dos fuerzas formidables. <\/span><\/p>\n<p><span style=\"font-weight: 400;\">La ciencia es (o deber\u00eda ser) una aventura cognitiva.<\/span><\/p>\n","protected":false},"featured_media":52015,"comment_status":"open","ping_status":"closed","template":"","meta":{"_et_pb_use_builder":"","_et_pb_old_content":"","_et_gb_content_width":""},"product_cat":[11858,11859,11925],"product_tag":[11860],"edicion":[11865],"editoriales":[11867,12203],"tienda":[],"autor_id":[19845],"universidades_coeditoras":[],"palabras_clave":[],"listado_alfabetico":[],"acf":[],"_links":{"self":[{"href":"https:\/\/wizardly-davinci.82-223-8-23.plesk.page\/en\/wp-json\/wp\/v2\/product\/54708"}],"collection":[{"href":"https:\/\/wizardly-davinci.82-223-8-23.plesk.page\/en\/wp-json\/wp\/v2\/product"}],"about":[{"href":"https:\/\/wizardly-davinci.82-223-8-23.plesk.page\/en\/wp-json\/wp\/v2\/types\/product"}],"replies":[{"embeddable":true,"href":"https:\/\/wizardly-davinci.82-223-8-23.plesk.page\/en\/wp-json\/wp\/v2\/comments?post=54708"}],"wp:featuredmedia":[{"embeddable":true,"href":"https:\/\/wizardly-davinci.82-223-8-23.plesk.page\/en\/wp-json\/wp\/v2\/media\/52015"}],"wp:attachment":[{"href":"https:\/\/wizardly-davinci.82-223-8-23.plesk.page\/en\/wp-json\/wp\/v2\/media?parent=54708"}],"wp:term":[{"taxonomy":"product_cat","embeddable":true,"href":"https:\/\/wizardly-davinci.82-223-8-23.plesk.page\/en\/wp-json\/wp\/v2\/product_cat?post=54708"},{"taxonomy":"product_tag","embeddable":true,"href":"https:\/\/wizardly-davinci.82-223-8-23.plesk.page\/en\/wp-json\/wp\/v2\/product_tag?post=54708"},{"taxonomy":"edicion","embeddable":true,"href":"https:\/\/wizardly-davinci.82-223-8-23.plesk.page\/en\/wp-json\/wp\/v2\/edicion?post=54708"},{"taxonomy":"editoriales","embeddable":true,"href":"https:\/\/wizardly-davinci.82-223-8-23.plesk.page\/en\/wp-json\/wp\/v2\/editoriales?post=54708"},{"taxonomy":"tienda","embeddable":true,"href":"https:\/\/wizardly-davinci.82-223-8-23.plesk.page\/en\/wp-json\/wp\/v2\/tienda?post=54708"},{"taxonomy":"autor_id","embeddable":true,"href":"https:\/\/wizardly-davinci.82-223-8-23.plesk.page\/en\/wp-json\/wp\/v2\/autor_id?post=54708"},{"taxonomy":"universidades_coeditoras","embeddable":true,"href":"https:\/\/wizardly-davinci.82-223-8-23.plesk.page\/en\/wp-json\/wp\/v2\/universidades_coeditoras?post=54708"},{"taxonomy":"palabras_clave","embeddable":true,"href":"https:\/\/wizardly-davinci.82-223-8-23.plesk.page\/en\/wp-json\/wp\/v2\/palabras_clave?post=54708"},{"taxonomy":"listado_alfabetico","embeddable":true,"href":"https:\/\/wizardly-davinci.82-223-8-23.plesk.page\/en\/wp-json\/wp\/v2\/listado_alfabetico?post=54708"}],"curies":[{"name":"wp","href":"https:\/\/api.w.org\/{rel}","templated":true}]}}