{"id":54710,"date":"2019-10-30T09:14:29","date_gmt":"2019-10-30T08:14:29","guid":{"rendered":"https:\/\/octaedro.com\/libro\/justicia-a-traves-de-las-lenguas-en-una-sociedad-globalizada\/"},"modified":"2023-02-22T13:38:34","modified_gmt":"2023-02-22T12:38:34","slug":"justicia-a-traves-de-las-lenguas-en-una-sociedad-globalizada-2","status":"publish","type":"product","link":"https:\/\/wizardly-davinci.82-223-8-23.plesk.page\/en\/producto\/justicia-a-traves-de-las-lenguas-en-una-sociedad-globalizada-2\/","title":{"rendered":"Justicia a trave\u0301s de las lenguas en una sociedad globalizada"},"content":{"rendered":"<p><span style=\"font-weight: 400;\">Uno de los derechos fundamentales de toda persona es el derecho a un juicio justo. En los casos en los que alguien no domine el idioma del tribunal, a fin de que no se le discrimine por raz\u00f3n de lengua, ha de ser asistido por un int\u00e9rprete debidamente acreditado y formado. A ra\u00edz de la globalizaci\u00f3n, la sociedad es cada vez m\u00e1s multicultural y multiling\u00fce y, como consecuencia, la interpretaci\u00f3n en los tribunales de justicia (ITJ) necesita profesionales titulados y acreditados, es decir, que cuenten con las competencias comunicativas espec\u00edficas que requiere su intervenci\u00f3n en los juicios penales. <\/span><\/p>\n<p><span style=\"font-weight: 400;\">La situaci\u00f3n actual, a pesar de la puesta en marcha de muchas iniciativas muy acertadas, tiene que seguir avanzando hacia la profesionalizaci\u00f3n de la ITJ. El car\u00e1cter de esta obra, adem\u00e1s de anal\u00edtico, es reivindicativo, puesto que, como indica su t\u00edtulo, pretende dar un peque\u00f1o paso para alcanzar la justicia a trav\u00e9s de las lenguas en una sociedad globalizada.<\/span><\/p>\n<p><span style=\"font-weight: 400;\">La justicia y las lenguas se encuentran de nuevo para resolver los retos de formaci\u00f3n de la did\u00e1ctica de la ITJ en un mundo globalizado. Se parte de un an\u00e1lisis de la normativa que rige las actuaciones de los int\u00e9rpretes en este \u00e1mbito, pero centrado en los requisitos de formaci\u00f3n y acreditaci\u00f3n que se les exigen. Asimismo, se analizan las v\u00edas de acceso y el desempe\u00f1o de la profesi\u00f3n y su relaci\u00f3n con la prensa, y se proponen estrategias y mejoras para su formaci\u00f3n. Se termina con un llamamiento a la mejora de la formaci\u00f3n en ITJ para que se avance hacia su profesionalizaci\u00f3n.<\/span><\/p>\n","protected":false},"excerpt":{"rendered":"<p><span style=\"font-weight: 400;\">Uno de los derechos fundamentales de toda persona es el derecho a un juicio justo. En los casos en los que alguien no domine el idioma del tribunal, a fin de que no se le discrimine por raz\u00f3n de lengua, ha de ser asistido por un int\u00e9rprete debidamente acreditado y formado. A ra\u00edz de la globalizaci\u00f3n, la sociedad es cada vez m\u00e1s multicultural y multiling\u00fce y, como consecuencia, la interpretaci\u00f3n en los tribunales de justicia (ITJ) necesita profesionales titulados y acreditados, es decir, que cuenten con las competencias comunicativas espec\u00edficas que requiere su intervenci\u00f3n en los juicios penales. <\/span><\/p>\n<p><span style=\"font-weight: 400;\">La situaci\u00f3n actual, a pesar de la puesta en marcha de muchas iniciativas muy acertadas, tiene que seguir avanzando hacia la profesionalizaci\u00f3n de la ITJ. El car\u00e1cter de esta obra, adem\u00e1s de anal\u00edtico, es reivindicativo, puesto que, como indica su t\u00edtulo, pretende dar un peque\u00f1o paso para alcanzar la justicia a trav\u00e9s de las lenguas en una sociedad globalizada.<\/span><\/p>\n<p><span style=\"font-weight: 400;\">La justicia y las lenguas se encuentran de nuevo para resolver los retos de formaci\u00f3n de la did\u00e1ctica de la ITJ en un mundo globalizado. Se parte de un an\u00e1lisis de la normativa que rige las actuaciones de los int\u00e9rpretes en este \u00e1mbito, pero centrado en los requisitos de formaci\u00f3n y acreditaci\u00f3n que se les exigen. Asimismo, se analizan las v\u00edas de acceso y el desempe\u00f1o de la profesi\u00f3n y su relaci\u00f3n con la prensa, y se proponen estrategias y mejoras para su formaci\u00f3n. Se termina con un llamamiento a la mejora de la formaci\u00f3n en ITJ para que se avance hacia su profesionalizaci\u00f3n.<\/span><\/p>\n","protected":false},"featured_media":52008,"comment_status":"open","ping_status":"closed","template":"","meta":{"_et_pb_use_builder":"","_et_pb_old_content":"","_et_gb_content_width":""},"product_cat":[11899,11858,11859,11912,11907],"product_tag":[11892],"edicion":[12199,11865],"editoriales":[11867],"tienda":[],"autor_id":[19849],"universidades_coeditoras":[12270],"palabras_clave":[],"listado_alfabetico":[],"acf":[],"_links":{"self":[{"href":"https:\/\/wizardly-davinci.82-223-8-23.plesk.page\/en\/wp-json\/wp\/v2\/product\/54710"}],"collection":[{"href":"https:\/\/wizardly-davinci.82-223-8-23.plesk.page\/en\/wp-json\/wp\/v2\/product"}],"about":[{"href":"https:\/\/wizardly-davinci.82-223-8-23.plesk.page\/en\/wp-json\/wp\/v2\/types\/product"}],"replies":[{"embeddable":true,"href":"https:\/\/wizardly-davinci.82-223-8-23.plesk.page\/en\/wp-json\/wp\/v2\/comments?post=54710"}],"wp:featuredmedia":[{"embeddable":true,"href":"https:\/\/wizardly-davinci.82-223-8-23.plesk.page\/en\/wp-json\/wp\/v2\/media\/52008"}],"wp:attachment":[{"href":"https:\/\/wizardly-davinci.82-223-8-23.plesk.page\/en\/wp-json\/wp\/v2\/media?parent=54710"}],"wp:term":[{"taxonomy":"product_cat","embeddable":true,"href":"https:\/\/wizardly-davinci.82-223-8-23.plesk.page\/en\/wp-json\/wp\/v2\/product_cat?post=54710"},{"taxonomy":"product_tag","embeddable":true,"href":"https:\/\/wizardly-davinci.82-223-8-23.plesk.page\/en\/wp-json\/wp\/v2\/product_tag?post=54710"},{"taxonomy":"edicion","embeddable":true,"href":"https:\/\/wizardly-davinci.82-223-8-23.plesk.page\/en\/wp-json\/wp\/v2\/edicion?post=54710"},{"taxonomy":"editoriales","embeddable":true,"href":"https:\/\/wizardly-davinci.82-223-8-23.plesk.page\/en\/wp-json\/wp\/v2\/editoriales?post=54710"},{"taxonomy":"tienda","embeddable":true,"href":"https:\/\/wizardly-davinci.82-223-8-23.plesk.page\/en\/wp-json\/wp\/v2\/tienda?post=54710"},{"taxonomy":"autor_id","embeddable":true,"href":"https:\/\/wizardly-davinci.82-223-8-23.plesk.page\/en\/wp-json\/wp\/v2\/autor_id?post=54710"},{"taxonomy":"universidades_coeditoras","embeddable":true,"href":"https:\/\/wizardly-davinci.82-223-8-23.plesk.page\/en\/wp-json\/wp\/v2\/universidades_coeditoras?post=54710"},{"taxonomy":"palabras_clave","embeddable":true,"href":"https:\/\/wizardly-davinci.82-223-8-23.plesk.page\/en\/wp-json\/wp\/v2\/palabras_clave?post=54710"},{"taxonomy":"listado_alfabetico","embeddable":true,"href":"https:\/\/wizardly-davinci.82-223-8-23.plesk.page\/en\/wp-json\/wp\/v2\/listado_alfabetico?post=54710"}],"curies":[{"name":"wp","href":"https:\/\/api.w.org\/{rel}","templated":true}]}}