{"id":54712,"date":"2019-09-03T09:27:26","date_gmt":"2019-09-03T09:27:26","guid":{"rendered":"https:\/\/octaedro.com\/libro\/la-competencia-digital-en-la-docencia-universitaria\/"},"modified":"2023-02-22T13:38:34","modified_gmt":"2023-02-22T12:38:34","slug":"la-competencia-digital-en-la-docencia-universitaria-2","status":"publish","type":"product","link":"https:\/\/wizardly-davinci.82-223-8-23.plesk.page\/en\/producto\/la-competencia-digital-en-la-docencia-universitaria-2\/","title":{"rendered":"La competencia digital en la docencia universitaria"},"content":{"rendered":"<p><span style=\"font-weight: 400;\">La promoci\u00f3n y el desarrollo de la formaci\u00f3n del profesorado universitario requieren de ambientes pedag\u00f3gicos competenciales fusionados con las nuevas posibilidades educativas que ofrecen las tecnolog\u00edas emergentes digitales. En este sentido, esta obra cient\u00edfica elaborada por diferentes universidades explicita, en una primera instancia, la conceptualizaci\u00f3n y categorizaci\u00f3n de las competencias para vislumbrar el modelo curricular europeo sustentado en ellas. A su vez, se describen las caracter\u00edsticas m\u00e1s relevantes de la actual sociedad tecnol\u00f3gica. Por \u00faltimo, se reflexiona sobre la formaci\u00f3n del profesorado de Educaci\u00f3n Superior en lo concerniente al \u00e1mbito competencial digital. <\/span><\/p>\n<p><span style=\"font-weight: 400;\">La intenci\u00f3n de esta publicaci\u00f3n es orientar a los docentes universitarios para que sean dinamizadores de las futuras generaciones de una era marcadamente tecnol\u00f3gica.<\/span><\/p>\n","protected":false},"excerpt":{"rendered":"<p>La promoci\u00f3n y desarrollo de la formaci\u00f3n del profesorado universitario requiere de ambientes pedag\u00f3gicos competenciales fusionados con las nuevas posibilidades educativas que ofrecen las tecnolog\u00edas emergentes digitales. En este sentido, la obra cient\u00edfica elaborada por diferentes universidades explicita, en una primera instancia, la conceptualizaci\u00f3n y categorizaci\u00f3n de las competencias para vislumbrar el modelo curricular europeo sustentado en ellas. A su vez, se describen las caracter\u00edsticas m\u00e1s relevantes de la actual sociedad tecnol\u00f3gica. Por \u00faltimo, se reflexiona sobre la formaci\u00f3n del profesorado de Educaci\u00f3n Superior en lo concerniente al \u00e1mbito competencial digital. La intenci\u00f3n de la elaboraci\u00f3n de esta publicaci\u00f3n es orientar a los docentes universitarios para que sean dinamizadores de las futuras generaciones de una era tecnol\u00f3gica.<\/p>\n","protected":false},"featured_media":52001,"comment_status":"open","ping_status":"closed","template":"","meta":{"_et_pb_use_builder":"","_et_pb_old_content":"","_et_gb_content_width":""},"product_cat":[11913,11900,11907],"product_tag":[11887],"edicion":[12178],"editoriales":[11867],"tienda":[],"autor_id":[19852,19448,19853,19780],"universidades_coeditoras":[19854,14901,12338,12270],"palabras_clave":[],"listado_alfabetico":[],"acf":[],"_links":{"self":[{"href":"https:\/\/wizardly-davinci.82-223-8-23.plesk.page\/en\/wp-json\/wp\/v2\/product\/54712"}],"collection":[{"href":"https:\/\/wizardly-davinci.82-223-8-23.plesk.page\/en\/wp-json\/wp\/v2\/product"}],"about":[{"href":"https:\/\/wizardly-davinci.82-223-8-23.plesk.page\/en\/wp-json\/wp\/v2\/types\/product"}],"replies":[{"embeddable":true,"href":"https:\/\/wizardly-davinci.82-223-8-23.plesk.page\/en\/wp-json\/wp\/v2\/comments?post=54712"}],"wp:featuredmedia":[{"embeddable":true,"href":"https:\/\/wizardly-davinci.82-223-8-23.plesk.page\/en\/wp-json\/wp\/v2\/media\/52001"}],"wp:attachment":[{"href":"https:\/\/wizardly-davinci.82-223-8-23.plesk.page\/en\/wp-json\/wp\/v2\/media?parent=54712"}],"wp:term":[{"taxonomy":"product_cat","embeddable":true,"href":"https:\/\/wizardly-davinci.82-223-8-23.plesk.page\/en\/wp-json\/wp\/v2\/product_cat?post=54712"},{"taxonomy":"product_tag","embeddable":true,"href":"https:\/\/wizardly-davinci.82-223-8-23.plesk.page\/en\/wp-json\/wp\/v2\/product_tag?post=54712"},{"taxonomy":"edicion","embeddable":true,"href":"https:\/\/wizardly-davinci.82-223-8-23.plesk.page\/en\/wp-json\/wp\/v2\/edicion?post=54712"},{"taxonomy":"editoriales","embeddable":true,"href":"https:\/\/wizardly-davinci.82-223-8-23.plesk.page\/en\/wp-json\/wp\/v2\/editoriales?post=54712"},{"taxonomy":"tienda","embeddable":true,"href":"https:\/\/wizardly-davinci.82-223-8-23.plesk.page\/en\/wp-json\/wp\/v2\/tienda?post=54712"},{"taxonomy":"autor_id","embeddable":true,"href":"https:\/\/wizardly-davinci.82-223-8-23.plesk.page\/en\/wp-json\/wp\/v2\/autor_id?post=54712"},{"taxonomy":"universidades_coeditoras","embeddable":true,"href":"https:\/\/wizardly-davinci.82-223-8-23.plesk.page\/en\/wp-json\/wp\/v2\/universidades_coeditoras?post=54712"},{"taxonomy":"palabras_clave","embeddable":true,"href":"https:\/\/wizardly-davinci.82-223-8-23.plesk.page\/en\/wp-json\/wp\/v2\/palabras_clave?post=54712"},{"taxonomy":"listado_alfabetico","embeddable":true,"href":"https:\/\/wizardly-davinci.82-223-8-23.plesk.page\/en\/wp-json\/wp\/v2\/listado_alfabetico?post=54712"}],"curies":[{"name":"wp","href":"https:\/\/api.w.org\/{rel}","templated":true}]}}