{"id":54714,"date":"2019-10-16T10:51:11","date_gmt":"2019-10-16T08:51:11","guid":{"rendered":"https:\/\/octaedro.com\/libro\/educacion-en-el-tiempo-libre-la-inclusion-en-el-centro\/"},"modified":"2023-02-22T13:38:34","modified_gmt":"2023-02-22T12:38:34","slug":"educacion-en-el-tiempo-libre-la-inclusion-en-el-centro-2","status":"publish","type":"product","link":"https:\/\/wizardly-davinci.82-223-8-23.plesk.page\/en\/producto\/educacion-en-el-tiempo-libre-la-inclusion-en-el-centro-2\/","title":{"rendered":"Educaci\u00f3n en el tiempo libre: la inclusi\u00f3n en el centro"},"content":{"rendered":"<p><span style=\"font-weight: 400;\">En las \u00faltimas d\u00e9cadas, en el Estado espa\u00f1ol se ha ido desarrollando un fuerte sistema en el \u00e1mbito del tiempo libre educativo. En ocasiones impulsado por agentes sociales, en otras por las instituciones p\u00fablicas, hoy un n\u00famero muy elevado de ni\u00f1os, ni\u00f1as, adolescentes, j\u00f3venes y poblaci\u00f3n adulta participan en estos proyectos y servicios, acompa\u00f1ados por un colectivo numeroso de agentes educativos profesionales y de perfil voluntario. Esta publicaci\u00f3n, construida a partir de las conferencias, comunicaciones y debates en el 1.<\/span><span style=\"font-weight: 400;\">er<\/span><span style=\"font-weight: 400;\"> Congreso Internacional de Educaci\u00f3n en el Tiempo Libre: Avanzando hac\u00eda la Inclusi\u00f3n, organizado por la Universidad del Pa\u00eds Vasco, Astialdi Sarea y el Gobierno Vasco, y celebrado en Barakaldo en 2018, plantea evidencias a nivel nacional e internacional que destacan la capacidad y el valor clave de este \u00e1mbito de la educaci\u00f3n en el tiempo libre para posibilitar comunidades inclusivas y la inclusi\u00f3n de las personas en situaci\u00f3n de dificultad, diversidad funcional o en exclusi\u00f3n. <\/span><\/p>\n<p><span style=\"font-weight: 400;\">Se estructura en 24 cap\u00edtulos que recogen trabajos te\u00f3ricos, resultados de investigaciones de proyectos europeos I+D+I, investigaciones locales o trabajos doctorales, y experiencias innovadoras e inspiradoras en el \u00e1mbito local e internacional. En este sentido, este libro quiere poner en valor el corpus social y cient\u00edfico de este \u00e1mbito, y ser una aportaci\u00f3n para que ciudadan\u00eda, agentes sociales, profesionales, t\u00e9cnicos y pol\u00edticos puedan revindicar la importancia de este sector y que se convierta en las pr\u00f3ximas d\u00e9cadas en uno de los aspectos centrales de las agendas de las pol\u00edticas p\u00fablicas y sociales para conseguir mayores niveles de inclusi\u00f3n en nuestras sociedades.<\/span><\/p>\n","protected":false},"excerpt":{"rendered":"<p><span style=\"font-weight: 400;\">En las \u00faltimas d\u00e9cadas, en el Estado espa\u00f1ol se ha ido desarrollando un fuerte sistema en el \u00e1mbito del tiempo libre educativo. En ocasiones impulsado por agentes sociales, en otras por las instituciones p\u00fablicas, hoy un n\u00famero muy elevado de ni\u00f1os, ni\u00f1as, adolescentes, j\u00f3venes y poblaci\u00f3n adulta participan en estos proyectos y servicios, acompa\u00f1ados por un colectivo numeroso de agentes educativos profesionales y de perfil voluntario. Esta publicaci\u00f3n, construida a partir de las conferencias, comunicaciones y debates en el 1.<\/span><span style=\"font-weight: 400;\">er<\/span><span style=\"font-weight: 400;\"> Congreso Internacional de Educaci\u00f3n en el Tiempo Libre: Avanzando hac\u00eda la Inclusi\u00f3n, organizado por la Universidad del Pa\u00eds Vasco, Astialdi Sarea y el Gobierno Vasco, y celebrado en Barakaldo en 2018, plantea evidencias a nivel nacional e internacional que destacan la capacidad y el valor clave de este \u00e1mbito de la educaci\u00f3n en el tiempo libre para posibilitar comunidades inclusivas y la inclusi\u00f3n de las personas en situaci\u00f3n de dificultad, diversidad funcional o en exclusi\u00f3n. <\/span><\/p>\n<p><span style=\"font-weight: 400;\">Se estructura en 24 cap\u00edtulos que recogen trabajos te\u00f3ricos, resultados de investigaciones de proyectos europeos I+D+I, investigaciones locales o trabajos doctorales, y experiencias innovadoras e inspiradoras en el \u00e1mbito local e internacional. En este sentido, este libro quiere poner en valor el corpus social y cient\u00edfico de este \u00e1mbito, y ser una aportaci\u00f3n para que ciudadan\u00eda, agentes sociales, profesionales, t\u00e9cnicos y pol\u00edticos puedan revindicar la importancia de este sector y que se convierta en las pr\u00f3ximas d\u00e9cadas en uno de los aspectos centrales de las agendas de las pol\u00edticas p\u00fablicas y sociales para conseguir mayores niveles de inclusi\u00f3n en nuestras sociedades.<\/span><\/p>\n","protected":false},"featured_media":51989,"comment_status":"open","ping_status":"closed","template":"","meta":{"_et_pb_use_builder":"","_et_pb_old_content":"","_et_gb_content_width":""},"product_cat":[11858,11859,11907],"product_tag":[11860],"edicion":[11865],"editoriales":[],"tienda":[],"autor_id":[19856,19475],"universidades_coeditoras":[14916],"palabras_clave":[],"listado_alfabetico":[],"acf":[],"_links":{"self":[{"href":"https:\/\/wizardly-davinci.82-223-8-23.plesk.page\/en\/wp-json\/wp\/v2\/product\/54714"}],"collection":[{"href":"https:\/\/wizardly-davinci.82-223-8-23.plesk.page\/en\/wp-json\/wp\/v2\/product"}],"about":[{"href":"https:\/\/wizardly-davinci.82-223-8-23.plesk.page\/en\/wp-json\/wp\/v2\/types\/product"}],"replies":[{"embeddable":true,"href":"https:\/\/wizardly-davinci.82-223-8-23.plesk.page\/en\/wp-json\/wp\/v2\/comments?post=54714"}],"wp:featuredmedia":[{"embeddable":true,"href":"https:\/\/wizardly-davinci.82-223-8-23.plesk.page\/en\/wp-json\/wp\/v2\/media\/51989"}],"wp:attachment":[{"href":"https:\/\/wizardly-davinci.82-223-8-23.plesk.page\/en\/wp-json\/wp\/v2\/media?parent=54714"}],"wp:term":[{"taxonomy":"product_cat","embeddable":true,"href":"https:\/\/wizardly-davinci.82-223-8-23.plesk.page\/en\/wp-json\/wp\/v2\/product_cat?post=54714"},{"taxonomy":"product_tag","embeddable":true,"href":"https:\/\/wizardly-davinci.82-223-8-23.plesk.page\/en\/wp-json\/wp\/v2\/product_tag?post=54714"},{"taxonomy":"edicion","embeddable":true,"href":"https:\/\/wizardly-davinci.82-223-8-23.plesk.page\/en\/wp-json\/wp\/v2\/edicion?post=54714"},{"taxonomy":"editoriales","embeddable":true,"href":"https:\/\/wizardly-davinci.82-223-8-23.plesk.page\/en\/wp-json\/wp\/v2\/editoriales?post=54714"},{"taxonomy":"tienda","embeddable":true,"href":"https:\/\/wizardly-davinci.82-223-8-23.plesk.page\/en\/wp-json\/wp\/v2\/tienda?post=54714"},{"taxonomy":"autor_id","embeddable":true,"href":"https:\/\/wizardly-davinci.82-223-8-23.plesk.page\/en\/wp-json\/wp\/v2\/autor_id?post=54714"},{"taxonomy":"universidades_coeditoras","embeddable":true,"href":"https:\/\/wizardly-davinci.82-223-8-23.plesk.page\/en\/wp-json\/wp\/v2\/universidades_coeditoras?post=54714"},{"taxonomy":"palabras_clave","embeddable":true,"href":"https:\/\/wizardly-davinci.82-223-8-23.plesk.page\/en\/wp-json\/wp\/v2\/palabras_clave?post=54714"},{"taxonomy":"listado_alfabetico","embeddable":true,"href":"https:\/\/wizardly-davinci.82-223-8-23.plesk.page\/en\/wp-json\/wp\/v2\/listado_alfabetico?post=54714"}],"curies":[{"name":"wp","href":"https:\/\/api.w.org\/{rel}","templated":true}]}}