{"id":54715,"date":"2019-10-10T12:13:14","date_gmt":"2019-10-10T10:13:14","guid":{"rendered":"https:\/\/octaedro.com\/libro\/aisha-y-los-salvavidas\/"},"modified":"2023-02-22T13:38:34","modified_gmt":"2023-02-22T12:38:34","slug":"aisha-y-los-salvavidas-2","status":"publish","type":"product","link":"https:\/\/wizardly-davinci.82-223-8-23.plesk.page\/en\/producto\/aisha-y-los-salvavidas-2\/","title":{"rendered":"Aisha y los salvavidas"},"content":{"rendered":"<p>Aisha, Unai, Pau e Indira se disponen a pasar una jornada de aventuras y exploraci\u00f3n en la monta\u00f1a, cuando ocurre un suceso inesperado: Miguel, el pap\u00e1 de Indira y Pau, sufre una emergencia vital. De forma inmediata y coordinada, y bajo el liderazgo de la peque\u00f1a Aisha, los ni\u00f1os tratan de aplicar todos los conocimientos aprendidos sobre reanimaci\u00f3n cardiopulmonar para salvar la vida a Miguel.<\/p>\n<p><em>Aisha y los salvavidas<\/em> busca transmitir de una manera cercana conceptos relacionados con el soporte vital b\u00e1sico a la poblaci\u00f3n infantil: reconocer una situaci\u00f3n de emergencia y c\u00f3mo actuar una vez reconocida, conocer el n\u00famero internacional de emergencias 112 e identificar cu\u00e1ndo es necesario iniciar maniobras de soporte vital b\u00e1sico.<\/p>\n","protected":false},"excerpt":{"rendered":"<p>Aisha, Unai, Pau e Indira se disponen a pasar una jornada de aventuras y exploraci\u00f3n en la monta\u00f1a, cuando ocurre un suceso inesperado: Miguel, el pap\u00e1 de Indira y Pau, sufre una emergencia vital. De forma inmediata y coordinada, y bajo el liderazgo de la peque\u00f1a Aisha, los ni\u00f1os tratan de aplicar todos los conocimientos aprendidos sobre reanimaci\u00f3n cardiopulmonar para salvar la vida a Miguel.<\/p>\n<p><em>Aisha y los salvavidas<\/em> busca transmitir de una manera cercana conceptos relacionados con el soporte vital b\u00e1sico a la poblaci\u00f3n infantil: reconocer una situaci\u00f3n de emergencia y c\u00f3mo actuar una vez reconocida, conocer el n\u00famero internacional de emergencias 112 e identificar cu\u00e1ndo es necesario iniciar maniobras de soporte vital b\u00e1sico.<\/p>\n","protected":false},"featured_media":51984,"comment_status":"open","ping_status":"closed","template":"","meta":{"_et_pb_use_builder":"","_et_pb_old_content":"","_et_gb_content_width":""},"product_cat":[11858,11859,11879],"product_tag":[11860],"edicion":[11865],"editoriales":[],"tienda":[],"autor_id":[19828,19827],"universidades_coeditoras":[],"palabras_clave":[],"listado_alfabetico":[],"acf":[],"_links":{"self":[{"href":"https:\/\/wizardly-davinci.82-223-8-23.plesk.page\/en\/wp-json\/wp\/v2\/product\/54715"}],"collection":[{"href":"https:\/\/wizardly-davinci.82-223-8-23.plesk.page\/en\/wp-json\/wp\/v2\/product"}],"about":[{"href":"https:\/\/wizardly-davinci.82-223-8-23.plesk.page\/en\/wp-json\/wp\/v2\/types\/product"}],"replies":[{"embeddable":true,"href":"https:\/\/wizardly-davinci.82-223-8-23.plesk.page\/en\/wp-json\/wp\/v2\/comments?post=54715"}],"wp:featuredmedia":[{"embeddable":true,"href":"https:\/\/wizardly-davinci.82-223-8-23.plesk.page\/en\/wp-json\/wp\/v2\/media\/51984"}],"wp:attachment":[{"href":"https:\/\/wizardly-davinci.82-223-8-23.plesk.page\/en\/wp-json\/wp\/v2\/media?parent=54715"}],"wp:term":[{"taxonomy":"product_cat","embeddable":true,"href":"https:\/\/wizardly-davinci.82-223-8-23.plesk.page\/en\/wp-json\/wp\/v2\/product_cat?post=54715"},{"taxonomy":"product_tag","embeddable":true,"href":"https:\/\/wizardly-davinci.82-223-8-23.plesk.page\/en\/wp-json\/wp\/v2\/product_tag?post=54715"},{"taxonomy":"edicion","embeddable":true,"href":"https:\/\/wizardly-davinci.82-223-8-23.plesk.page\/en\/wp-json\/wp\/v2\/edicion?post=54715"},{"taxonomy":"editoriales","embeddable":true,"href":"https:\/\/wizardly-davinci.82-223-8-23.plesk.page\/en\/wp-json\/wp\/v2\/editoriales?post=54715"},{"taxonomy":"tienda","embeddable":true,"href":"https:\/\/wizardly-davinci.82-223-8-23.plesk.page\/en\/wp-json\/wp\/v2\/tienda?post=54715"},{"taxonomy":"autor_id","embeddable":true,"href":"https:\/\/wizardly-davinci.82-223-8-23.plesk.page\/en\/wp-json\/wp\/v2\/autor_id?post=54715"},{"taxonomy":"universidades_coeditoras","embeddable":true,"href":"https:\/\/wizardly-davinci.82-223-8-23.plesk.page\/en\/wp-json\/wp\/v2\/universidades_coeditoras?post=54715"},{"taxonomy":"palabras_clave","embeddable":true,"href":"https:\/\/wizardly-davinci.82-223-8-23.plesk.page\/en\/wp-json\/wp\/v2\/palabras_clave?post=54715"},{"taxonomy":"listado_alfabetico","embeddable":true,"href":"https:\/\/wizardly-davinci.82-223-8-23.plesk.page\/en\/wp-json\/wp\/v2\/listado_alfabetico?post=54715"}],"curies":[{"name":"wp","href":"https:\/\/api.w.org\/{rel}","templated":true}]}}