{"id":54767,"date":"2019-10-10T11:56:29","date_gmt":"2019-10-10T09:56:29","guid":{"rendered":"https:\/\/octaedro.com\/libro\/preparados-listos-a-sonar\/"},"modified":"2023-02-22T13:38:34","modified_gmt":"2023-02-22T12:38:34","slug":"preparados-listos-a-sonar-2","status":"publish","type":"product","link":"https:\/\/wizardly-davinci.82-223-8-23.plesk.page\/en\/producto\/preparados-listos-a-sonar-2\/","title":{"rendered":"\u00a1Preparados, listos, a so\u00f1ar!"},"content":{"rendered":"<p>Noa, una peque\u00f1a exploradora amante de los animales, ha enfermado y debe ir a quir\u00f3fano para que la puedan curar, pero est\u00e1 muy asustada.<\/p>\n<p>Para eliminar esos temores cuenta con L\u00faa, su m\u00e9dica anestesi\u00f3loga. \u00bfConseguir\u00e1 L\u00faa, con la ayuda del dios del sue\u00f1o, Morfeo, regalarle a Noa un viaje de ensue\u00f1o alrededor del mundo y hacer desaparecer esos temores?<\/p>\n<p>\u00a1Preparados, listos, a so\u00f1ar! es un viaje a trav\u00e9s del mundo de los sue\u00f1os. Una experiencia fant\u00e1stica y educativa cuyo objetivo es tratar de eliminar el miedo y la ansiedad que presentan ni\u00f1os y ni\u00f1as cuando van a someterse a una intervenci\u00f3n quir\u00fargica.<\/p>\n","protected":false},"excerpt":{"rendered":"<p>Noa, una peque\u00f1a exploradora amante de los animales, ha enfermado y debe ir a quir\u00f3fano para que la puedan curar, pero est\u00e1 muy asustada.<\/p>\n<p>Para eliminar esos temores cuenta con L\u00faa, su m\u00e9dica anestesi\u00f3loga. \u00bfConseguir\u00e1 L\u00faa, con la ayuda del dios del sue\u00f1o, Morfeo, regalarle a Noa un viaje de ensue\u00f1o alrededor del mundo y hacer desaparecer esos temores?<\/p>\n<p>\u00a1Preparados, listos, a so\u00f1ar! es un viaje a trav\u00e9s del mundo de los sue\u00f1os. Una experiencia fant\u00e1stica y educativa cuyo objetivo es tratar de eliminar el miedo y la ansiedad que presentan ni\u00f1os y ni\u00f1as cuando van a someterse a una intervenci\u00f3n quir\u00fargica.<\/p>\n","protected":false},"featured_media":51981,"comment_status":"open","ping_status":"closed","template":"","meta":{"_et_pb_use_builder":"","_et_pb_old_content":"","_et_gb_content_width":""},"product_cat":[11858,11859,11879],"product_tag":[11860],"edicion":[11865],"editoriales":[],"tienda":[],"autor_id":[19828,19827],"universidades_coeditoras":[],"palabras_clave":[],"listado_alfabetico":[],"acf":[],"_links":{"self":[{"href":"https:\/\/wizardly-davinci.82-223-8-23.plesk.page\/en\/wp-json\/wp\/v2\/product\/54767"}],"collection":[{"href":"https:\/\/wizardly-davinci.82-223-8-23.plesk.page\/en\/wp-json\/wp\/v2\/product"}],"about":[{"href":"https:\/\/wizardly-davinci.82-223-8-23.plesk.page\/en\/wp-json\/wp\/v2\/types\/product"}],"replies":[{"embeddable":true,"href":"https:\/\/wizardly-davinci.82-223-8-23.plesk.page\/en\/wp-json\/wp\/v2\/comments?post=54767"}],"wp:featuredmedia":[{"embeddable":true,"href":"https:\/\/wizardly-davinci.82-223-8-23.plesk.page\/en\/wp-json\/wp\/v2\/media\/51981"}],"wp:attachment":[{"href":"https:\/\/wizardly-davinci.82-223-8-23.plesk.page\/en\/wp-json\/wp\/v2\/media?parent=54767"}],"wp:term":[{"taxonomy":"product_cat","embeddable":true,"href":"https:\/\/wizardly-davinci.82-223-8-23.plesk.page\/en\/wp-json\/wp\/v2\/product_cat?post=54767"},{"taxonomy":"product_tag","embeddable":true,"href":"https:\/\/wizardly-davinci.82-223-8-23.plesk.page\/en\/wp-json\/wp\/v2\/product_tag?post=54767"},{"taxonomy":"edicion","embeddable":true,"href":"https:\/\/wizardly-davinci.82-223-8-23.plesk.page\/en\/wp-json\/wp\/v2\/edicion?post=54767"},{"taxonomy":"editoriales","embeddable":true,"href":"https:\/\/wizardly-davinci.82-223-8-23.plesk.page\/en\/wp-json\/wp\/v2\/editoriales?post=54767"},{"taxonomy":"tienda","embeddable":true,"href":"https:\/\/wizardly-davinci.82-223-8-23.plesk.page\/en\/wp-json\/wp\/v2\/tienda?post=54767"},{"taxonomy":"autor_id","embeddable":true,"href":"https:\/\/wizardly-davinci.82-223-8-23.plesk.page\/en\/wp-json\/wp\/v2\/autor_id?post=54767"},{"taxonomy":"universidades_coeditoras","embeddable":true,"href":"https:\/\/wizardly-davinci.82-223-8-23.plesk.page\/en\/wp-json\/wp\/v2\/universidades_coeditoras?post=54767"},{"taxonomy":"palabras_clave","embeddable":true,"href":"https:\/\/wizardly-davinci.82-223-8-23.plesk.page\/en\/wp-json\/wp\/v2\/palabras_clave?post=54767"},{"taxonomy":"listado_alfabetico","embeddable":true,"href":"https:\/\/wizardly-davinci.82-223-8-23.plesk.page\/en\/wp-json\/wp\/v2\/listado_alfabetico?post=54767"}],"curies":[{"name":"wp","href":"https:\/\/api.w.org\/{rel}","templated":true}]}}