{"id":54769,"date":"2019-09-01T07:29:50","date_gmt":"2019-09-01T07:29:50","guid":{"rendered":"https:\/\/octaedro.com\/libro\/buenas-practicas-en-el-uso-de-pruebas-de-alternativa-multiple\/"},"modified":"2023-02-22T13:38:34","modified_gmt":"2023-02-22T12:38:34","slug":"buenas-practicas-en-el-uso-de-pruebas-de-alternativa-multiple-2","status":"publish","type":"product","link":"https:\/\/wizardly-davinci.82-223-8-23.plesk.page\/en\/producto\/buenas-practicas-en-el-uso-de-pruebas-de-alternativa-multiple-2\/","title":{"rendered":"Buenas pr\u00e1cticas en el uso de pruebas de alternativa m\u00faltiple"},"content":{"rendered":"<p><span style=\"font-weight: 400;\">Esta obra es de car\u00e1cter transversal. Describe las ventajas, riesgos y pautas de calidad de un tipo de pruebas de evaluaci\u00f3n muy criticado, pero a la vez muy extendido, en el \u00e1mbito acad\u00e9mico. Si bien hace unos a\u00f1os parec\u00eda que el uso de pruebas llamadas \u00abobjetivas\u00bb o \u00abtipo test\u00bb se reducir\u00eda, la realidad muestra que no ha sido as\u00ed, y las nuevas tecnolog\u00edas todav\u00eda han incentivado m\u00e1s su uso. Este incremento, sin embargo, no ha ido acompa\u00f1ado de un mayor conocimiento de sus usuarios sobre las condiciones de aplicaci\u00f3n que justifican sus posibles ventajas. Todo ello ha hecho aumentar el riesgo de un mal uso y de evaluaciones sesgadas.<\/span><\/p>\n<p><span style=\"font-weight: 400;\">Manteniendo un enfoque cr\u00edtico, el objetivo de los autores es que esta publicaci\u00f3n sirva de referente a los docentes de diferentes \u00e1mbitos para que tomen conciencia de las prestaciones reales de estos instrumentos, pues solo as\u00ed podr\u00e1n aprovechar su potencial en la evaluaci\u00f3n de los aprendizajes.<\/span><span style=\"font-weight: 400;\"><br \/>\n<\/span><\/p>\n","protected":false},"excerpt":{"rendered":"<p><span style=\"font-weight: 400;\">Esta obra es de car\u00e1cter transversal. Describe las ventajas, riesgos y pautas de calidad de un tipo de pruebas de evaluaci\u00f3n muy criticado, pero a la vez muy extendido, en el \u00e1mbito acad\u00e9mico. Si bien hace unos a\u00f1os parec\u00eda que el uso de pruebas llamadas \u00abobjetivas\u00bb o \u00abtipo test\u00bb se reducir\u00eda, la realidad muestra que no ha sido as\u00ed, y las nuevas tecnolog\u00edas todav\u00eda han incentivado m\u00e1s su uso. Este incremento, sin embargo, no ha ido acompa\u00f1ado de un mayor conocimiento de sus usuarios sobre las condiciones de aplicaci\u00f3n que justifican sus posibles ventajas. Todo ello ha hecho aumentar el riesgo de un mal uso y de evaluaciones sesgadas.<\/span><\/p>\n<p><span style=\"font-weight: 400;\">Manteniendo un enfoque cr\u00edtico, el objetivo de los autores es que esta publicaci\u00f3n sirva de referente a los docentes de diferentes \u00e1mbitos para que tomen conciencia de las prestaciones reales de estos instrumentos, pues solo as\u00ed podr\u00e1n aprovechar su potencial en la evaluaci\u00f3n de los aprendizajes.<\/span><span style=\"font-weight: 400;\"><br \/>\n<\/span><\/p>\n","protected":false},"featured_media":51970,"comment_status":"closed","ping_status":"closed","template":"","meta":{"_et_pb_use_builder":"","_et_pb_old_content":"","_et_gb_content_width":""},"product_cat":[11876,11913,11900,11907],"product_tag":[11887],"edicion":[],"editoriales":[],"tienda":[],"autor_id":[19886,19885],"universidades_coeditoras":[],"palabras_clave":[],"listado_alfabetico":[],"acf":[],"_links":{"self":[{"href":"https:\/\/wizardly-davinci.82-223-8-23.plesk.page\/en\/wp-json\/wp\/v2\/product\/54769"}],"collection":[{"href":"https:\/\/wizardly-davinci.82-223-8-23.plesk.page\/en\/wp-json\/wp\/v2\/product"}],"about":[{"href":"https:\/\/wizardly-davinci.82-223-8-23.plesk.page\/en\/wp-json\/wp\/v2\/types\/product"}],"replies":[{"embeddable":true,"href":"https:\/\/wizardly-davinci.82-223-8-23.plesk.page\/en\/wp-json\/wp\/v2\/comments?post=54769"}],"wp:featuredmedia":[{"embeddable":true,"href":"https:\/\/wizardly-davinci.82-223-8-23.plesk.page\/en\/wp-json\/wp\/v2\/media\/51970"}],"wp:attachment":[{"href":"https:\/\/wizardly-davinci.82-223-8-23.plesk.page\/en\/wp-json\/wp\/v2\/media?parent=54769"}],"wp:term":[{"taxonomy":"product_cat","embeddable":true,"href":"https:\/\/wizardly-davinci.82-223-8-23.plesk.page\/en\/wp-json\/wp\/v2\/product_cat?post=54769"},{"taxonomy":"product_tag","embeddable":true,"href":"https:\/\/wizardly-davinci.82-223-8-23.plesk.page\/en\/wp-json\/wp\/v2\/product_tag?post=54769"},{"taxonomy":"edicion","embeddable":true,"href":"https:\/\/wizardly-davinci.82-223-8-23.plesk.page\/en\/wp-json\/wp\/v2\/edicion?post=54769"},{"taxonomy":"editoriales","embeddable":true,"href":"https:\/\/wizardly-davinci.82-223-8-23.plesk.page\/en\/wp-json\/wp\/v2\/editoriales?post=54769"},{"taxonomy":"tienda","embeddable":true,"href":"https:\/\/wizardly-davinci.82-223-8-23.plesk.page\/en\/wp-json\/wp\/v2\/tienda?post=54769"},{"taxonomy":"autor_id","embeddable":true,"href":"https:\/\/wizardly-davinci.82-223-8-23.plesk.page\/en\/wp-json\/wp\/v2\/autor_id?post=54769"},{"taxonomy":"universidades_coeditoras","embeddable":true,"href":"https:\/\/wizardly-davinci.82-223-8-23.plesk.page\/en\/wp-json\/wp\/v2\/universidades_coeditoras?post=54769"},{"taxonomy":"palabras_clave","embeddable":true,"href":"https:\/\/wizardly-davinci.82-223-8-23.plesk.page\/en\/wp-json\/wp\/v2\/palabras_clave?post=54769"},{"taxonomy":"listado_alfabetico","embeddable":true,"href":"https:\/\/wizardly-davinci.82-223-8-23.plesk.page\/en\/wp-json\/wp\/v2\/listado_alfabetico?post=54769"}],"curies":[{"name":"wp","href":"https:\/\/api.w.org\/{rel}","templated":true}]}}