{"id":54770,"date":"2019-09-23T08:32:53","date_gmt":"2019-09-23T06:32:53","guid":{"rendered":"https:\/\/octaedro.com\/libro\/el-impacto-de-la-educacion-musical-escolar\/"},"modified":"2023-02-22T13:38:38","modified_gmt":"2023-02-22T12:38:38","slug":"el-impacto-de-la-educacion-musical-escolar-2","status":"publish","type":"product","link":"https:\/\/wizardly-davinci.82-223-8-23.plesk.page\/en\/producto\/el-impacto-de-la-educacion-musical-escolar-2\/","title":{"rendered":"El impacto de la educaci\u00f3n musical escolar"},"content":{"rendered":"<p><span style=\"font-weight: 400;\">La mayor parte de la informaci\u00f3n que se ofrece en este libro es fruto del proyecto de investigaci\u00f3n \u00abEl impacto de la educaci\u00f3n musical en la sociedad y en la econom\u00eda del conocimiento\u00bb, financiado por el Ministerio de Econom\u00eda y Competitividad espa\u00f1ol. El prop\u00f3sito del proyecto fue generar conocimiento a partir de datos provenientes de la investigaci\u00f3n para determinar el impacto \u2013entendido en sentido amplio\u2013 que la educaci\u00f3n musical ha tenido en las \u00faltimas d\u00e9cadas en las ense\u00f1anzas obligatorias, as\u00ed como para documentar su posible contribuci\u00f3n para que el sistema educativo y los j\u00f3venes que se forman en \u00e9l afronten los retos de la sociedad y de la econom\u00eda del conocimiento. <\/span><\/p>\n<p><span style=\"font-weight: 400;\">Ofrecemos en este libro datos de la huella que la educaci\u00f3n musical ha dejado en las personas que cursaron esta materia durante su escolarizaci\u00f3n obligatoria. Nuestro \u00e1nimo es colaborar en la construcci\u00f3n de la m\u00fasica escolar que necesitamos ahora y de hacerlo manteniendo lo que de bueno ha habido y hay.<\/span><\/p>\n","protected":false},"excerpt":{"rendered":"<p><span style=\"font-weight: 400;\">La mayor parte de la informaci\u00f3n que se ofrece en este libro es fruto del proyecto de investigaci\u00f3n \u00abEl impacto de la educaci\u00f3n musical en la sociedad y en la econom\u00eda del conocimiento\u00bb, financiado por el Ministerio de Econom\u00eda y Competitividad espa\u00f1ol. El prop\u00f3sito del proyecto fue generar conocimiento a partir de datos provenientes de la investigaci\u00f3n para determinar el impacto \u2013entendido en sentido amplio\u2013 que la educaci\u00f3n musical ha tenido en las \u00faltimas d\u00e9cadas en las ense\u00f1anzas obligatorias, as\u00ed como para documentar su posible contribuci\u00f3n para que el sistema educativo y los j\u00f3venes que se forman en \u00e9l afronten los retos de la sociedad y de la econom\u00eda del conocimiento. <\/span><\/p>\n<p><span style=\"font-weight: 400;\">Ofrecemos en este libro datos de la huella que la educaci\u00f3n musical ha dejado en las personas que cursaron esta materia durante su escolarizaci\u00f3n obligatoria. Nuestro \u00e1nimo es colaborar en la construcci\u00f3n de la m\u00fasica escolar que necesitamos ahora y de hacerlo manteniendo lo que de bueno ha habido y hay.<\/span><\/p>\n","protected":false},"featured_media":51961,"comment_status":"open","ping_status":"closed","template":"","meta":{"_et_pb_use_builder":"","_et_pb_old_content":"","_et_gb_content_width":""},"product_cat":[11858,11859,11907],"product_tag":[11860],"edicion":[11865],"editoriales":[],"tienda":[],"autor_id":[19889,19890],"universidades_coeditoras":[14893],"palabras_clave":[],"listado_alfabetico":[],"acf":[],"_links":{"self":[{"href":"https:\/\/wizardly-davinci.82-223-8-23.plesk.page\/en\/wp-json\/wp\/v2\/product\/54770"}],"collection":[{"href":"https:\/\/wizardly-davinci.82-223-8-23.plesk.page\/en\/wp-json\/wp\/v2\/product"}],"about":[{"href":"https:\/\/wizardly-davinci.82-223-8-23.plesk.page\/en\/wp-json\/wp\/v2\/types\/product"}],"replies":[{"embeddable":true,"href":"https:\/\/wizardly-davinci.82-223-8-23.plesk.page\/en\/wp-json\/wp\/v2\/comments?post=54770"}],"wp:featuredmedia":[{"embeddable":true,"href":"https:\/\/wizardly-davinci.82-223-8-23.plesk.page\/en\/wp-json\/wp\/v2\/media\/51961"}],"wp:attachment":[{"href":"https:\/\/wizardly-davinci.82-223-8-23.plesk.page\/en\/wp-json\/wp\/v2\/media?parent=54770"}],"wp:term":[{"taxonomy":"product_cat","embeddable":true,"href":"https:\/\/wizardly-davinci.82-223-8-23.plesk.page\/en\/wp-json\/wp\/v2\/product_cat?post=54770"},{"taxonomy":"product_tag","embeddable":true,"href":"https:\/\/wizardly-davinci.82-223-8-23.plesk.page\/en\/wp-json\/wp\/v2\/product_tag?post=54770"},{"taxonomy":"edicion","embeddable":true,"href":"https:\/\/wizardly-davinci.82-223-8-23.plesk.page\/en\/wp-json\/wp\/v2\/edicion?post=54770"},{"taxonomy":"editoriales","embeddable":true,"href":"https:\/\/wizardly-davinci.82-223-8-23.plesk.page\/en\/wp-json\/wp\/v2\/editoriales?post=54770"},{"taxonomy":"tienda","embeddable":true,"href":"https:\/\/wizardly-davinci.82-223-8-23.plesk.page\/en\/wp-json\/wp\/v2\/tienda?post=54770"},{"taxonomy":"autor_id","embeddable":true,"href":"https:\/\/wizardly-davinci.82-223-8-23.plesk.page\/en\/wp-json\/wp\/v2\/autor_id?post=54770"},{"taxonomy":"universidades_coeditoras","embeddable":true,"href":"https:\/\/wizardly-davinci.82-223-8-23.plesk.page\/en\/wp-json\/wp\/v2\/universidades_coeditoras?post=54770"},{"taxonomy":"palabras_clave","embeddable":true,"href":"https:\/\/wizardly-davinci.82-223-8-23.plesk.page\/en\/wp-json\/wp\/v2\/palabras_clave?post=54770"},{"taxonomy":"listado_alfabetico","embeddable":true,"href":"https:\/\/wizardly-davinci.82-223-8-23.plesk.page\/en\/wp-json\/wp\/v2\/listado_alfabetico?post=54770"}],"curies":[{"name":"wp","href":"https:\/\/api.w.org\/{rel}","templated":true}]}}