{"id":54772,"date":"2019-09-10T08:31:07","date_gmt":"2019-09-10T06:31:07","guid":{"rendered":"https:\/\/octaedro.com\/libro\/retos-y-evidencias-en-la-investigacion-con-videojuegos-en-educacion\/"},"modified":"2023-02-22T13:38:38","modified_gmt":"2023-02-22T12:38:38","slug":"retos-y-evidencias-en-la-investigacion-con-videojuegos-en-educacion-2","status":"publish","type":"product","link":"https:\/\/wizardly-davinci.82-223-8-23.plesk.page\/en\/producto\/retos-y-evidencias-en-la-investigacion-con-videojuegos-en-educacion-2\/","title":{"rendered":"Retos y evidencias en la investigaci\u00f3n con videojuegos en educaci\u00f3n"},"content":{"rendered":"<p>Este libro presenta un panorama general y actualizado de las investigaciones centradas en el uso, desarrollo e intervenci\u00f3n de los videojuegos y los <em>serious games<\/em> en el \u00e1mbito educativo. Junto con reflexiones generales sobre los paradigmas, las experiencias y las investigaciones recientes, los an\u00e1lisis se centran en descubrir los factores que favorecen la integraci\u00f3n de los videojuegos en la educaci\u00f3n en cualesquiera de sus modalidades (formal y no formal).<\/p>\n<p>Se trata de un libro en colaboraci\u00f3n internacional entre Espa\u00f1a y Argentina que recoge aportes, investigaciones y experiencias de algunos de los miembros acad\u00e9micos del Grupo Alf\u00e1s (&lt;<a href=\"https:\/\/www.grupoalfas.com\" target=\"_blank\" rel=\"noopener noreferrer\">https:\/\/www.grupoalfas.com<\/a>&gt;), que se dedica a los estudios de juegos (<em>game studies<\/em>), videojuegos, <em>serious games<\/em> y procesos de gamificaci\u00f3n y en el cual sus autores ofrecen aspectos reveladores del paradigma <em>game based learning<\/em>. Desde sus inicios en 2012, el Grupo Alf\u00e1s ha implementado seis congresos internacionales sobre videojuegos y educaci\u00f3n: Alf\u00e1s del Pi (Alicante), C\u00e1ceres, Buenos Aires (Argentina), Vigo, Tenerife y Concepci\u00f3n (Chile), as\u00ed como una docena de seminarios internacionales centrados en los videojuegos, las simulaciones y la realidad aumentada. De toda esta dilatada experiencia surge esta obra, que proporciona una perspectiva singular y presenta nuevas formas de aproximaci\u00f3n al apasionante mundo de aprender jugando y videojugando.<\/p>\n<p>De ah\u00ed que el presente volumen sea de gran valor para cualquier persona interesada en realizar experiencias de integraci\u00f3n de los videojuegos en el aula, para aquellos que se inicien en la investigaci\u00f3n de los efectos de estas herramientas sobre el aprendizaje y para quienes deseen reflexionar o nutrirse de experiencias innovadoras de investigadores especializados.<\/p>\n<p style=\"text-align: left;\"><span style=\"font-weight: 400;\">De ah\u00ed que el presente volumen sea de gran valor para cualquier persona interesada en realizar experiencias de integraci\u00f3n de los videojuegos en el aula, para aquellos que se inicien en la investigaci\u00f3n de los efectos de estas herramientas sobre el aprendizaje y para quienes deseen reflexionar o nutrirse de experiencias innovadoras de investigadores especializados.<\/span><\/p>\n","protected":false},"excerpt":{"rendered":"<p>Este libro presenta un panorama general y actualizado de las investigaciones centradas en el uso, desarrollo e intervenci\u00f3n de los videojuegos y los <em>serious games<\/em> en el \u00e1mbito educativo. Junto con reflexiones generales sobre los paradigmas, las experiencias y las investigaciones recientes, los an\u00e1lisis se centran en descubrir los factores que favorecen la integraci\u00f3n de los videojuegos en la educaci\u00f3n en cualesquiera de sus modalidades (formal y no formal).<\/p>\n<p>Se trata de un libro en colaboraci\u00f3n internacional entre Espa\u00f1a y Argentina que recoge aportes, investigaciones y experiencias de algunos de los miembros acad\u00e9micos del Grupo Alf\u00e1s (&lt;<a href=\"https:\/\/www.grupoalfas.com\" target=\"_blank\" rel=\"noopener noreferrer\">https:\/\/www.grupoalfas.com<\/a>&gt;), que se dedica a los estudios de juegos (<em>game studies<\/em>), videojuegos, <em>serious games<\/em> y procesos de gamificaci\u00f3n y en el cual sus autores ofrecen aspectos reveladores del paradigma <em>game based learning<\/em>. Desde sus inicios en 2012, el Grupo Alf\u00e1s ha implementado seis congresos internacionales sobre videojuegos y educaci\u00f3n: Alf\u00e1s del Pi (Alicante), C\u00e1ceres, Buenos Aires (Argentina), Vigo, Tenerife y Concepci\u00f3n (Chile), as\u00ed como una docena de seminarios internacionales centrados en los videojuegos, las simulaciones y la realidad aumentada. De toda esta dilatada experiencia surge esta obra, que proporciona una perspectiva singular y presenta nuevas formas de aproximaci\u00f3n al apasionante mundo de aprender jugando y videojugando.<\/p>\n<p>De ah\u00ed que el presente volumen sea de gran valor para cualquier persona interesada en realizar experiencias de integraci\u00f3n de los videojuegos en el aula, para aquellos que se inicien en la investigaci\u00f3n de los efectos de estas herramientas sobre el aprendizaje y para quienes deseen reflexionar o nutrirse de experiencias innovadoras de investigadores especializados.<\/p>\n<p style=\"text-align: left;\"><span style=\"font-weight: 400;\">De ah\u00ed que el presente volumen sea de gran valor para cualquier persona interesada en realizar experiencias de integraci\u00f3n de los videojuegos en el aula, para aquellos que se inicien en la investigaci\u00f3n de los efectos de estas herramientas sobre el aprendizaje y para quienes deseen reflexionar o nutrirse de experiencias innovadoras de investigadores especializados.<\/span><\/p>\n","protected":false},"featured_media":51917,"comment_status":"closed","ping_status":"closed","template":"","meta":{"_et_pb_use_builder":"","_et_pb_old_content":"","_et_gb_content_width":""},"product_cat":[11899,11858,11910,11859,11912,11907],"product_tag":[11892],"edicion":[12178,11865],"editoriales":[11867],"tienda":[],"autor_id":[19894,19893],"universidades_coeditoras":[14899],"palabras_clave":[],"listado_alfabetico":[],"acf":[],"_links":{"self":[{"href":"https:\/\/wizardly-davinci.82-223-8-23.plesk.page\/en\/wp-json\/wp\/v2\/product\/54772"}],"collection":[{"href":"https:\/\/wizardly-davinci.82-223-8-23.plesk.page\/en\/wp-json\/wp\/v2\/product"}],"about":[{"href":"https:\/\/wizardly-davinci.82-223-8-23.plesk.page\/en\/wp-json\/wp\/v2\/types\/product"}],"replies":[{"embeddable":true,"href":"https:\/\/wizardly-davinci.82-223-8-23.plesk.page\/en\/wp-json\/wp\/v2\/comments?post=54772"}],"wp:featuredmedia":[{"embeddable":true,"href":"https:\/\/wizardly-davinci.82-223-8-23.plesk.page\/en\/wp-json\/wp\/v2\/media\/51917"}],"wp:attachment":[{"href":"https:\/\/wizardly-davinci.82-223-8-23.plesk.page\/en\/wp-json\/wp\/v2\/media?parent=54772"}],"wp:term":[{"taxonomy":"product_cat","embeddable":true,"href":"https:\/\/wizardly-davinci.82-223-8-23.plesk.page\/en\/wp-json\/wp\/v2\/product_cat?post=54772"},{"taxonomy":"product_tag","embeddable":true,"href":"https:\/\/wizardly-davinci.82-223-8-23.plesk.page\/en\/wp-json\/wp\/v2\/product_tag?post=54772"},{"taxonomy":"edicion","embeddable":true,"href":"https:\/\/wizardly-davinci.82-223-8-23.plesk.page\/en\/wp-json\/wp\/v2\/edicion?post=54772"},{"taxonomy":"editoriales","embeddable":true,"href":"https:\/\/wizardly-davinci.82-223-8-23.plesk.page\/en\/wp-json\/wp\/v2\/editoriales?post=54772"},{"taxonomy":"tienda","embeddable":true,"href":"https:\/\/wizardly-davinci.82-223-8-23.plesk.page\/en\/wp-json\/wp\/v2\/tienda?post=54772"},{"taxonomy":"autor_id","embeddable":true,"href":"https:\/\/wizardly-davinci.82-223-8-23.plesk.page\/en\/wp-json\/wp\/v2\/autor_id?post=54772"},{"taxonomy":"universidades_coeditoras","embeddable":true,"href":"https:\/\/wizardly-davinci.82-223-8-23.plesk.page\/en\/wp-json\/wp\/v2\/universidades_coeditoras?post=54772"},{"taxonomy":"palabras_clave","embeddable":true,"href":"https:\/\/wizardly-davinci.82-223-8-23.plesk.page\/en\/wp-json\/wp\/v2\/palabras_clave?post=54772"},{"taxonomy":"listado_alfabetico","embeddable":true,"href":"https:\/\/wizardly-davinci.82-223-8-23.plesk.page\/en\/wp-json\/wp\/v2\/listado_alfabetico?post=54772"}],"curies":[{"name":"wp","href":"https:\/\/api.w.org\/{rel}","templated":true}]}}