{"id":54776,"date":"2023-05-01T07:00:49","date_gmt":"2023-05-01T05:00:49","guid":{"rendered":"https:\/\/octaedro.com\/libro\/musica-6\/"},"modified":"2023-02-22T13:38:39","modified_gmt":"2023-02-22T12:38:39","slug":"musica-6-2-2","status":"publish","type":"product","link":"https:\/\/wizardly-davinci.82-223-8-23.plesk.page\/en\/producto\/musica-6-2-2\/","title":{"rendered":"M\u00fasica 6"},"content":{"rendered":"<p>CARACTER\u00cdSTICAS<br \/>\nEl \u00faltimo curso de la etapa comenzar\u00e1 con los estilos que componen el campo de las <strong>ton\u00e1s<\/strong> o cantes sin guitarra. Seguidamente se terminar\u00e1 dando a conocer otros importantes estilos de la m\u00fasica flamenca como son la <strong>seguiriya<\/strong>, la <strong>serrana<\/strong> y la <strong>liviana<\/strong>, as\u00ed como la <strong>petenera<\/strong>. Adem\u00e1s de ello, para concretar las tem\u00e1ticas de los centros de inter\u00e9s planteados en el curso se recurrir\u00e1n a obras y piezas musicales de la m\u00fasica cl\u00e1sica, la zarzuela, el hip hop, el rap, el reggaet\u00f3n, la salsa, el pop, el swing, la m\u00fasica procesional y la m\u00fasica de cine.<\/p>\n","protected":false},"excerpt":{"rendered":"<p>El \u00faltimo curso de la etapa comenzar\u00e1 con los estilos que componen el campo de las <strong>ton\u00e1s<\/strong> o cantes sin guitarra. Seguidamente se terminar\u00e1 dando a conocer otros importantes estilos de la m\u00fasica flamenca como son la <strong>seguiriya<\/strong>, la <strong>serrana<\/strong> y la <strong>liviana<\/strong>, as\u00ed como la <strong>petenera<\/strong>. Adem\u00e1s de ello, para concretar las tem\u00e1ticas de los centros de inter\u00e9s planteados en el curso se recurrir\u00e1n a obras y piezas musicales de la m\u00fasica cl\u00e1sica, la zarzuela, el hip hop, el rap, el reggaet\u00f3n, la salsa, el pop, el swing, la m\u00fasica procesional y la m\u00fasica de cine.<\/p>\n","protected":false},"featured_media":64227,"comment_status":"open","ping_status":"closed","template":"","meta":{"_et_pb_use_builder":"","_et_pb_old_content":"","_et_gb_content_width":""},"product_cat":[11901,11859,11917],"product_tag":[11860],"edicion":[11865],"editoriales":[11866],"tienda":[],"autor_id":[13939,14431,19902,19903],"universidades_coeditoras":[],"palabras_clave":[],"listado_alfabetico":[],"acf":[],"_links":{"self":[{"href":"https:\/\/wizardly-davinci.82-223-8-23.plesk.page\/en\/wp-json\/wp\/v2\/product\/54776"}],"collection":[{"href":"https:\/\/wizardly-davinci.82-223-8-23.plesk.page\/en\/wp-json\/wp\/v2\/product"}],"about":[{"href":"https:\/\/wizardly-davinci.82-223-8-23.plesk.page\/en\/wp-json\/wp\/v2\/types\/product"}],"replies":[{"embeddable":true,"href":"https:\/\/wizardly-davinci.82-223-8-23.plesk.page\/en\/wp-json\/wp\/v2\/comments?post=54776"}],"wp:featuredmedia":[{"embeddable":true,"href":"https:\/\/wizardly-davinci.82-223-8-23.plesk.page\/en\/wp-json\/wp\/v2\/media\/64227"}],"wp:attachment":[{"href":"https:\/\/wizardly-davinci.82-223-8-23.plesk.page\/en\/wp-json\/wp\/v2\/media?parent=54776"}],"wp:term":[{"taxonomy":"product_cat","embeddable":true,"href":"https:\/\/wizardly-davinci.82-223-8-23.plesk.page\/en\/wp-json\/wp\/v2\/product_cat?post=54776"},{"taxonomy":"product_tag","embeddable":true,"href":"https:\/\/wizardly-davinci.82-223-8-23.plesk.page\/en\/wp-json\/wp\/v2\/product_tag?post=54776"},{"taxonomy":"edicion","embeddable":true,"href":"https:\/\/wizardly-davinci.82-223-8-23.plesk.page\/en\/wp-json\/wp\/v2\/edicion?post=54776"},{"taxonomy":"editoriales","embeddable":true,"href":"https:\/\/wizardly-davinci.82-223-8-23.plesk.page\/en\/wp-json\/wp\/v2\/editoriales?post=54776"},{"taxonomy":"tienda","embeddable":true,"href":"https:\/\/wizardly-davinci.82-223-8-23.plesk.page\/en\/wp-json\/wp\/v2\/tienda?post=54776"},{"taxonomy":"autor_id","embeddable":true,"href":"https:\/\/wizardly-davinci.82-223-8-23.plesk.page\/en\/wp-json\/wp\/v2\/autor_id?post=54776"},{"taxonomy":"universidades_coeditoras","embeddable":true,"href":"https:\/\/wizardly-davinci.82-223-8-23.plesk.page\/en\/wp-json\/wp\/v2\/universidades_coeditoras?post=54776"},{"taxonomy":"palabras_clave","embeddable":true,"href":"https:\/\/wizardly-davinci.82-223-8-23.plesk.page\/en\/wp-json\/wp\/v2\/palabras_clave?post=54776"},{"taxonomy":"listado_alfabetico","embeddable":true,"href":"https:\/\/wizardly-davinci.82-223-8-23.plesk.page\/en\/wp-json\/wp\/v2\/listado_alfabetico?post=54776"}],"curies":[{"name":"wp","href":"https:\/\/api.w.org\/{rel}","templated":true}]}}