{"id":54777,"date":"2023-05-01T08:00:11","date_gmt":"2023-05-01T06:00:11","guid":{"rendered":"https:\/\/octaedro.com\/libro\/musica-5\/"},"modified":"2023-02-22T13:38:39","modified_gmt":"2023-02-22T12:38:39","slug":"musica-5-2-2","status":"publish","type":"product","link":"https:\/\/wizardly-davinci.82-223-8-23.plesk.page\/en\/producto\/musica-5-2-2\/","title":{"rendered":"M\u00fasica 5"},"content":{"rendered":"<p>CARACTER\u00cdSTICAS<br \/>\nEn este curso se comienza con la <strong>buler\u00eda<\/strong>, otro de los estilos de doce tiempos con el que el alumnado podr\u00e1 disfrutar de la expresi\u00f3n r\u00edtmica e instrumental de la fiesta. Y con la fiesta se conocer\u00e1n los <strong>tangos<\/strong>, entrando as\u00ed en el comp\u00e1s de cuatro tiempos, y varios estilos al comp\u00e1s de tangos: tientos, marianas, farrucas y garrot\u00edn, entre otros. Para desarrollar los centros de inter\u00e9s de los bloques que componen el curso se recurrir\u00e1 tambi\u00e9n a otros g\u00e9neros musicales como la salsa, el vals, el pasodoble, la m\u00fasica dance, el rock and roll, el pop, el villancico, el jazz, el blues y m\u00fasicas folcl\u00f3ricas y tradicionales de diversos lugares de Espa\u00f1a y Europa.<\/p>\n","protected":false},"excerpt":{"rendered":"<p>En este curso se comienza con la <strong>buler\u00eda<\/strong>, otro de los estilos de doce tiempos con el que el alumnado podr\u00e1 disfrutar de la expresi\u00f3n r\u00edtmica e instrumental de la fiesta. Y con la fiesta se conocer\u00e1n los <strong>tangos<\/strong>, entrando as\u00ed en el comp\u00e1s de cuatro tiempos, y varios estilos al comp\u00e1s de tangos: tientos, marianas, farrucas y garrot\u00edn, entre otros. Para desarrollar los centros de inter\u00e9s de los bloques que componen el curso se recurrir\u00e1 tambi\u00e9n a otros g\u00e9neros musicales como la salsa, el vals, el pasodoble, la m\u00fasica dance, el rock and roll, el pop, el villancico, el jazz, el blues y m\u00fasicas folcl\u00f3ricas y tradicionales de diversos lugares de Espa\u00f1a y Europa.<\/p>\n","protected":false},"featured_media":64225,"comment_status":"open","ping_status":"closed","template":"","meta":{"_et_pb_use_builder":"","_et_pb_old_content":"","_et_gb_content_width":""},"product_cat":[11901,11859,11917],"product_tag":[11860],"edicion":[11865],"editoriales":[11866],"tienda":[],"autor_id":[13939,14431,19902,19903],"universidades_coeditoras":[],"palabras_clave":[],"listado_alfabetico":[],"acf":[],"_links":{"self":[{"href":"https:\/\/wizardly-davinci.82-223-8-23.plesk.page\/en\/wp-json\/wp\/v2\/product\/54777"}],"collection":[{"href":"https:\/\/wizardly-davinci.82-223-8-23.plesk.page\/en\/wp-json\/wp\/v2\/product"}],"about":[{"href":"https:\/\/wizardly-davinci.82-223-8-23.plesk.page\/en\/wp-json\/wp\/v2\/types\/product"}],"replies":[{"embeddable":true,"href":"https:\/\/wizardly-davinci.82-223-8-23.plesk.page\/en\/wp-json\/wp\/v2\/comments?post=54777"}],"wp:featuredmedia":[{"embeddable":true,"href":"https:\/\/wizardly-davinci.82-223-8-23.plesk.page\/en\/wp-json\/wp\/v2\/media\/64225"}],"wp:attachment":[{"href":"https:\/\/wizardly-davinci.82-223-8-23.plesk.page\/en\/wp-json\/wp\/v2\/media?parent=54777"}],"wp:term":[{"taxonomy":"product_cat","embeddable":true,"href":"https:\/\/wizardly-davinci.82-223-8-23.plesk.page\/en\/wp-json\/wp\/v2\/product_cat?post=54777"},{"taxonomy":"product_tag","embeddable":true,"href":"https:\/\/wizardly-davinci.82-223-8-23.plesk.page\/en\/wp-json\/wp\/v2\/product_tag?post=54777"},{"taxonomy":"edicion","embeddable":true,"href":"https:\/\/wizardly-davinci.82-223-8-23.plesk.page\/en\/wp-json\/wp\/v2\/edicion?post=54777"},{"taxonomy":"editoriales","embeddable":true,"href":"https:\/\/wizardly-davinci.82-223-8-23.plesk.page\/en\/wp-json\/wp\/v2\/editoriales?post=54777"},{"taxonomy":"tienda","embeddable":true,"href":"https:\/\/wizardly-davinci.82-223-8-23.plesk.page\/en\/wp-json\/wp\/v2\/tienda?post=54777"},{"taxonomy":"autor_id","embeddable":true,"href":"https:\/\/wizardly-davinci.82-223-8-23.plesk.page\/en\/wp-json\/wp\/v2\/autor_id?post=54777"},{"taxonomy":"universidades_coeditoras","embeddable":true,"href":"https:\/\/wizardly-davinci.82-223-8-23.plesk.page\/en\/wp-json\/wp\/v2\/universidades_coeditoras?post=54777"},{"taxonomy":"palabras_clave","embeddable":true,"href":"https:\/\/wizardly-davinci.82-223-8-23.plesk.page\/en\/wp-json\/wp\/v2\/palabras_clave?post=54777"},{"taxonomy":"listado_alfabetico","embeddable":true,"href":"https:\/\/wizardly-davinci.82-223-8-23.plesk.page\/en\/wp-json\/wp\/v2\/listado_alfabetico?post=54777"}],"curies":[{"name":"wp","href":"https:\/\/api.w.org\/{rel}","templated":true}]}}