{"id":54780,"date":"2023-05-01T10:00:34","date_gmt":"2023-05-01T08:00:34","guid":{"rendered":"https:\/\/octaedro.com\/libro\/musica-3\/"},"modified":"2023-02-22T13:38:39","modified_gmt":"2023-02-22T12:38:39","slug":"musica-3-2-2","status":"publish","type":"product","link":"https:\/\/wizardly-davinci.82-223-8-23.plesk.page\/en\/producto\/musica-3-2-2\/","title":{"rendered":"M\u00fasica 3"},"content":{"rendered":"<p>CARACTER\u00cdSTICAS<br \/>\nA partir de viajes imaginarios que relacionan fundamentalmente a C\u00e1diz, M\u00e1laga y Sevilla con Am\u00e9rica Latina, se dan a conocer los <strong>cantes de ida y vuelta<\/strong>, fundamentalmente: guajira, rumba, colombiana, milonga y vidalita. Aprovechando dicho viaje por el continente americano y los encuentros entre culturas se abordan g\u00e9neros musicales como la guajira-son, el hip-hop, el danz\u00f3n cubano, la m\u00fasica colombiana, el tango rioplatense y el rock. La m\u00fasica cl\u00e1sica de compositores como Beethoven o Mozart tambi\u00e9n tienen cabida en este curso, junto con otros g\u00e9neros de la m\u00fasica popular, como son el pop y el pasodoble.<\/p>\n","protected":false},"excerpt":{"rendered":"<p>A partir de viajes imaginarios que relacionan fundamentalmente a C\u00e1diz, M\u00e1laga y Sevilla con Am\u00e9rica Latina, se dan a conocer los <strong>cantes de ida y vuelta<\/strong>, fundamentalmente: guajira, rumba, colombiana, milonga y vidalita. Aprovechando dicho viaje por el continente americano y los encuentros entre culturas se abordan g\u00e9neros musicales como la guajira-son, el hip-hop, el danz\u00f3n cubano, la m\u00fasica colombiana, el tango rioplatense y el rock. La m\u00fasica cl\u00e1sica de compositores como Beethoven o Mozart tambi\u00e9n tienen cabida en este curso, junto con otros g\u00e9neros de la m\u00fasica popular, como son el pop y el pasodoble.<\/p>\n","protected":false},"featured_media":64221,"comment_status":"open","ping_status":"closed","template":"","meta":{"_et_pb_use_builder":"","_et_pb_old_content":"","_et_gb_content_width":""},"product_cat":[11901,11859,11917],"product_tag":[11860],"edicion":[11865],"editoriales":[11866],"tienda":[],"autor_id":[13939,14431,19902,19903],"universidades_coeditoras":[],"palabras_clave":[],"listado_alfabetico":[],"acf":[],"_links":{"self":[{"href":"https:\/\/wizardly-davinci.82-223-8-23.plesk.page\/en\/wp-json\/wp\/v2\/product\/54780"}],"collection":[{"href":"https:\/\/wizardly-davinci.82-223-8-23.plesk.page\/en\/wp-json\/wp\/v2\/product"}],"about":[{"href":"https:\/\/wizardly-davinci.82-223-8-23.plesk.page\/en\/wp-json\/wp\/v2\/types\/product"}],"replies":[{"embeddable":true,"href":"https:\/\/wizardly-davinci.82-223-8-23.plesk.page\/en\/wp-json\/wp\/v2\/comments?post=54780"}],"wp:featuredmedia":[{"embeddable":true,"href":"https:\/\/wizardly-davinci.82-223-8-23.plesk.page\/en\/wp-json\/wp\/v2\/media\/64221"}],"wp:attachment":[{"href":"https:\/\/wizardly-davinci.82-223-8-23.plesk.page\/en\/wp-json\/wp\/v2\/media?parent=54780"}],"wp:term":[{"taxonomy":"product_cat","embeddable":true,"href":"https:\/\/wizardly-davinci.82-223-8-23.plesk.page\/en\/wp-json\/wp\/v2\/product_cat?post=54780"},{"taxonomy":"product_tag","embeddable":true,"href":"https:\/\/wizardly-davinci.82-223-8-23.plesk.page\/en\/wp-json\/wp\/v2\/product_tag?post=54780"},{"taxonomy":"edicion","embeddable":true,"href":"https:\/\/wizardly-davinci.82-223-8-23.plesk.page\/en\/wp-json\/wp\/v2\/edicion?post=54780"},{"taxonomy":"editoriales","embeddable":true,"href":"https:\/\/wizardly-davinci.82-223-8-23.plesk.page\/en\/wp-json\/wp\/v2\/editoriales?post=54780"},{"taxonomy":"tienda","embeddable":true,"href":"https:\/\/wizardly-davinci.82-223-8-23.plesk.page\/en\/wp-json\/wp\/v2\/tienda?post=54780"},{"taxonomy":"autor_id","embeddable":true,"href":"https:\/\/wizardly-davinci.82-223-8-23.plesk.page\/en\/wp-json\/wp\/v2\/autor_id?post=54780"},{"taxonomy":"universidades_coeditoras","embeddable":true,"href":"https:\/\/wizardly-davinci.82-223-8-23.plesk.page\/en\/wp-json\/wp\/v2\/universidades_coeditoras?post=54780"},{"taxonomy":"palabras_clave","embeddable":true,"href":"https:\/\/wizardly-davinci.82-223-8-23.plesk.page\/en\/wp-json\/wp\/v2\/palabras_clave?post=54780"},{"taxonomy":"listado_alfabetico","embeddable":true,"href":"https:\/\/wizardly-davinci.82-223-8-23.plesk.page\/en\/wp-json\/wp\/v2\/listado_alfabetico?post=54780"}],"curies":[{"name":"wp","href":"https:\/\/api.w.org\/{rel}","templated":true}]}}