{"id":54784,"date":"2019-08-01T08:36:11","date_gmt":"2019-08-01T06:36:11","guid":{"rendered":"https:\/\/octaedro.com\/libro\/a-la-intemperie\/"},"modified":"2023-02-22T13:38:39","modified_gmt":"2023-02-22T12:38:39","slug":"a-la-intemperie-2","status":"publish","type":"product","link":"https:\/\/wizardly-davinci.82-223-8-23.plesk.page\/en\/producto\/a-la-intemperie-2\/","title":{"rendered":"A la intemperie"},"content":{"rendered":"<p>Esta obra recoge el contenido de una serie de conversaciones mantenidas entre el maestro Pedro Ortega y uno de sus m\u00e1s cercanos colaboradores, el profesor Eduardo Romero. En ellas se recoge todo el pensamiento filos\u00f3fico e ideario \u00e9tico de lo que se ha dado en llamar, pedagog\u00eda de la alteridad. En un tono intimista, cr\u00edtico a la vez que optimista, este te\u00f3rico de la educaci\u00f3n reivindica, conjugando erudici\u00f3n, sentimiento y vivencias, la met\u00e1fora de la intemperie como el espacio hist\u00f3rico, finito y material en el que todo individuo vive, aprende y sufre y en donde ha de trabajar su condici\u00f3n humana d\u00eda a d\u00eda.<\/p>\n<p>Con la met\u00e1fora de la intemperie los autores resaltan la vulnerabilidad, la incertidumbre y la provisionalidad como parte inevitable de la condici\u00f3n humana y la causa del desgaste y del deterioro que el hombre sufre con su particular manera de ser y de existir. Un hombre consciente de que su vida es, en s\u00ed misma, problem\u00e1tica, arriesgada, porque su naturaleza no le \u00abresuelve\u00bb su existencia, constantemente expuesto a los avatares y circunstancias que le depara su propia historia de vida. Y es que vivir de modo humano no es algo dado desde el nacimiento ni logrado tan solo a trav\u00e9s de la gen\u00e9tica: es m\u00e1s bien una tarea siempre por hacer, inacabada. Una tarea, que siempre se lleva a cabo en un espacio y en un tiempo concretos, haciendo que la vida, nuestra vida, est\u00e9 sometida a una constante contextualizaci\u00f3n y reinterpretaci\u00f3n. Ha habido un desapego a los principios antropol\u00f3gicos y \u00e9ticos, vertebradores de la educaci\u00f3n, que obliga a tener que volver a las ra\u00edces de todo: qu\u00e9 hombre se quiere promover y para qu\u00e9 sociedad.<\/p>\n","protected":false},"excerpt":{"rendered":"<p>Esta obra recoge el contenido de una serie de conversaciones mantenidas entre el maestro Pedro Ortega y uno de sus m\u00e1s cercanos colaboradores, el profesor Eduardo Romero. En ellas se recoge todo el pensamiento filos\u00f3fico e ideario \u00e9tico de lo que se ha dado en llamar, pedagog\u00eda de la alteridad. En un tono intimista, cr\u00edtico a la vez que optimista, este te\u00f3rico de la educaci\u00f3n reivindica, conjugando erudici\u00f3n, sentimiento y vivencias, la met\u00e1fora de la intemperie como el espacio hist\u00f3rico, finito y material en el que todo individuo vive, aprende y sufre y en donde ha de trabajar su condici\u00f3n humana d\u00eda a d\u00eda.<\/p>\n","protected":false},"featured_media":51893,"comment_status":"open","ping_status":"closed","template":"","meta":{"_et_pb_use_builder":"","_et_pb_old_content":"","_et_gb_content_width":""},"product_cat":[11858,11859,11907],"product_tag":[11860],"edicion":[11865],"editoriales":[11867],"tienda":[],"autor_id":[19905,19906],"universidades_coeditoras":[],"palabras_clave":[],"listado_alfabetico":[],"acf":[],"_links":{"self":[{"href":"https:\/\/wizardly-davinci.82-223-8-23.plesk.page\/en\/wp-json\/wp\/v2\/product\/54784"}],"collection":[{"href":"https:\/\/wizardly-davinci.82-223-8-23.plesk.page\/en\/wp-json\/wp\/v2\/product"}],"about":[{"href":"https:\/\/wizardly-davinci.82-223-8-23.plesk.page\/en\/wp-json\/wp\/v2\/types\/product"}],"replies":[{"embeddable":true,"href":"https:\/\/wizardly-davinci.82-223-8-23.plesk.page\/en\/wp-json\/wp\/v2\/comments?post=54784"}],"wp:featuredmedia":[{"embeddable":true,"href":"https:\/\/wizardly-davinci.82-223-8-23.plesk.page\/en\/wp-json\/wp\/v2\/media\/51893"}],"wp:attachment":[{"href":"https:\/\/wizardly-davinci.82-223-8-23.plesk.page\/en\/wp-json\/wp\/v2\/media?parent=54784"}],"wp:term":[{"taxonomy":"product_cat","embeddable":true,"href":"https:\/\/wizardly-davinci.82-223-8-23.plesk.page\/en\/wp-json\/wp\/v2\/product_cat?post=54784"},{"taxonomy":"product_tag","embeddable":true,"href":"https:\/\/wizardly-davinci.82-223-8-23.plesk.page\/en\/wp-json\/wp\/v2\/product_tag?post=54784"},{"taxonomy":"edicion","embeddable":true,"href":"https:\/\/wizardly-davinci.82-223-8-23.plesk.page\/en\/wp-json\/wp\/v2\/edicion?post=54784"},{"taxonomy":"editoriales","embeddable":true,"href":"https:\/\/wizardly-davinci.82-223-8-23.plesk.page\/en\/wp-json\/wp\/v2\/editoriales?post=54784"},{"taxonomy":"tienda","embeddable":true,"href":"https:\/\/wizardly-davinci.82-223-8-23.plesk.page\/en\/wp-json\/wp\/v2\/tienda?post=54784"},{"taxonomy":"autor_id","embeddable":true,"href":"https:\/\/wizardly-davinci.82-223-8-23.plesk.page\/en\/wp-json\/wp\/v2\/autor_id?post=54784"},{"taxonomy":"universidades_coeditoras","embeddable":true,"href":"https:\/\/wizardly-davinci.82-223-8-23.plesk.page\/en\/wp-json\/wp\/v2\/universidades_coeditoras?post=54784"},{"taxonomy":"palabras_clave","embeddable":true,"href":"https:\/\/wizardly-davinci.82-223-8-23.plesk.page\/en\/wp-json\/wp\/v2\/palabras_clave?post=54784"},{"taxonomy":"listado_alfabetico","embeddable":true,"href":"https:\/\/wizardly-davinci.82-223-8-23.plesk.page\/en\/wp-json\/wp\/v2\/listado_alfabetico?post=54784"}],"curies":[{"name":"wp","href":"https:\/\/api.w.org\/{rel}","templated":true}]}}