{"id":54787,"date":"2019-07-30T09:39:05","date_gmt":"2019-07-30T09:39:05","guid":{"rendered":"https:\/\/octaedro.com\/libro\/innovacion-docente-en-el-grado-de-educacion-primaria\/"},"modified":"2023-02-22T13:38:39","modified_gmt":"2023-02-22T12:38:39","slug":"innovacion-docente-en-el-grado-de-educacion-primaria-2","status":"publish","type":"product","link":"https:\/\/wizardly-davinci.82-223-8-23.plesk.page\/en\/producto\/innovacion-docente-en-el-grado-de-educacion-primaria-2\/","title":{"rendered":"Innovaci\u00f3n docente en el Grado de Educaci\u00f3n Primaria"},"content":{"rendered":"<p>La innovaci\u00f3n docente en las aulas universitarias ha adquirido un protagonismo cada vez mayor a ra\u00edz de la implantaci\u00f3n del Espacio Europeo de Educaci\u00f3n Superior, poniendo de manifiesto la necesidad de alinear los modelos de ense\u00f1anza universitaria con las nuevas demandas sociales y profesionales. La preocupaci\u00f3n por una docencia de calidad se ha incorporado progresivamente en los centros de ense\u00f1anza superior, consolid\u00e1ndose como una de las l\u00edneas de actuaci\u00f3n estrat\u00e9gica de la pol\u00edtica universitaria. La formaci\u00f3n competencial, que capacite a los estudiantes para el dominio de habilidades imprescindibles en la sociedad del conocimiento y la informaci\u00f3n, es un camino ya iniciado en gran parte de las universidades espa\u00f1olas.<\/p>\n","protected":false},"excerpt":{"rendered":"<p>La innovaci\u00f3n docente en las aulas universitarias ha adquirido un protagonismo cada vez mayor a ra\u00edz de la implantaci\u00f3n del Espacio Europeo de Educaci\u00f3n Superior, poniendo de manifiesto la necesidad de alinear los modelos de ense\u00f1anza universitaria con las nuevas demandas sociales y profesionales. La preocupaci\u00f3n por una docencia de calidad se ha incorporado progresivamente en los centros de ense\u00f1anza superior, consolid\u00e1ndose como una de las l\u00edneas de actuaci\u00f3n estrat\u00e9gica de la pol\u00edtica universitaria. La formaci\u00f3n competencial, que capacite a los estudiantes para el dominio de habilidades imprescindibles en la sociedad del conocimiento y la informaci\u00f3n, es un camino ya iniciado en gran parte de las universidades espa\u00f1olas.<\/p>\n","protected":false},"featured_media":51889,"comment_status":"open","ping_status":"closed","template":"","meta":{"_et_pb_use_builder":"","_et_pb_old_content":"","_et_gb_content_width":""},"product_cat":[11913,11900],"product_tag":[11887],"edicion":[12178],"editoriales":[11867],"tienda":[],"autor_id":[14543,19913],"universidades_coeditoras":[12636],"palabras_clave":[],"listado_alfabetico":[],"acf":[],"_links":{"self":[{"href":"https:\/\/wizardly-davinci.82-223-8-23.plesk.page\/en\/wp-json\/wp\/v2\/product\/54787"}],"collection":[{"href":"https:\/\/wizardly-davinci.82-223-8-23.plesk.page\/en\/wp-json\/wp\/v2\/product"}],"about":[{"href":"https:\/\/wizardly-davinci.82-223-8-23.plesk.page\/en\/wp-json\/wp\/v2\/types\/product"}],"replies":[{"embeddable":true,"href":"https:\/\/wizardly-davinci.82-223-8-23.plesk.page\/en\/wp-json\/wp\/v2\/comments?post=54787"}],"wp:featuredmedia":[{"embeddable":true,"href":"https:\/\/wizardly-davinci.82-223-8-23.plesk.page\/en\/wp-json\/wp\/v2\/media\/51889"}],"wp:attachment":[{"href":"https:\/\/wizardly-davinci.82-223-8-23.plesk.page\/en\/wp-json\/wp\/v2\/media?parent=54787"}],"wp:term":[{"taxonomy":"product_cat","embeddable":true,"href":"https:\/\/wizardly-davinci.82-223-8-23.plesk.page\/en\/wp-json\/wp\/v2\/product_cat?post=54787"},{"taxonomy":"product_tag","embeddable":true,"href":"https:\/\/wizardly-davinci.82-223-8-23.plesk.page\/en\/wp-json\/wp\/v2\/product_tag?post=54787"},{"taxonomy":"edicion","embeddable":true,"href":"https:\/\/wizardly-davinci.82-223-8-23.plesk.page\/en\/wp-json\/wp\/v2\/edicion?post=54787"},{"taxonomy":"editoriales","embeddable":true,"href":"https:\/\/wizardly-davinci.82-223-8-23.plesk.page\/en\/wp-json\/wp\/v2\/editoriales?post=54787"},{"taxonomy":"tienda","embeddable":true,"href":"https:\/\/wizardly-davinci.82-223-8-23.plesk.page\/en\/wp-json\/wp\/v2\/tienda?post=54787"},{"taxonomy":"autor_id","embeddable":true,"href":"https:\/\/wizardly-davinci.82-223-8-23.plesk.page\/en\/wp-json\/wp\/v2\/autor_id?post=54787"},{"taxonomy":"universidades_coeditoras","embeddable":true,"href":"https:\/\/wizardly-davinci.82-223-8-23.plesk.page\/en\/wp-json\/wp\/v2\/universidades_coeditoras?post=54787"},{"taxonomy":"palabras_clave","embeddable":true,"href":"https:\/\/wizardly-davinci.82-223-8-23.plesk.page\/en\/wp-json\/wp\/v2\/palabras_clave?post=54787"},{"taxonomy":"listado_alfabetico","embeddable":true,"href":"https:\/\/wizardly-davinci.82-223-8-23.plesk.page\/en\/wp-json\/wp\/v2\/listado_alfabetico?post=54787"}],"curies":[{"name":"wp","href":"https:\/\/api.w.org\/{rel}","templated":true}]}}