{"id":54788,"date":"2019-07-25T11:39:29","date_gmt":"2019-07-25T11:39:29","guid":{"rendered":"https:\/\/octaedro.com\/libro\/competencias-docentes-en-tic-y-discapacidad-en-el-contexto-espanol-e-internacional\/"},"modified":"2023-02-22T13:38:39","modified_gmt":"2023-02-22T12:38:39","slug":"competencias-docentes-en-tic-y-discapacidad-en-el-contexto-espanol-e-internacional-2","status":"publish","type":"product","link":"https:\/\/wizardly-davinci.82-223-8-23.plesk.page\/en\/producto\/competencias-docentes-en-tic-y-discapacidad-en-el-contexto-espanol-e-internacional-2\/","title":{"rendered":"Competencias docentes en TIC y discapacidad en el contexto espa\u00f1ol e internacional"},"content":{"rendered":"<p>Durante los \u00faltimos a\u00f1os, una parte de la investigaci\u00f3n en tecnolog\u00eda educativa se ha centrado en el an\u00e1lisis del conjunto de conocimientos, destrezas y actitudes que todos los individuos necesitamos para sobrevivir en la sociedad de la informaci\u00f3n y la comunicaci\u00f3n. Y en este contexto, los procesos de aprendizaje no son una excepci\u00f3n.<\/p>\n<p>En el \u00e1mbito educativo, las TIC suponen una gran ayuda para que el alumnado acceda a la informaci\u00f3n e interact\u00faen todos en condiciones de igualdad. En este sentido, se requieren docentes competentes en el uso de las tecnolog\u00edas de la informaci\u00f3n y la comunicaci\u00f3n (TIC), ya que se enfrentan a multitud de tareas simples o complejas mediadas por la tecnolog\u00eda (planificaci\u00f3n, intervenci\u00f3n, comunicaci\u00f3n, evaluaci\u00f3n, gesti\u00f3n, etc.), y ello implementado en contextos de diversidad. En esta l\u00ednea, las TIC suponen un puente en la promoci\u00f3n del aprendizaje del alumnado con discapacidad, ya que propician nuevas metodolog\u00edas y estrategias did\u00e1cticas, y facilitan la comunicaci\u00f3n e interacci\u00f3n entre las personas, independientemente de su limitaci\u00f3n.<\/p>\n<p>El presente libro tiene por objetivo principal acercar al profesorado, tanto universitario como de niveles no universitarios, al \u00e1mbito de la investigaci\u00f3n en TIC y discapacidad, ofreciendo al mismo tiempo diversas investigaciones que van desde el estado actual de la cuesti\u00f3n, hasta un panorama real del nivel de formaci\u00f3n y capacitaci\u00f3n que presenta el profesorado de Educaci\u00f3n Primaria en relaci\u00f3n con las tecnolog\u00edas y la discapacidad.<\/p>\n","protected":false},"excerpt":{"rendered":"<p>Durante los \u00faltimos a\u00f1os, una parte de la investigaci\u00f3n en tecnolog\u00eda educativa se ha centrado en el an\u00e1lisis del conjunto de conocimientos, destrezas y actitudes que todos los individuos necesitamos para sobrevivir en la sociedad de la informaci\u00f3n y la comunicaci\u00f3n. Y en este contexto, los procesos de aprendizaje no son una excepci\u00f3n.<\/p>\n<p>En el \u00e1mbito educativo, las TIC suponen una gran ayuda para que el alumnado acceda a la informaci\u00f3n e interact\u00faen todos en condiciones de igualdad. En este sentido, se requieren docentes competentes en el uso de las tecnolog\u00edas de la informaci\u00f3n y la comunicaci\u00f3n (TIC), ya que se enfrentan a multitud de tareas simples o complejas mediadas por la tecnolog\u00eda (planificaci\u00f3n, intervenci\u00f3n, comunicaci\u00f3n, evaluaci\u00f3n, gesti\u00f3n, etc.), y ello implementado en contextos de diversidad. En esta l\u00ednea, las TIC suponen un puente en la promoci\u00f3n del aprendizaje del alumnado con discapacidad, ya que propician nuevas metodolog\u00edas y estrategias did\u00e1cticas, y facilitan la comunicaci\u00f3n e interacci\u00f3n entre las personas, independientemente de su limitaci\u00f3n.<\/p>\n<p>El presente libro tiene por objetivo principal acercar al profesorado, tanto universitario como de niveles no universitarios, al \u00e1mbito de la investigaci\u00f3n en TIC y discapacidad, ofreciendo al mismo tiempo diversas investigaciones que van desde el estado actual de la cuesti\u00f3n, hasta un panorama real del nivel de formaci\u00f3n y capacitaci\u00f3n que presenta el profesorado de Educaci\u00f3n Primaria en relaci\u00f3n con las tecnolog\u00edas y la discapacidad.<\/p>\n","protected":false},"featured_media":54789,"comment_status":"open","ping_status":"closed","template":"","meta":{"_et_pb_use_builder":"","_et_pb_old_content":"","_et_gb_content_width":""},"product_cat":[11899,11913,11907],"product_tag":[11890],"edicion":[12178],"editoriales":[11867],"tienda":[],"autor_id":[14202],"universidades_coeditoras":[12270],"palabras_clave":[],"listado_alfabetico":[],"acf":[],"_links":{"self":[{"href":"https:\/\/wizardly-davinci.82-223-8-23.plesk.page\/en\/wp-json\/wp\/v2\/product\/54788"}],"collection":[{"href":"https:\/\/wizardly-davinci.82-223-8-23.plesk.page\/en\/wp-json\/wp\/v2\/product"}],"about":[{"href":"https:\/\/wizardly-davinci.82-223-8-23.plesk.page\/en\/wp-json\/wp\/v2\/types\/product"}],"replies":[{"embeddable":true,"href":"https:\/\/wizardly-davinci.82-223-8-23.plesk.page\/en\/wp-json\/wp\/v2\/comments?post=54788"}],"wp:featuredmedia":[{"embeddable":true,"href":"https:\/\/wizardly-davinci.82-223-8-23.plesk.page\/en\/wp-json\/wp\/v2\/media\/54789"}],"wp:attachment":[{"href":"https:\/\/wizardly-davinci.82-223-8-23.plesk.page\/en\/wp-json\/wp\/v2\/media?parent=54788"}],"wp:term":[{"taxonomy":"product_cat","embeddable":true,"href":"https:\/\/wizardly-davinci.82-223-8-23.plesk.page\/en\/wp-json\/wp\/v2\/product_cat?post=54788"},{"taxonomy":"product_tag","embeddable":true,"href":"https:\/\/wizardly-davinci.82-223-8-23.plesk.page\/en\/wp-json\/wp\/v2\/product_tag?post=54788"},{"taxonomy":"edicion","embeddable":true,"href":"https:\/\/wizardly-davinci.82-223-8-23.plesk.page\/en\/wp-json\/wp\/v2\/edicion?post=54788"},{"taxonomy":"editoriales","embeddable":true,"href":"https:\/\/wizardly-davinci.82-223-8-23.plesk.page\/en\/wp-json\/wp\/v2\/editoriales?post=54788"},{"taxonomy":"tienda","embeddable":true,"href":"https:\/\/wizardly-davinci.82-223-8-23.plesk.page\/en\/wp-json\/wp\/v2\/tienda?post=54788"},{"taxonomy":"autor_id","embeddable":true,"href":"https:\/\/wizardly-davinci.82-223-8-23.plesk.page\/en\/wp-json\/wp\/v2\/autor_id?post=54788"},{"taxonomy":"universidades_coeditoras","embeddable":true,"href":"https:\/\/wizardly-davinci.82-223-8-23.plesk.page\/en\/wp-json\/wp\/v2\/universidades_coeditoras?post=54788"},{"taxonomy":"palabras_clave","embeddable":true,"href":"https:\/\/wizardly-davinci.82-223-8-23.plesk.page\/en\/wp-json\/wp\/v2\/palabras_clave?post=54788"},{"taxonomy":"listado_alfabetico","embeddable":true,"href":"https:\/\/wizardly-davinci.82-223-8-23.plesk.page\/en\/wp-json\/wp\/v2\/listado_alfabetico?post=54788"}],"curies":[{"name":"wp","href":"https:\/\/api.w.org\/{rel}","templated":true}]}}