{"id":54812,"date":"2019-07-01T11:21:38","date_gmt":"2019-07-01T09:21:38","guid":{"rendered":"https:\/\/octaedro.com\/libro\/formar-y-transformar-lengua-castellana-y-literatura-en-eso-y-bachillerato\/"},"modified":"2023-02-22T13:38:44","modified_gmt":"2023-02-22T12:38:44","slug":"formar-y-transformar-lengua-castellana-y-literatura-en-eso-y-bachillerato-2","status":"publish","type":"product","link":"https:\/\/wizardly-davinci.82-223-8-23.plesk.page\/en\/producto\/formar-y-transformar-lengua-castellana-y-literatura-en-eso-y-bachillerato-2\/","title":{"rendered":"Formar y transformar: Lengua castellana y Literatura en ESO y Bachillerato"},"content":{"rendered":"<p><span style=\"font-weight: 400;\">Este libro est\u00e1 destinado a los docentes de <\/span><i><span style=\"font-weight: 400;\">Lengua castellana <\/span><\/i><span style=\"font-weight: 400;\">y <\/span><i><span style=\"font-weight: 400;\">Literatura<\/span><\/i><span style=\"font-weight: 400;\">, tanto a quienes a\u00fan no han afrontado la tarea \u2013y desconocen los retos que implica\u2013 como a quienes diariamente en el aula sienten la necesidad de renovar y actualizar sus conocimientos y actuaciones.<\/span><\/p>\n<p><span style=\"font-weight: 400;\">Tiene como punto de partida el desarrollo de competencias a partir de una selecci\u00f3n de propuestas que, gracias a su fundamento te\u00f3rico, permitir\u00e1n, en la pr\u00e1ctica, abrir v\u00edas y mostrar la rentabilidad de nuevos caminos. Los ejemplos y las investigaciones que se presentan no acaban en s\u00ed mismos, sino que invitan a cada profesional a que, seg\u00fan sus conocimientos, intenciones, capacidades y contexto, los adapte con un objetivo esencial: la adquisici\u00f3n y el desarrollo de la competencia comunicativa del alumnado, a sabiendas de que ello implica mejorar las destrezas comunicativas habituales (hablar, leer, escribir, escuchar, conversar).<\/span><\/p>\n<p><span style=\"font-weight: 400;\">Tres son los apartados que articulan el volumen: el primero revisa los principales conceptos que est\u00e1n implicados en la materia de lengua castellana y literatura; el segundo lleva a cabo su concreci\u00f3n curricular dentro de la actual legislaci\u00f3n y deja abierta la posibilidad de adaptar los contenidos a otras normativas; la \u00faltima parte se dedica al docente como investigador e innovador en el aula, requisito imprescindible para la mejora del sistema educativo y garante de la satisfacci\u00f3n personal. <\/span><\/p>\n","protected":false},"excerpt":{"rendered":"<p><span style=\"font-weight: 400;\">Este libro est\u00e1 destinado a los docentes de <\/span><i><span style=\"font-weight: 400;\">Lengua castellana <\/span><\/i><span style=\"font-weight: 400;\">y <\/span><i><span style=\"font-weight: 400;\">Literatura<\/span><\/i><span style=\"font-weight: 400;\">, tanto a quienes a\u00fan no han afrontado la tarea \u2013y desconocen los retos que implica\u2013 como a quienes diariamente en el aula sienten la necesidad de renovar y actualizar sus conocimientos y actuaciones.<\/span><\/p>\n<p><span style=\"font-weight: 400;\">Tiene como punto de partida el desarrollo de competencias a partir de una selecci\u00f3n de propuestas que, gracias a su fundamento te\u00f3rico, permitir\u00e1n, en la pr\u00e1ctica, abrir v\u00edas y mostrar la rentabilidad de nuevos caminos. Los ejemplos y las investigaciones que se presentan no acaban en s\u00ed mismos, sino que invitan a cada profesional a que, seg\u00fan sus conocimientos, intenciones, capacidades y contexto, los adapte con un objetivo esencial: la adquisici\u00f3n y el desarrollo de la competencia comunicativa del alumnado, a sabiendas de que ello implica mejorar las destrezas comunicativas habituales (hablar, leer, escribir, escuchar, conversar).<\/span><\/p>\n<p><span style=\"font-weight: 400;\">Tres son los apartados que articulan el volumen: el primero revisa los principales conceptos que est\u00e1n implicados en la materia de lengua castellana y literatura; el segundo lleva a cabo su concreci\u00f3n curricular dentro de la actual legislaci\u00f3n y deja abierta la posibilidad de adaptar los contenidos a otras normativas; la \u00faltima parte se dedica al docente como investigador e innovador en el aula, requisito imprescindible para la mejora del sistema educativo y garante de la satisfacci\u00f3n personal. <\/span><\/p>\n","protected":false},"featured_media":54813,"comment_status":"open","ping_status":"closed","template":"","meta":{"_et_pb_use_builder":"","_et_pb_old_content":"","_et_gb_content_width":""},"product_cat":[11858,11859,11907],"product_tag":[11860],"edicion":[11865],"editoriales":[11867],"tienda":[],"autor_id":[14365,19932],"universidades_coeditoras":[14896],"palabras_clave":[],"listado_alfabetico":[],"acf":[],"_links":{"self":[{"href":"https:\/\/wizardly-davinci.82-223-8-23.plesk.page\/en\/wp-json\/wp\/v2\/product\/54812"}],"collection":[{"href":"https:\/\/wizardly-davinci.82-223-8-23.plesk.page\/en\/wp-json\/wp\/v2\/product"}],"about":[{"href":"https:\/\/wizardly-davinci.82-223-8-23.plesk.page\/en\/wp-json\/wp\/v2\/types\/product"}],"replies":[{"embeddable":true,"href":"https:\/\/wizardly-davinci.82-223-8-23.plesk.page\/en\/wp-json\/wp\/v2\/comments?post=54812"}],"wp:featuredmedia":[{"embeddable":true,"href":"https:\/\/wizardly-davinci.82-223-8-23.plesk.page\/en\/wp-json\/wp\/v2\/media\/54813"}],"wp:attachment":[{"href":"https:\/\/wizardly-davinci.82-223-8-23.plesk.page\/en\/wp-json\/wp\/v2\/media?parent=54812"}],"wp:term":[{"taxonomy":"product_cat","embeddable":true,"href":"https:\/\/wizardly-davinci.82-223-8-23.plesk.page\/en\/wp-json\/wp\/v2\/product_cat?post=54812"},{"taxonomy":"product_tag","embeddable":true,"href":"https:\/\/wizardly-davinci.82-223-8-23.plesk.page\/en\/wp-json\/wp\/v2\/product_tag?post=54812"},{"taxonomy":"edicion","embeddable":true,"href":"https:\/\/wizardly-davinci.82-223-8-23.plesk.page\/en\/wp-json\/wp\/v2\/edicion?post=54812"},{"taxonomy":"editoriales","embeddable":true,"href":"https:\/\/wizardly-davinci.82-223-8-23.plesk.page\/en\/wp-json\/wp\/v2\/editoriales?post=54812"},{"taxonomy":"tienda","embeddable":true,"href":"https:\/\/wizardly-davinci.82-223-8-23.plesk.page\/en\/wp-json\/wp\/v2\/tienda?post=54812"},{"taxonomy":"autor_id","embeddable":true,"href":"https:\/\/wizardly-davinci.82-223-8-23.plesk.page\/en\/wp-json\/wp\/v2\/autor_id?post=54812"},{"taxonomy":"universidades_coeditoras","embeddable":true,"href":"https:\/\/wizardly-davinci.82-223-8-23.plesk.page\/en\/wp-json\/wp\/v2\/universidades_coeditoras?post=54812"},{"taxonomy":"palabras_clave","embeddable":true,"href":"https:\/\/wizardly-davinci.82-223-8-23.plesk.page\/en\/wp-json\/wp\/v2\/palabras_clave?post=54812"},{"taxonomy":"listado_alfabetico","embeddable":true,"href":"https:\/\/wizardly-davinci.82-223-8-23.plesk.page\/en\/wp-json\/wp\/v2\/listado_alfabetico?post=54812"}],"curies":[{"name":"wp","href":"https:\/\/api.w.org\/{rel}","templated":true}]}}